{"id":3030,"date":"2020-01-19T19:33:19","date_gmt":"2020-01-19T18:33:19","guid":{"rendered":"http:\/\/klubmamgdynia.pl\/index.php\/produkt\/nici-q-pootle-35cm\/"},"modified":"2026-04-05T21:52:59","modified_gmt":"2026-04-05T19:52:59","slug":"nici-q-pootle-35cm","status":"publish","type":"product","link":"http:\/\/klubmamgdynia.pl\/index.php\/produkt\/nici-q-pootle-35cm\/","title":{"rendered":"Nici Q Pootle 35Cm"},"content":{"rendered":"<p>Sympatyczny may kosmita PootleMikki, wietnej jakoci plusz marki NiciMaskotka 35cm<\/p>\n<h2>Nici Q Pootle 35Cm Nici<\/h2>\n<p>jak narysowa\u0107 oko, molo w brze\u017anie, m.i.a., gad\u017cety dla m\u0142odzie\u017cy 2020, w\u0142ochy, znaki drogowe quiz<\/p>\n<p>yyyyy<\/p>\n<p>&nbsp;<\/p>\n","protected":false},"excerpt":{"rendered":"<p>Sympatyczny may kosmita PootleMikki, wietnej jakoci plusz marki NiciMaskotka 35cm Nici Q Pootle 35Cm Nici jak narysowa\u0107 oko, molo w brze\u017anie, m.i.a., gad\u017cety dla m\u0142odzie\u017cy 2020, w\u0142ochy, znaki drogowe quiz yyyyy &nbsp;<\/p>\n","protected":false},"featured_media":3031,"comment_status":"closed","ping_status":"open","template":"","meta":[],"product_cat":[42,961],"product_tag":[845,825,635],"class_list":["post-3030","product","type-product","status-publish","has-post-thumbnail","hentry","product_cat-maskotki","product_cat-nici","product_tag-ach-spij-kochanie-tekst","product_tag-bajka-na-dobranoc-do-czytania","product_tag-znaki-drogowe-do-druku"],"_links":{"self":[{"href":"http:\/\/klubmamgdynia.pl\/index.php\/wp-json\/wp\/v2\/product\/3030","targetHints":{"allow":["GET"]}}],"collection":[{"href":"http:\/\/klubmamgdynia.pl\/index.php\/wp-json\/wp\/v2\/product"}],"about":[{"href":"http:\/\/klubmamgdynia.pl\/index.php\/wp-json\/wp\/v2\/types\/product"}],"replies":[{"embeddable":true,"href":"http:\/\/klubmamgdynia.pl\/index.php\/wp-json\/wp\/v2\/comments?post=3030"}],"wp:featuredmedia":[{"embeddable":true,"href":"http:\/\/klubmamgdynia.pl\/index.php\/wp-json\/wp\/v2\/media\/3031"}],"wp:attachment":[{"href":"http:\/\/klubmamgdynia.pl\/index.php\/wp-json\/wp\/v2\/media?parent=3030"}],"wp:term":[{"taxonomy":"product_cat","embeddable":true,"href":"http:\/\/klubmamgdynia.pl\/index.php\/wp-json\/wp\/v2\/product_cat?post=3030"},{"taxonomy":"product_tag","embeddable":true,"href":"http:\/\/klubmamgdynia.pl\/index.php\/wp-json\/wp\/v2\/product_tag?post=3030"}],"curies":[{"name":"wp","href":"https:\/\/api.w.org\/{rel}","templated":true}]}}