{"id":3032,"date":"2011-05-05T22:56:00","date_gmt":"2011-05-05T20:56:00","guid":{"rendered":"http:\/\/klubmamgdynia.pl\/index.php\/produkt\/yellowtipi-kosz-na-zabawki-tobi-zielony-40x50cm-magic-collection\/"},"modified":"2026-04-29T16:25:45","modified_gmt":"2026-04-29T14:25:45","slug":"yellowtipi-kosz-na-zabawki-tobi-zielony-40x50cm-magic-collection","status":"publish","type":"product","link":"http:\/\/klubmamgdynia.pl\/index.php\/produkt\/yellowtipi-kosz-na-zabawki-tobi-zielony-40x50cm-magic-collection\/","title":{"rendered":"Yellowtipi Kosz na zabawki Tobi zielony 40x50cm Magic Collection"},"content":{"rendered":"<p>Tobi to pojemny, materia\u0142owy kosz na zabawki, koce, ubrania i wszelkie skarby Twojej pociechy.Niezb\u0119dny w pokoju dziecka, poniewa\u017c pomaga utrzyma\u0107 porz\u0105dek, a dodatkowo ozdabia wn\u0119trze pi\u0119knym kolorem lub wzorem wybranym z kolekcji naszych magicznych tkanin. Mo\u017cesz go skompletowa\u0107 z pozosta\u0142ymi produktami z wybranej przez Ciebie serii. Posiada por\u0119czne uszy i wype\u0142niony jest grub\u0105 ovat\u0105, dzi\u0119ki kt\u00f3rej jest mi\u0119kki i jednocze\u015bnie trzymaj\u0105cy form\u0119. Dwustronnie kolorowy lub wzorzysty. Idealnie pasuje do naszych pozosta\u0142ych produkt\u00f3w, w tym do tipi.\u0141atwo utrzyma\u0107 go w czysto\u015bci, poniewa\u017c nadaje si\u0119 do prania w pralce. Dost\u0119pny w trzech rozmiarach: &#8211; ma\u0142y: \u015br. 30 cm, wys. 40 cm, &#8211; \u015bredni: \u015br. 40 cm, wys. 50 cm, &#8211; du\u017cy: \u015br. 40cm, wys. 60 cm.<\/p>\n<h2>Yellowtipi Kosz na zabawki Tobi zielony 40x50cm Magic Collection Yellow Tipi<\/h2>\n<p>cytaty o dzieciach i rodzinie, cicha noc po angielsku, mia\u0142a baba koguta tekst, \u0142amig\u0142\u00f3wki matematyczne, imie nadia, pewna \u017caba by\u0142a s\u0142aba, atrakcje dla dzieci warszawa, darmowy szablon list do miko\u0142aja, w zieleni \u0142\u0105ka majowa tekst<\/p>\n<p>yyyyy<\/p>\n<p>&nbsp;<\/p>\n","protected":false},"excerpt":{"rendered":"<p>Tobi to pojemny, materia\u0142owy kosz na zabawki, koce, ubrania i wszelkie skarby Twojej pociechy.Niezb\u0119dny w pokoju dziecka, poniewa\u017c pomaga utrzyma\u0107 porz\u0105dek, a dodatkowo ozdabia wn\u0119trze pi\u0119knym kolorem lub wzorem wybranym z kolekcji naszych magicznych tkanin. Mo\u017cesz go skompletowa\u0107 z pozosta\u0142ymi produktami z wybranej przez Ciebie serii. Posiada por\u0119czne uszy i wype\u0142niony jest grub\u0105 ovat\u0105, dzi\u0119ki [&hellip;]<\/p>\n","protected":false},"featured_media":3033,"comment_status":"closed","ping_status":"open","template":"","meta":[],"product_cat":[990,287],"product_tag":[728,689,704,589,620],"class_list":["post-3032","product","type-product","status-publish","has-post-thumbnail","hentry","product_cat-skrzynie-i-pojemniki-na-zabawki","product_cat-yellow-tipi","product_tag-bezwarunkowa-milosc-do-dziecka-cytaty","product_tag-linda","product_tag-prezent-dla-nastolatka","product_tag-prezent-dla-rocznego-dziecka","product_tag-quiz-opowiesci-z-narnii"],"_links":{"self":[{"href":"http:\/\/klubmamgdynia.pl\/index.php\/wp-json\/wp\/v2\/product\/3032","targetHints":{"allow":["GET"]}}],"collection":[{"href":"http:\/\/klubmamgdynia.pl\/index.php\/wp-json\/wp\/v2\/product"}],"about":[{"href":"http:\/\/klubmamgdynia.pl\/index.php\/wp-json\/wp\/v2\/types\/product"}],"replies":[{"embeddable":true,"href":"http:\/\/klubmamgdynia.pl\/index.php\/wp-json\/wp\/v2\/comments?post=3032"}],"wp:featuredmedia":[{"embeddable":true,"href":"http:\/\/klubmamgdynia.pl\/index.php\/wp-json\/wp\/v2\/media\/3033"}],"wp:attachment":[{"href":"http:\/\/klubmamgdynia.pl\/index.php\/wp-json\/wp\/v2\/media?parent=3032"}],"wp:term":[{"taxonomy":"product_cat","embeddable":true,"href":"http:\/\/klubmamgdynia.pl\/index.php\/wp-json\/wp\/v2\/product_cat?post=3032"},{"taxonomy":"product_tag","embeddable":true,"href":"http:\/\/klubmamgdynia.pl\/index.php\/wp-json\/wp\/v2\/product_tag?post=3032"}],"curies":[{"name":"wp","href":"https:\/\/api.w.org\/{rel}","templated":true}]}}