{"id":3036,"date":"2010-12-25T08:44:44","date_gmt":"2010-12-25T07:44:44","guid":{"rendered":"http:\/\/klubmamgdynia.pl\/index.php\/produkt\/fotelik-samochodowy-maxi-cosi-titan-plus-authentic-grey-9-36kg\/"},"modified":"2026-04-04T15:34:20","modified_gmt":"2026-04-04T13:34:20","slug":"fotelik-samochodowy-maxi-cosi-titan-plus-authentic-grey-9-36kg","status":"publish","type":"product","link":"http:\/\/klubmamgdynia.pl\/index.php\/produkt\/fotelik-samochodowy-maxi-cosi-titan-plus-authentic-grey-9-36kg\/","title":{"rendered":"Fotelik samochodowy Maxi Cosi Titan Plus Authentic Grey 9-36Kg"},"content":{"rendered":"<p>_                            <\/p>\n<p>Titan Plus____Ro\u015bnij w komforcie<br \/>\nOd ok. 9 miesi\u0105ca do 12 roku \u017cycia9 &#8211; 36 kgColour Swatch Authentic Grey                            <\/p>\n<p>\u00a0                            <\/p>\n<p>Dlaczego warto wybra\u0107 ten produkt?                            <\/p>\n<p>D\u0142ugi okres u\u017cytkowania od 9 miesi\u0105ca do 12 roku \u017cycia________Nasz trwa\u0142y fotelik samochodowy Titan Plus jest przeznaczony dla dzieci w wieku od 9 miesi\u0119cy do 12 lat (grupa 1\/2\/3).                            <\/p>\n<p>Dodatkowe watowanie dla wi\u0119kszego komfortu<br \/>\n________Dodatkowa wy\u015bci\u00f3\u0142ka we wk\u0142adce, zag\u0142\u00f3wku i siedzisku zapewnia maluchowi wygod\u0119 przez ca\u0142y czas.                            <\/p>\n<p>System ClimaFlow na potrzeby kontroli temperatury<br \/>\n________Funkcja ClimaFlow oznacza specjalny wykr\u00f3j oparcia i zastosowanie w nim pianki, dzi\u0119ki czemu dziecku nie b\u0119dzie w podr\u00f3\u017cy ani za ciep\u0142o, ani za zimno!                            <\/p>\n<p>\u0141atwe sadzanie dziecka<br \/>\n________Wygodne zaczepy pas\u00f3w po obu stronach fotelika Titan Plus sprawiaj\u0105, \u017ce szelki uprz\u0119\u017cy s\u0105 odchylone na boki, co u\u0142atwia sadzanie dziecka w foteliku.                            <\/p>\n<p>Opis produktuJeden fotelik samochodowy zapewniaj\u0105cy pe\u0142en komfort dzieciom w ka\u017cdym wieku! Nasz trwa\u0142y fotelik samochodowy Maxi-Cosi Titan Plus zapewni Twoim dzieciom wygod\u0119 niezale\u017cnie od tego, czy maj\u0105 9 miesi\u0119cy czy 12 lat. Fotelik ten jest wyposa\u017cony w dodatkow\u0105 wy\u015bci\u00f3\u0142k\u0119 w najwa\u017cniejszych miejscach.__________                            <\/p>\n<p>Monta\u017cFotelik Titan Plus mo\u017cna \u0142atwo zamontowa\u0107 w samochodzie, korzystaj\u0105c z dost\u0119pnych w nim punkt\u00f3w mocuj\u0105cych ISOFIX. Trzeci punkt zakotwiczenia zapewnia g\u00f3rny pas mocuj\u0105cy, gwarantuj\u0105c jeszcze bezpieczniejsze zamocowanie fotelika dla Twojego malucha. Aby prawid\u0142owo zamontowa\u0107 fotelik z wykorzystaniem systemu mocowania ISOFIX, zajrzyj do instrukcji u\u017cytkownika lub zapoznaj si\u0119 z nasz\u0105 list\u0105 kontroln\u0105.Gdy nasz wygodny fotelik samochodowy Titan Plus jest u\u017cywany przez dziecko z grupy 2\/3 (po uko\u0144czeniu 4 roku \u017cycia), system mocowania ISOFIX i g\u00f3rny pas mocuj\u0105cy s\u0105 opcjonalne, gdy\u017c do zabezpieczenia dziecka wykorzystuje si\u0119 wtedy pas bezpiecze\u0144stwa pojazdu.Wska\u017aniki na systemach kotwiczenia ISOFIX potwierdz\u0105 w\u0142a\u015bciwe zamocowanie fotelika, co zapewni Ci przed wyruszeniem w drog\u0119 jeszcze wi\u0119ksze poczucie bezpiecze\u0144stwa!                            <\/p>\n<p>__________                            <\/p>\n<p>Bezpiecze\u0144stwoW foteliku Maxi-Cosi przewieziono ze szpitala do domu ponad 50 mln niemowl\u0105t. Bezpiecze\u0144stwo Twojego dziecka ma dla nas najwy\u017cszy priorytet.System mocowania ISOFIX oraz g\u00f3rny pas mocuj\u0105cy fotelika samochodowego Titan Plus zapewniaj\u0105 jego du\u017c\u0105 stabilno\u015b\u0107, nawet gdy nie siedzi w nim dziecko. Aby zapewni\u0107 jeszcze wi\u0119ksze poczucie bezpiecze\u0144stwa, wska\u017aniki na systemach kotwiczenia ISOFIX potwierdz\u0105 w\u0142a\u015bciwe zamocowanie fotelika!Ponadto fotelik Maxi-Cosi Titan Pro jest wyposa\u017cony w 5-punktow\u0105 uprz\u0105\u017c, aby zapewni\u0107 Twojemu rosn\u0105cemu dziecku bezpiecze\u0144stwo i stabilno\u015b\u0107 przez ca\u0142y czas.W kwestii bezpiecze\u0144stwa mo\u017cesz zawsze na nas liczy\u0107!                            <\/p>\n<p>__________                            <\/p>\n<p>Titan Plus: ro\u015bnij w komforcieNajlepszy dla Twoich dzieci, gdy jeste\u015bcie w drodze! Fotelik samochodowy Maxi-Cosi Titan Plus zapewni Twoim dzieciom wygod\u0119 niezale\u017cnie od tego, czy maj\u0105 9 miesi\u0119cy czy 12 lat.Nasz fotelik samochodowy z grupy 1\/2\/3 jest najpierw u\u017cywany z wygodn\u0105 wk\u0142adk\u0105 zapewniaj\u0105c\u0105 znakomite dopasowanie oraz z 5-punktow\u0105 uprz\u0119\u017c\u0105 zapewniaj\u0105c\u0105 bezpiecze\u0144stwo malucha. Pocz\u0105wszy od 4 roku \u017cycia mo\u017cna go u\u017cywa\u0107 jak fotelika z grupy 2\/3, w przypadku kt\u00f3rego wykorzystuje si\u0119 zwyk\u0142y 3-punktowy samochodowy pas bezpiecze\u0144stwa.Ten przeznaczony dla dzieci z r\u00f3\u017cnych grup wiekowych fotelik ma dodatkow\u0105 wy\u015bci\u00f3\u0142k\u0119 we wk\u0142adce, zag\u0142\u00f3wku i siedzisku, aby zapewni\u0107 maluchowi wygod\u0119 przez ca\u0142y czas.Fotelik ten ma s\u0142u\u017cy\u0107 przez wiele lat i jest wyposa\u017cony w system ClimaFlow, kt\u00f3ry zapewnia utrzymanie odpowiedniej temperatury. Specjalny wykr\u00f3j oparcia i zastosowana w nim pianka przyczyniaj\u0105 si\u0119 do tego, \u017ce fotelik Titan Plus zapewnia dobr\u0105 cyrkulacj\u0119 powietrza, dzi\u0119ki czemu dziecku nie b\u0119dzie w trakcie podr\u00f3\u017cy ani za ciep\u0142o, ani za zimno.Aby u\u0142atwi\u0107 sadzanie dziecka, fotelik Titan Plus jest wyposa\u017cony na bokach w dwa zaczepy pas\u00f3w, co sprawia, \u017ce szelki uprz\u0119\u017cy s\u0105 odchylone na boki, gdy pomagasz swojemu dziecku si\u0105\u015b\u0107 w foteliku.                            <\/p>\n<p>__________                            <\/p>\n<p>Dla ma\u0142ych dzieci w zestawie znajduje si\u0119 dodatkowa wk\u0142adkaFotelik samochodowy Titan Plus jest przeznaczony dla dzieci w wieku od 9 miesi\u0119cy do 12 lat. Dlatego jest wyposa\u017cony we wk\u0142adk\u0119 dla maluch\u00f3w, aby zapewni\u0107 najlepsze dopasowanie, gdy dziecko jest ma\u0142e.Ponadto 5 stopni odchylania oferowanych przez ten wygodny fotelik samochodowy pozwala znale\u017a\u0107 pozycj\u0119 najwygodniejsz\u0105 dla dziecka w ka\u017cdych okoliczno\u015bciach.W podr\u00f3\u017cy przek\u0105ski i napoje mog\u0105 nie zawsze trafi\u0107 tam, gdzie powinny. Maluch mo\u017ce te\u017c cierpie\u0107 na chorob\u0119 lokomocyjn\u0105. Niezale\u017cnie od tego, co si\u0119 stanie, poradzisz sobie z tym, gdy\u017c tapicerk\u0119 fotelika samochodowego Maxi-Cosi mo\u017cna \u0142atwo zdj\u0105\u0107 i wypra\u0107 w pralce.Fotelik Maxi-Cosi Titan Plus. Ro\u015bnij w komforcie.                            <\/p>\n<p>CECHY                            <\/p>\n<p>\u0141atwo\u015b\u0107 u\u017cytkowania________System ISOFIX z g\u00f3rnym pasem mocuj\u0105cym u\u0142atwiaj\u0105cy zamontowanie fotelika w samochodzie\u0141atwe sadzanie dziecka: zaczepy pas\u00f3w po obu stronach fotelika sprawiaj\u0105, \u017ce szelki uprz\u0119\u017cy s\u0105 odchylone na boki\u0141atwa regulacja zag\u0142\u00f3wka, dzi\u0119ki czemu fotelik ro\u015bnie wraz z dzieckiemJednoczesna regulacja uprz\u0119\u017cy zapewniaj\u0105cej bezpiecze\u0144stwo i zag\u0142\u00f3wka, aby dopasowa\u0107 je do potrzeb rosn\u0105cego dzieckaZmywalna tapicerka u\u0142atwiaj\u0105ca czyszczenie fotelika samochodowego                            <\/p>\n<p>Wygoda________Wygoda w ka\u017cdym wieku: dodatkowa wy\u015bci\u00f3\u0142ka w najwra\u017cliwszych miejscachSystem ClimaFlow zapewniaj\u0105cy regulacj\u0119 temperatury: specjalny wykr\u00f3j oparcia i zastosowana w nim pianka przyczyniaj\u0105 si\u0119 do dobrej cyrkulacji powietrza, co pozwala zapewni\u0107 maluchowi w\u0142a\u015bciw\u0105 temperatur\u0119 przez ca\u0142y czasFotelik samochodowy z odchylanym oparciem: 5 stopni odchylania, co pozwala znale\u017a\u0107 pozycj\u0119 najwygodniejsz\u0105 dla dziecka w ka\u017cdych okoliczno\u015bciach.Wk\u0142adka dla malucha, kt\u00f3ra pozwala dopasowa\u0107 siedzisko do potrzeb ma\u0142ego dziecka                            <\/p>\n<p>Bezpiecze\u0144stwo________Zgodno\u015b\u0107 z europejsk\u0105 norm\u0105 bezpiecze\u0144stwa R44 \u2014 znakomite wyniki test\u00f3wPotwierdzenie w\u0142a\u015bciwego zamocowania fotelika za pomoc\u0105 zaczep\u00f3w ISOFIX                            <\/p>\n<p>SPECYFIKACJA TECHNICZNA                            <\/p>\n<p>Product SKU________8834671110                            <\/p>\n<p>Wymiary________<\/p>\n<h2>Fotelik samochodowy Maxi Cosi Titan Plus Authentic Grey 9-36Kg Maxi-Cosi<\/h2>\n<p>atrakcje dla dzieci wroc\u0142aw, piosenki na dobranoc tekst, co kupi\u0107 na roczek, kolorowanki uk\u0142ad s\u0142oneczny, kwiaty polne nazwy i zdj\u0119cia, imi\u0119 kuba, quiz opowie\u015bci z narnii lew czarownica i stara szafa, kolorowanki dla dziewczynek 10 lat, wierszyki na dobranoc dla dzieci, zagadki dla starszych dzieci, quiz o koniach<\/p>\n<p>yyyyy<\/p>\n<p>&nbsp;<\/p>\n","protected":false},"excerpt":{"rendered":"<p>_ Titan Plus____Ro\u015bnij w komforcie Od ok. 9 miesi\u0105ca do 12 roku \u017cycia9 &#8211; 36 kgColour Swatch Authentic Grey \u00a0 Dlaczego warto wybra\u0107 ten produkt? D\u0142ugi okres u\u017cytkowania od 9 miesi\u0105ca do 12 roku \u017cycia________Nasz trwa\u0142y fotelik samochodowy Titan Plus jest przeznaczony dla dzieci w wieku od 9 miesi\u0119cy do 12 lat (grupa 1\/2\/3). Dodatkowe [&hellip;]<\/p>\n","protected":false},"featured_media":3037,"comment_status":"closed","ping_status":"open","template":"","meta":[],"product_cat":[32,995],"product_tag":[616,799,634],"class_list":["post-3036","product","type-product","status-publish","has-post-thumbnail","hentry","product_cat-foteliki-samochodowe","product_cat-maxi-cosi","product_tag-test-mikolajek-25-pytan","product_tag-zagadka-logiczna","product_tag-zagadki-wielkanocne-dla-dzieci"],"_links":{"self":[{"href":"http:\/\/klubmamgdynia.pl\/index.php\/wp-json\/wp\/v2\/product\/3036","targetHints":{"allow":["GET"]}}],"collection":[{"href":"http:\/\/klubmamgdynia.pl\/index.php\/wp-json\/wp\/v2\/product"}],"about":[{"href":"http:\/\/klubmamgdynia.pl\/index.php\/wp-json\/wp\/v2\/types\/product"}],"replies":[{"embeddable":true,"href":"http:\/\/klubmamgdynia.pl\/index.php\/wp-json\/wp\/v2\/comments?post=3036"}],"wp:featuredmedia":[{"embeddable":true,"href":"http:\/\/klubmamgdynia.pl\/index.php\/wp-json\/wp\/v2\/media\/3037"}],"wp:attachment":[{"href":"http:\/\/klubmamgdynia.pl\/index.php\/wp-json\/wp\/v2\/media?parent=3036"}],"wp:term":[{"taxonomy":"product_cat","embeddable":true,"href":"http:\/\/klubmamgdynia.pl\/index.php\/wp-json\/wp\/v2\/product_cat?post=3036"},{"taxonomy":"product_tag","embeddable":true,"href":"http:\/\/klubmamgdynia.pl\/index.php\/wp-json\/wp\/v2\/product_tag?post=3036"}],"curies":[{"name":"wp","href":"https:\/\/api.w.org\/{rel}","templated":true}]}}