{"id":3038,"date":"2011-11-18T21:50:37","date_gmt":"2011-11-18T20:50:37","guid":{"rendered":"http:\/\/klubmamgdynia.pl\/index.php\/produkt\/dante-plecak-l-o-l-surprise-006-06849\/"},"modified":"2026-04-06T16:00:48","modified_gmt":"2026-04-06T14:00:48","slug":"dante-plecak-l-o-l-surprise-006-06849","status":"publish","type":"product","link":"http:\/\/klubmamgdynia.pl\/index.php\/produkt\/dante-plecak-l-o-l-surprise-006-06849\/","title":{"rendered":"Dante Plecak L.O.L. Surprise 006-06849"},"content":{"rendered":"<p>Dante Plecak L.O.L. Surprise. Oryginalny i wygodny Zachwyca swym oryginalnym designem! Wykonany z my\u015bl\u0105 o wygodzie! Szelki z regulacj\u0105 d\u0142ugo\u015bci Oryginalny i wygodny Plecak na licencji LOL Surprise w wersji STAR to must-have dla wszystkich mi\u0142o\u015bniczek serii LOL! Materia\u0142, kt\u00f3rego u\u017cyto do wykonania plecaka jest wysokiej jako\u015bci, a ca\u0142o\u015b\u0107 posiada b\u0142yszcz\u0105ce dodatki. Na przodzie plecaka znajduje si\u0119 grafika z ukochanymi bohaterkami. Od teraz ka\u017cdy dzie\u0144 b\u0119dzie bardziej LOL! Plecak zosta\u0142 wyposa\u017cony w kilka praktycznych kieszeni, a jego kszta\u0142t zosta\u0142 dopasowany do sylwetki dziecka. Niewielka waga plecaka wp\u0142ywa na jego wygodne u\u017cytkowanie.<\/p>\n<h2>Dante Plecak L.O.L. Surprise 006-06849 Dante<\/h2>\n<p>bajki dla dzieci na dobranoc, kartka walentynkowa zrobiona przez dzieci, z\u0142ote my\u015bli o przyja\u017ani, zabawy dla 7 latki, nowoczesna babcia wiersz, maska kota, \u015bmieszne \u0142ama\u0144ce j\u0119zykowe, bycie mam\u0105 cytaty, zabawa dla 7 latka, dorian<\/p>\n<p>yyyyy<\/p>\n<p>&nbsp;<\/p>\n","protected":false},"excerpt":{"rendered":"<p>Dante Plecak L.O.L. Surprise. Oryginalny i wygodny Zachwyca swym oryginalnym designem! Wykonany z my\u015bl\u0105 o wygodzie! Szelki z regulacj\u0105 d\u0142ugo\u015bci Oryginalny i wygodny Plecak na licencji LOL Surprise w wersji STAR to must-have dla wszystkich mi\u0142o\u015bniczek serii LOL! Materia\u0142, kt\u00f3rego u\u017cyto do wykonania plecaka jest wysokiej jako\u015bci, a ca\u0142o\u015b\u0107 posiada b\u0142yszcz\u0105ce dodatki. Na przodzie plecaka [&hellip;]<\/p>\n","protected":false},"featured_media":3039,"comment_status":"closed","ping_status":"open","template":"","meta":[],"product_cat":[249,329],"product_tag":[676,716,697,856,725],"class_list":["post-3038","product","type-product","status-publish","has-post-thumbnail","hentry","product_cat-dante","product_cat-plecaki-szkolne","product_tag-bursztynek","product_tag-filmy-animowane-o-swietach","product_tag-krotkie-bajki-do-czytania","product_tag-prezent-dla-16-latki","product_tag-zgadywanki"],"_links":{"self":[{"href":"http:\/\/klubmamgdynia.pl\/index.php\/wp-json\/wp\/v2\/product\/3038","targetHints":{"allow":["GET"]}}],"collection":[{"href":"http:\/\/klubmamgdynia.pl\/index.php\/wp-json\/wp\/v2\/product"}],"about":[{"href":"http:\/\/klubmamgdynia.pl\/index.php\/wp-json\/wp\/v2\/types\/product"}],"replies":[{"embeddable":true,"href":"http:\/\/klubmamgdynia.pl\/index.php\/wp-json\/wp\/v2\/comments?post=3038"}],"wp:featuredmedia":[{"embeddable":true,"href":"http:\/\/klubmamgdynia.pl\/index.php\/wp-json\/wp\/v2\/media\/3039"}],"wp:attachment":[{"href":"http:\/\/klubmamgdynia.pl\/index.php\/wp-json\/wp\/v2\/media?parent=3038"}],"wp:term":[{"taxonomy":"product_cat","embeddable":true,"href":"http:\/\/klubmamgdynia.pl\/index.php\/wp-json\/wp\/v2\/product_cat?post=3038"},{"taxonomy":"product_tag","embeddable":true,"href":"http:\/\/klubmamgdynia.pl\/index.php\/wp-json\/wp\/v2\/product_tag?post=3038"}],"curies":[{"name":"wp","href":"https:\/\/api.w.org\/{rel}","templated":true}]}}