{"id":3042,"date":"2022-11-12T07:31:47","date_gmt":"2022-11-12T06:31:47","guid":{"rendered":"http:\/\/klubmamgdynia.pl\/?post_type=product&#038;p=3042"},"modified":"2026-05-17T22:18:09","modified_gmt":"2026-05-17T20:18:09","slug":"pufa-skrzynia-kufer-na-zabawki-siedzisko-pojemnik","status":"publish","type":"product","link":"http:\/\/klubmamgdynia.pl\/index.php\/produkt\/pufa-skrzynia-kufer-na-zabawki-siedzisko-pojemnik\/","title":{"rendered":"Pufa Skrzynia Kufer Na Zabawki Siedzisko Pojemnik"},"content":{"rendered":"<p>PUFA 2 w 1idealna jako schowek na zabawki, ksi\u0105\u017ceczki czy klocki oraz jako mebel do siedzeniastanowi ciekawy akcent w pokoju dzieci\u0119cym, a zarazem jest bardzo praktycznapufa jest sk\u0142adana, a po z\u0142o\u017ceniu zajmuje bardzo ma\u0142o miejsca, mo\u017cna j\u0105 \u0142atwo przetransportowa\u0107 lub schowa\u0107 w szafiewymiary: 60 x 30 x 35 cmNa innych naszych aukcjach znajduj\u0105 si\u0119 r\u00f3wnie\u017c inne modele pufy na zabawkiW partii dostawy mo\u017cliwa jest te\u017c niebieska pokrywa pufy, wysy\u0142amy losowo.Wymiary z\u0142o\u017conej pufy:Wysoko\u015b\u0107 &#8211; 35 cmSzeroko\u015b\u0107 -60 cmG\u0142\u0119boko\u015b\u0107 &#8211; 30 cm<\/p>\n<h2>Pufa Skrzynia Kufer Na Zabawki Siedzisko Pojemnik <\/h2>\n<p>tekst kolysanek, cytaty z ma\u0142ego ksi\u0119cia, kr\u00f3tkie bajki dla dzieci do czytania, zagadki o wiosnie, zagadki o bajkach, zagadki sprawdzaj\u0105ce inteligencj\u0119, m\u00f3j przyjaciel mi\u015b scenariusz zaj\u0119\u0107 w przedszkolu, prezent dla 16 latka<\/p>\n<p>yyyyy<\/p>\n<p>&nbsp;<\/p>\n","protected":false},"excerpt":{"rendered":"<p>PUFA 2 w 1idealna jako schowek na zabawki, ksi\u0105\u017ceczki czy klocki oraz jako mebel do siedzeniastanowi ciekawy akcent w pokoju dzieci\u0119cym, a zarazem jest bardzo praktycznapufa jest sk\u0142adana, a po z\u0142o\u017ceniu zajmuje bardzo ma\u0142o miejsca, mo\u017cna j\u0105 \u0142atwo przetransportowa\u0107 lub schowa\u0107 w szafiewymiary: 60 x 30 x 35 cmNa innych naszych aukcjach znajduj\u0105 si\u0119 r\u00f3wnie\u017c [&hellip;]<\/p>\n","protected":false},"featured_media":3043,"comment_status":"closed","ping_status":"open","template":"","meta":[],"product_cat":[990],"product_tag":[691,663,655,665],"class_list":["post-3042","product","type-product","status-publish","has-post-thumbnail","hentry","product_cat-skrzynie-i-pojemniki-na-zabawki","product_tag-gabriel","product_tag-kolorowanki-dla-dzieci-do-druku","product_tag-najlepsze-zagadki","product_tag-proste-zagadki"],"_links":{"self":[{"href":"http:\/\/klubmamgdynia.pl\/index.php\/wp-json\/wp\/v2\/product\/3042","targetHints":{"allow":["GET"]}}],"collection":[{"href":"http:\/\/klubmamgdynia.pl\/index.php\/wp-json\/wp\/v2\/product"}],"about":[{"href":"http:\/\/klubmamgdynia.pl\/index.php\/wp-json\/wp\/v2\/types\/product"}],"replies":[{"embeddable":true,"href":"http:\/\/klubmamgdynia.pl\/index.php\/wp-json\/wp\/v2\/comments?post=3042"}],"wp:featuredmedia":[{"embeddable":true,"href":"http:\/\/klubmamgdynia.pl\/index.php\/wp-json\/wp\/v2\/media\/3043"}],"wp:attachment":[{"href":"http:\/\/klubmamgdynia.pl\/index.php\/wp-json\/wp\/v2\/media?parent=3042"}],"wp:term":[{"taxonomy":"product_cat","embeddable":true,"href":"http:\/\/klubmamgdynia.pl\/index.php\/wp-json\/wp\/v2\/product_cat?post=3042"},{"taxonomy":"product_tag","embeddable":true,"href":"http:\/\/klubmamgdynia.pl\/index.php\/wp-json\/wp\/v2\/product_tag?post=3042"}],"curies":[{"name":"wp","href":"https:\/\/api.w.org\/{rel}","templated":true}]}}