{"id":3044,"date":"2025-02-21T06:46:16","date_gmt":"2025-02-21T05:46:16","guid":{"rendered":"http:\/\/klubmamgdynia.pl\/?post_type=product&#038;p=3044"},"modified":"2026-05-17T22:45:49","modified_gmt":"2026-05-17T20:45:49","slug":"nici-q-pooltle-50cm-40758","status":"publish","type":"product","link":"http:\/\/klubmamgdynia.pl\/index.php\/produkt\/nici-q-pooltle-50cm-40758\/","title":{"rendered":"Nici Q Pooltle 50Cm 40758"},"content":{"rendered":"<p>Sympatyczny may kosmita PootleMikki, wietnej jakoci plusz marki NiciMaskotka 50cm<\/p>\n<h2>Nici Q Pooltle 50Cm 40758 Nici<\/h2>\n<p>koty kolorowanka, pomys\u0142y na dzie\u0144 dziecka dla nastolatk\u00f3w, maska kota do druku, samochwa\u0142a, dekorowanie kanapek dla dzieci, p\u0142onie ognisko w lesie, julian znaczenie, pan twardowski na ksi\u0119\u017cycu wiersz<\/p>\n<p>yyyyy<\/p>\n<p>&nbsp;<\/p>\n","protected":false},"excerpt":{"rendered":"<p>Sympatyczny may kosmita PootleMikki, wietnej jakoci plusz marki NiciMaskotka 50cm Nici Q Pooltle 50Cm 40758 Nici koty kolorowanka, pomys\u0142y na dzie\u0144 dziecka dla nastolatk\u00f3w, maska kota do druku, samochwa\u0142a, dekorowanie kanapek dla dzieci, p\u0142onie ognisko w lesie, julian znaczenie, pan twardowski na ksi\u0119\u017cycu wiersz yyyyy &nbsp;<\/p>\n","protected":false},"featured_media":3045,"comment_status":"closed","ping_status":"open","template":"","meta":[],"product_cat":[42,961],"product_tag":[740,758,645,785,840],"class_list":["post-3044","product","type-product","status-publish","has-post-thumbnail","hentry","product_cat-maskotki","product_cat-nici","product_tag-fajne-prezenty-dla-nastolatkow","product_tag-julian","product_tag-latwe-zagadki","product_tag-prezent-dla-nastolatkow","product_tag-stare-bajki"],"_links":{"self":[{"href":"http:\/\/klubmamgdynia.pl\/index.php\/wp-json\/wp\/v2\/product\/3044","targetHints":{"allow":["GET"]}}],"collection":[{"href":"http:\/\/klubmamgdynia.pl\/index.php\/wp-json\/wp\/v2\/product"}],"about":[{"href":"http:\/\/klubmamgdynia.pl\/index.php\/wp-json\/wp\/v2\/types\/product"}],"replies":[{"embeddable":true,"href":"http:\/\/klubmamgdynia.pl\/index.php\/wp-json\/wp\/v2\/comments?post=3044"}],"wp:featuredmedia":[{"embeddable":true,"href":"http:\/\/klubmamgdynia.pl\/index.php\/wp-json\/wp\/v2\/media\/3045"}],"wp:attachment":[{"href":"http:\/\/klubmamgdynia.pl\/index.php\/wp-json\/wp\/v2\/media?parent=3044"}],"wp:term":[{"taxonomy":"product_cat","embeddable":true,"href":"http:\/\/klubmamgdynia.pl\/index.php\/wp-json\/wp\/v2\/product_cat?post=3044"},{"taxonomy":"product_tag","embeddable":true,"href":"http:\/\/klubmamgdynia.pl\/index.php\/wp-json\/wp\/v2\/product_tag?post=3044"}],"curies":[{"name":"wp","href":"https:\/\/api.w.org\/{rel}","templated":true}]}}