{"id":3046,"date":"2010-12-25T16:29:18","date_gmt":"2010-12-25T15:29:18","guid":{"rendered":"http:\/\/klubmamgdynia.pl\/index.php\/produkt\/fotelik-samochodowy-cybex-sirona-s2-i-size-fotelik-samochodowy-0-18-kg-seashell-beige-2022\/"},"modified":"2026-04-03T22:48:22","modified_gmt":"2026-04-03T20:48:22","slug":"fotelik-samochodowy-cybex-sirona-s2-i-size-fotelik-samochodowy-0-18-kg-seashell-beige-2022","status":"publish","type":"product","link":"http:\/\/klubmamgdynia.pl\/index.php\/produkt\/fotelik-samochodowy-cybex-sirona-s2-i-size-fotelik-samochodowy-0-18-kg-seashell-beige-2022\/","title":{"rendered":"Fotelik samochodowy Cybex Sirona S2 i-Size Fotelik Samochodowy 0-18 kg Seashell Beige 2022"},"content":{"rendered":"<p>Cybex Sirona S2 i-Size Fotelik Samochodowy 0-18 kg Seashell Beige 2022<\/p>\n<h2>Fotelik samochodowy Cybex Sirona S2 i-Size Fotelik Samochodowy 0-18 kg Seashell Beige 2022 Cybex<\/h2>\n<p>daria imie, rozalia imie, prezenty dla 15 latki, cytaty o przyja\u017ani, zagadki kr\u00f3tkie, kolorowanki lato, imi\u0119 alan, pia imi\u0119, dzieci pl, mia, super zings kolorowanki, atrakcje dla dzieci wroc\u0142aw<\/p>\n<p>yyyyy<\/p>\n<p>&nbsp;<\/p>\n","protected":false},"excerpt":{"rendered":"<p>Cybex Sirona S2 i-Size Fotelik Samochodowy 0-18 kg Seashell Beige 2022 Fotelik samochodowy Cybex Sirona S2 i-Size Fotelik Samochodowy 0-18 kg Seashell Beige 2022 Cybex daria imie, rozalia imie, prezenty dla 15 latki, cytaty o przyja\u017ani, zagadki kr\u00f3tkie, kolorowanki lato, imi\u0119 alan, pia imi\u0119, dzieci pl, mia, super zings kolorowanki, atrakcje dla dzieci wroc\u0142aw yyyyy [&hellip;]<\/p>\n","protected":false},"featured_media":3047,"comment_status":"closed","ping_status":"open","template":"","meta":[],"product_cat":[34,32],"product_tag":[815,823,805],"class_list":["post-3046","product","type-product","status-publish","has-post-thumbnail","hentry","product_cat-cybex","product_cat-foteliki-samochodowe","product_tag-ozdoby-choinkowe-dla-dzieci","product_tag-zagadki-dla-dzieci-7-lat","product_tag-znaczenie-imienia-alan"],"_links":{"self":[{"href":"http:\/\/klubmamgdynia.pl\/index.php\/wp-json\/wp\/v2\/product\/3046","targetHints":{"allow":["GET"]}}],"collection":[{"href":"http:\/\/klubmamgdynia.pl\/index.php\/wp-json\/wp\/v2\/product"}],"about":[{"href":"http:\/\/klubmamgdynia.pl\/index.php\/wp-json\/wp\/v2\/types\/product"}],"replies":[{"embeddable":true,"href":"http:\/\/klubmamgdynia.pl\/index.php\/wp-json\/wp\/v2\/comments?post=3046"}],"wp:featuredmedia":[{"embeddable":true,"href":"http:\/\/klubmamgdynia.pl\/index.php\/wp-json\/wp\/v2\/media\/3047"}],"wp:attachment":[{"href":"http:\/\/klubmamgdynia.pl\/index.php\/wp-json\/wp\/v2\/media?parent=3046"}],"wp:term":[{"taxonomy":"product_cat","embeddable":true,"href":"http:\/\/klubmamgdynia.pl\/index.php\/wp-json\/wp\/v2\/product_cat?post=3046"},{"taxonomy":"product_tag","embeddable":true,"href":"http:\/\/klubmamgdynia.pl\/index.php\/wp-json\/wp\/v2\/product_tag?post=3046"}],"curies":[{"name":"wp","href":"https:\/\/api.w.org\/{rel}","templated":true}]}}