{"id":305,"date":"2013-10-19T10:56:32","date_gmt":"2013-10-19T08:56:32","guid":{"rendered":"http:\/\/klubmamgdynia.pl\/index.php\/produkt\/cybex-platinum-priam-cherubs-by-jeremy-scott-pink-gleboko-spacerowy\/"},"modified":"2026-04-06T21:05:38","modified_gmt":"2026-04-06T19:05:38","slug":"cybex-platinum-priam-cherubs-by-jeremy-scott-pink-gleboko-spacerowy","status":"publish","type":"product","link":"http:\/\/klubmamgdynia.pl\/index.php\/produkt\/cybex-platinum-priam-cherubs-by-jeremy-scott-pink-gleboko-spacerowy\/","title":{"rendered":"Cybex Platinum Priam Cherubs By Jeremy Scott Pink G\u0142\u0119boko Spacerowy"},"content":{"rendered":"<p>Cybex Platinum Priam Cherubs By Jeremy Scott Pink G\u0142\u0119boko Spacerowy<\/p>\n<p>Sylwetka Cybex Priam jest bezpo\u015brednim odniesieniem oraz<br \/>\nho\u0142dem dla pracy niezwyk\u0142ej pary ameryka\u0144skich projektant\u00f3w, Pa\u0144stwa Eames,<br \/>\nkt\u00f3rzy swoj\u0105 tw\u00f3rczo\u015bci\u0105 na sta\u0142e wpisali si\u0119 w histori\u0119 eleganckiego i<br \/>\ninnowacyjnego modernizmu we wzornictwie przemys\u0142owym lat 70 i 80. <\/p>\n<p>\u00a0<\/p>\n<p>Pa\u0144stwo Eames w przeciwie\u0144stwie do nurtu europejskiego<br \/>\nmodernizmu Bauhausu podchodzili do projektowania z wi\u0119ksz\u0105 doz\u0105 humoru oraz<br \/>\npragn\u0119li, aby tworzone przez nich rzeczy opr\u00f3cz swojej funkcji mia\u0142y r\u00f3wnie\u017c<br \/>\nluksusow\u0105 oraz efektown\u0105 form\u0119, co w przypadku filozofii modernizmu by\u0142o<br \/>\ntrudnym zadaniem. Za\u0142o\u017ceniem modernizmu jest upraszczanie, aby forma nigdy nie<br \/>\nby\u0142a istotniejsza od funkcji, poniewa\u017c to w\u0142a\u015bnie forma powinna si\u0119<br \/>\ndostosowywa\u0107 do potrzeb cz\u0142owieka, a nie odwrotnie. Esencja modernizmu, kt\u00f3r\u0105<br \/>\njest funkcjonalno\u015b\u0107, jest fundamentem do tego, aby w efekcie ko\u0144cowym                            <\/p>\n<p>Sylwetka Cybex Priam jest bezpo\u015brednim odniesieniem oraz<br \/>\nho\u0142dem dla pracy niezwyk\u0142ej pary ameryka\u0144skich projektant\u00f3w, Pa\u0144stwa Eames,<br \/>\nkt\u00f3rzy swoj\u0105 tw\u00f3rczo\u015bci\u0105 na sta\u0142e wpisali si\u0119 w histori\u0119 eleganckiego i<br \/>\ninnowacyjnego modernizmu we wzornictwie przemys\u0142owym lat 70 i 80. <\/p>\n<p>\u00a0<\/p>\n<p>Pa\u0144stwo Eames w przeciwie\u0144stwie do nurtu europejskiego<br \/>\nmodernizmu Bauhausu podchodzili do projektowania z wi\u0119ksz\u0105 doz\u0105 humoru oraz<br \/>\npragn\u0119li, aby tworzone przez nich rzeczy opr\u00f3cz swojej funkcji mia\u0142y r\u00f3wnie\u017c<br \/>\nluksusow\u0105 oraz efektown\u0105 form\u0119, co w przypadku filozofii modernizmu by\u0142o<br \/>\ntrudnym zadaniem. Za\u0142o\u017ceniem modernizmu jest upraszczanie, aby forma nigdy nie<br \/>\nby\u0142a istotniejsza od funkcji, poniewa\u017c to w\u0142a\u015bnie forma powinna si\u0119<br \/>\ndostosowywa\u0107 do potrzeb cz\u0142owieka, a nie odwrotnie. Esencja modernizmu, kt\u00f3r\u0105<br \/>\njest funkcjonalno\u015b\u0107, jest fundamentem do tego, aby w efekcie ko\u0144cowym<br \/>\nprojektowania m\u00f3wi\u0107 o dobrym designie, jednak aby ten efekt osi\u0105gn\u0105\u0107 trzeba<br \/>\nr\u00f3wnie mocno zadba\u0107 o form\u0119 projektu, po\u0142\u0105czy\u0107 design ze sztuk\u0105 oraz znale\u017a\u0107<br \/>\nz\u0142oty \u015brodek, w kt\u00f3rym powstanie co\u015b co b\u0119dzie perfekcyjnie dzia\u0142a\u0107 oraz<br \/>\ncieszy\u0107 nasze zmys\u0142y z posiadania czego\u015b wyj\u0105tkowego, dopracowanego i<br \/>\ndzia\u0142aj\u0105cego tak jak powinno &#8211; projektanci Cybex podj\u0119li to wyzwanie przy<br \/>\ntworzeniu w\u00f3zka Priam.<\/p>\n<p>\u00a0<\/p>\n<p>W\u00f3zek Cybex Priam otrzyma\u0142 klasyczn\u0105 ram\u0119 o bardzo prostej<br \/>\ni lekkiej formie, odnosz\u0105c\u0105 si\u0119 do a\u017curowych konstrukcji b\u0119d\u0105cych symbolem<br \/>\nmodernizmu w architekturze. Obszerna gondola oraz siedzisko by\u0142y wzorowane na<br \/>\nkszta\u0142tach najs\u0142ynniejszego projektu Pa\u0144stwa Eames &#8211; Lounge Chair. Lekki, dostosowany<br \/>\ndo potrzeb rodzic\u00f3w, spe\u0142ni wszystkie wymagania od samego pocz\u0105tku &#8211; od funkcji<br \/>\npo estetyk\u0119. R\u00f3\u017cne rodzaje zawieszenia, kolory ramy, szeroki wyb\u00f3r tekstyli\u00f3w<br \/>\noraz wyj\u0105tkowe kolekcje specjaln,e pozwol\u0105 Pa\u0144stwu wybra\u0107 swoj\u0105 wymarzon\u0105<br \/>\nkonfiguracj\u0119 absolutnie niezwyk\u0142ego w krajobrazie bran\u017cy dzieci\u0119cej segmentu<br \/>\npremium, w\u00f3zka Cybex Priam.                            <\/p>\n<p>W\u00f3zek Cybex Priam | Funkcjonalno\u015bci<\/p>\n<p>\u00a0<\/p>\n<p>Lekka rama o eleganckiej sylwetce i aluminiowej konstrukcji<\/p>\n<p>Obszerna gondola z mi\u0119kkim materacem z w\u0142\u00f3knami Memory Foam<\/p>\n<p>Przed\u0142u\u017cane budki gondoli oraz siedziska spacerowego z<br \/>\ntekstyliami o ochronie UVP na poziomie 50+<\/p>\n<p>Odczepiane pa\u0142\u0105ki<\/p>\n<p>Sk\u0142adanie jedn\u0105 r\u0119k\u0105, z mo\u017cliwo\u015bci\u0105 z\u0142o\u017cenia ramy z<br \/>\nzamontowanym siedziskiem spacerowym<\/p>\n<p>Regulowany k\u0105t oparcia siedziska<\/p>\n<p>Przek\u0142adnie kierunku osadzenia siedziska<\/p>\n<p>Siedzisko znajduje si\u0119 na wysoko\u015bci standardowego sto\u0142u,<br \/>\ndziecko b\u0119dzie zawsze na poziomie rodzic\u00f3w w restauracji itp.<\/p>\n<p>Regulowany k\u0105t podn\u00f3\u017cka<\/p>\n<p>Obszerny, \u0142atwo dost\u0119pny kosz na zakupy<\/p>\n<p>Wysokiej jako\u015bci, nieprzebijalne, gumowe ko\u0142a o mi\u0119kkim<br \/>\nzawieszeniu<\/p>\n<p>Regulowana wysoko\u015b\u0107 r\u0105czki                            <\/p>\n<p>W\u00f3zek Cybex Priam | Waga oraz wymiary<\/p>\n<p>\u00a0<\/p>\n<p>Wymiary ramy wraz z ko\u0142ami po z\u0142o\u017ceniu (w mm): d\u0142. 950 |<br \/>\nszer. 575 | wys. 300<\/p>\n<p>Waga ramy wraz z koszem na zakupy w wersjach z ko\u0142ami: ko\u0142a<br \/>\nlekkie: 7,6 kg | ko\u0142a trekkingowe: 7,9 kg | ko\u0142a terenowe: 8,3 kg<\/p>\n<p>Wymiary ramy wraz z siedziskiem Lux oraz z z ko\u0142ami po<br \/>\nz\u0142o\u017ceniu (w mm): d\u0142. 950 | szer. 575 | wys. 420<\/p>\n<p>Waga w\u00f3zka spacerowego: 12,5 kg &#8211; 13,2 kg (w zale\u017cno\u015bci od<br \/>\nk\u00f3\u0142)<\/p>\n<p>Wymiary roz\u0142o\u017conej gondoli (w mm): d\u0142. 890 | szer. 450 |<br \/>\nwys. 240<\/p>\n<p>Waga gondoli wraz z budk\u0105: 4,8 kg<\/p>\n<h2>Cybex Platinum Priam Cherubs By Jeremy Scott Pink G\u0142\u0119boko Spacerowy Cybex<\/h2>\n<p>ahmed, mini kanapki dla dzieci, quiz o flagach europy, \u017cyczenia na lany poniedzia\u0142ek wielkanocny, prezent na 1 urodziny dla ch\u0142opca, fabian, zagadki dla dzieci 9 10 lat z odpowiedziami, kr\u00f3tkie bajki do czytania pdf, wroc\u0142aw atrakcje dla dzieci, urodziny dziecka pomys\u0142y<\/p>\n<p>yyyyy<\/p>\n<p>&nbsp;<\/p>\n","protected":false},"excerpt":{"rendered":"<p>Cybex Platinum Priam Cherubs By Jeremy Scott Pink G\u0142\u0119boko Spacerowy Sylwetka Cybex Priam jest bezpo\u015brednim odniesieniem oraz ho\u0142dem dla pracy niezwyk\u0142ej pary ameryka\u0144skich projektant\u00f3w, Pa\u0144stwa Eames, kt\u00f3rzy swoj\u0105 tw\u00f3rczo\u015bci\u0105 na sta\u0142e wpisali si\u0119 w histori\u0119 eleganckiego i innowacyjnego modernizmu we wzornictwie przemys\u0142owym lat 70 i 80. \u00a0 Pa\u0144stwo Eames w przeciwie\u0144stwie do nurtu europejskiego modernizmu [&hellip;]<\/p>\n","protected":false},"featured_media":306,"comment_status":"closed","ping_status":"open","template":"","meta":[],"product_cat":[34,110],"product_tag":[585,816,822,597],"class_list":["post-305","product","type-product","status-publish","has-post-thumbnail","hentry","product_cat-cybex","product_cat-wozki-wielofunkcyjne","product_tag-kolorowanki-dla-chlopcow","product_tag-place-zabaw-warszawa","product_tag-wierszyki-o-wakacjach-krotkie","product_tag-zagadki-o-zimie"],"_links":{"self":[{"href":"http:\/\/klubmamgdynia.pl\/index.php\/wp-json\/wp\/v2\/product\/305","targetHints":{"allow":["GET"]}}],"collection":[{"href":"http:\/\/klubmamgdynia.pl\/index.php\/wp-json\/wp\/v2\/product"}],"about":[{"href":"http:\/\/klubmamgdynia.pl\/index.php\/wp-json\/wp\/v2\/types\/product"}],"replies":[{"embeddable":true,"href":"http:\/\/klubmamgdynia.pl\/index.php\/wp-json\/wp\/v2\/comments?post=305"}],"wp:featuredmedia":[{"embeddable":true,"href":"http:\/\/klubmamgdynia.pl\/index.php\/wp-json\/wp\/v2\/media\/306"}],"wp:attachment":[{"href":"http:\/\/klubmamgdynia.pl\/index.php\/wp-json\/wp\/v2\/media?parent=305"}],"wp:term":[{"taxonomy":"product_cat","embeddable":true,"href":"http:\/\/klubmamgdynia.pl\/index.php\/wp-json\/wp\/v2\/product_cat?post=305"},{"taxonomy":"product_tag","embeddable":true,"href":"http:\/\/klubmamgdynia.pl\/index.php\/wp-json\/wp\/v2\/product_tag?post=305"}],"curies":[{"name":"wp","href":"https:\/\/api.w.org\/{rel}","templated":true}]}}