{"id":3050,"date":"2016-02-09T03:12:43","date_gmt":"2016-02-09T02:12:43","guid":{"rendered":"http:\/\/klubmamgdynia.pl\/index.php\/produkt\/schleich-horse-club-42439-mob-weterynarz-ze-zreb-hanow\/"},"modified":"2026-04-07T12:48:17","modified_gmt":"2026-04-07T10:48:17","slug":"schleich-horse-club-42439-mob-weterynarz-ze-zreb-hanow","status":"publish","type":"product","link":"http:\/\/klubmamgdynia.pl\/index.php\/produkt\/schleich-horse-club-42439-mob-weterynarz-ze-zreb-hanow\/","title":{"rendered":"Schleich Horse Club 42439 Mob. Weterynarz Ze Zreb. Hanow."},"content":{"rendered":"<p>Zawarto\u015b\u0107 opakowania: 1 x ci\u0119\u017car\u00f3wka z mobiln\u0105 lecznic\u0105 dla zwierz\u0105t,1 x laptop,1 x szafka na k\u00f3\u0142kach,1 x stetoskop,1 x torba weterynaryjna,1 x strzykawka,1 x banda\u017c,1 x opakowanie pudru,1 x \u017arebak,1 x figurka kobiety weterynarz,1 x jab\u0142ko,1 x plaster&#8230;.<\/p>\n<h2>Schleich Horse Club 42439 Mob. Weterynarz Ze Zreb. Hanow. Schleich<\/h2>\n<p>piosenki o wakacjach, prezent na roczek dla chrze\u015bniaka, zaproszenia do druku, kornelia, kiedy dzieci chodz\u0105 na halloween, prezent dla 14 letniej dziewczyny, quiz o stolicach europy, mandala kolorowanka, test z lektury spos\u00f3b na alcybiadesa, \u017carty na prima aprilis dla rodzic\u00f3w, prezent dla 7 latka, kartka walentynkowa r\u0119cznie robiona \u0142atwa, \u015bwinka peppa do druku, prezent na roczek, stare piosenki, kolorowe ciasto, malowanki do druku, pomys\u0142 na prima aprilis, test spos\u00f3b na alcybiadesa, jak narysowa\u0107 psa<\/p>\n<p>yyyyy<\/p>\n<p>&nbsp;<\/p>\n","protected":false},"excerpt":{"rendered":"<p>Zawarto\u015b\u0107 opakowania: 1 x ci\u0119\u017car\u00f3wka z mobiln\u0105 lecznic\u0105 dla zwierz\u0105t,1 x laptop,1 x szafka na k\u00f3\u0142kach,1 x stetoskop,1 x torba weterynaryjna,1 x strzykawka,1 x banda\u017c,1 x opakowanie pudru,1 x \u017arebak,1 x figurka kobiety weterynarz,1 x jab\u0142ko,1 x plaster&#8230;. Schleich Horse Club 42439 Mob. Weterynarz Ze Zreb. Hanow. Schleich piosenki o wakacjach, prezent na roczek dla [&hellip;]<\/p>\n","protected":false},"featured_media":3051,"comment_status":"closed","ping_status":"open","template":"","meta":[],"product_cat":[95,952],"product_tag":[658,747,589,579,695],"class_list":["post-3050","product","type-product","status-publish","has-post-thumbnail","hentry","product_cat-figurki-makiety-i-zestawy","product_cat-schleich","product_tag-alan-znaczenie-imienia","product_tag-malowanki-do-druku","product_tag-prezent-dla-rocznego-dziecka","product_tag-quiz-opowiesci-z-narnii-lew-czarownica-i-stara-szafa","product_tag-rzadkie-imiona-zenskie"],"_links":{"self":[{"href":"http:\/\/klubmamgdynia.pl\/index.php\/wp-json\/wp\/v2\/product\/3050","targetHints":{"allow":["GET"]}}],"collection":[{"href":"http:\/\/klubmamgdynia.pl\/index.php\/wp-json\/wp\/v2\/product"}],"about":[{"href":"http:\/\/klubmamgdynia.pl\/index.php\/wp-json\/wp\/v2\/types\/product"}],"replies":[{"embeddable":true,"href":"http:\/\/klubmamgdynia.pl\/index.php\/wp-json\/wp\/v2\/comments?post=3050"}],"wp:featuredmedia":[{"embeddable":true,"href":"http:\/\/klubmamgdynia.pl\/index.php\/wp-json\/wp\/v2\/media\/3051"}],"wp:attachment":[{"href":"http:\/\/klubmamgdynia.pl\/index.php\/wp-json\/wp\/v2\/media?parent=3050"}],"wp:term":[{"taxonomy":"product_cat","embeddable":true,"href":"http:\/\/klubmamgdynia.pl\/index.php\/wp-json\/wp\/v2\/product_cat?post=3050"},{"taxonomy":"product_tag","embeddable":true,"href":"http:\/\/klubmamgdynia.pl\/index.php\/wp-json\/wp\/v2\/product_tag?post=3050"}],"curies":[{"name":"wp","href":"https:\/\/api.w.org\/{rel}","templated":true}]}}