{"id":3052,"date":"2013-07-13T22:44:43","date_gmt":"2013-07-13T20:44:43","guid":{"rendered":"http:\/\/klubmamgdynia.pl\/index.php\/produkt\/cobi-24502-youngtimer-abarth-595-competizione-71el\/"},"modified":"2026-04-06T04:40:30","modified_gmt":"2026-04-06T02:40:30","slug":"cobi-24502-youngtimer-abarth-595-competizione-71el","status":"publish","type":"product","link":"http:\/\/klubmamgdynia.pl\/index.php\/produkt\/cobi-24502-youngtimer-abarth-595-competizione-71el\/","title":{"rendered":"Cobi 24502 Youngtimer Abarth 595 Competizione 71el."},"content":{"rendered":"<p>Abarth to usportowiona wersja szalenie popularnego FIATA 500, kt\u00f3rego premiera mia\u0142a miejsce w 2007 roku.Nowoczesna i niezwykle modna stylistyka, przyci\u0105ga wzrok oraz wyr\u00f3\u017cnienia w bran\u017cy motoryzacyjnej. Samoch\u00f3d wygl\u0105dem nawi\u0105zuje do klasycznej pi\u0119\u0107setki, kt\u00f3ra przed wieloma laty zmotoryzowa\u0142a W\u0142ochy.Wysokiej jako\u015bci licencyjny klockowy model wykonany w skali 1:35 wiernie oddaje wygl\u0105d swojego zachwycaj\u0105cego pierwowzoru.Dzi\u0119ki 71 elementom mo\u017cliwe s\u0105 drobne modyfikacje i przer\u00f3bki pojazdu.Na klockach znajduj\u0105 si\u0119 trwa\u0142e nadruki, kt\u00f3re nie \u015bcieraj\u0105 si\u0119 nawet w trakcie intensywnej zabawy. Obracaj\u0105ce si\u0119 ko\u0142a wyposa\u017cone w opony idealnie nadaj\u0105 si\u0119 do poruszania modelem w trakcie zabawy. Do zestawu do\u0142\u0105czono klocek z nadrukowan\u0105 nazw\u0105 modelu.Zestaw idealnie sprawdzi jako doskona\u0142y pomys\u0142 na prezent niezale\u017cnie od wieku obdarowanego. Zadowoli doros\u0142ych kolekcjoner\u00f3w i pasjonat\u00f3w motoryzacji oraz dzieci. Jest to r\u00f3wnie\u017c \u015bwietny start do rozpocz\u0119cia przygody z polskimi klockami konstrukcyjnymi COBI.Cechy:73 wysokiej jako\u015bci elementy,wyprodukowane w UE przez firm\u0119 z ponad 20-letni\u0105 tradycj\u0105,spe\u0142niaj\u0105 normy bezpiecze\u0144stwa dotycz\u0105ce produkt\u00f3w dla dzieci,w pe\u0142ni kompatybilne z innymi markami klock\u00f3w konstrukcyjnych,klocki z nadrukami nie odkszta\u0142caj\u0105 si\u0119 i nie bledn\u0105 w czasie zabawy czy pod wp\u0142ywem temperatury,czytelna i intuicyjna instrukcja oparta na rysunkach i ikonach,klocek z nadrukowan\u0105 nazw\u0105 modelu,Wymiary modelu:(d\u0142 x sz x wys): 10,5 cm (4.1&#8243;) x 6,5 cm (2.55&#8243;)x 4,5 cm (1.77&#8243;)Specyfikacja:Numer katalogowy: COBI-24502Producent: Cobi Factory SAD\u0142ugo\u015b\u0107: 10,5 cm \/ 4.1\u201dSzeroko\u015b\u0107: 6,5 cm \/ 2.6\u201dWysoko\u015b\u0107: 4,5 cm \/ 1.8\u201dSkala: 1:35Ilo\u015b\u0107 klock\u00f3w: 71Grupa wiekowa: 6+<\/p>\n<h2>Cobi 24502 Youngtimer Abarth 595 Competizione 71el. Cobi<\/h2>\n<p>chase psi patrol kolorowanka, film animowany o \u015bwi\u0119tach, spongebob kolorowanka, psi patrol kolorowanki<\/p>\n<p>yyyyy<\/p>\n<p>&nbsp;<\/p>\n","protected":false},"excerpt":{"rendered":"<p>Abarth to usportowiona wersja szalenie popularnego FIATA 500, kt\u00f3rego premiera mia\u0142a miejsce w 2007 roku.Nowoczesna i niezwykle modna stylistyka, przyci\u0105ga wzrok oraz wyr\u00f3\u017cnienia w bran\u017cy motoryzacyjnej. Samoch\u00f3d wygl\u0105dem nawi\u0105zuje do klasycznej pi\u0119\u0107setki, kt\u00f3ra przed wieloma laty zmotoryzowa\u0142a W\u0142ochy.Wysokiej jako\u015bci licencyjny klockowy model wykonany w skali 1:35 wiernie oddaje wygl\u0105d swojego zachwycaj\u0105cego pierwowzoru.Dzi\u0119ki 71 elementom mo\u017cliwe [&hellip;]<\/p>\n","protected":false},"featured_media":3053,"comment_status":"closed","ping_status":"open","template":"","meta":[],"product_cat":[484,113],"product_tag":[666,603,626,585,751,773],"class_list":["post-3052","product","type-product","status-publish","has-post-thumbnail","hentry","product_cat-cobi","product_cat-klocki","product_tag-afrykanskie-imiona","product_tag-bajki-do-czytania","product_tag-jacek","product_tag-kolorowanki-dla-chlopcow","product_tag-psi-patrol-kolorowanka","product_tag-test-z-lektury-opowiesci-z-narnii-lew-czarownica-i-stara-szafa"],"_links":{"self":[{"href":"http:\/\/klubmamgdynia.pl\/index.php\/wp-json\/wp\/v2\/product\/3052","targetHints":{"allow":["GET"]}}],"collection":[{"href":"http:\/\/klubmamgdynia.pl\/index.php\/wp-json\/wp\/v2\/product"}],"about":[{"href":"http:\/\/klubmamgdynia.pl\/index.php\/wp-json\/wp\/v2\/types\/product"}],"replies":[{"embeddable":true,"href":"http:\/\/klubmamgdynia.pl\/index.php\/wp-json\/wp\/v2\/comments?post=3052"}],"wp:featuredmedia":[{"embeddable":true,"href":"http:\/\/klubmamgdynia.pl\/index.php\/wp-json\/wp\/v2\/media\/3053"}],"wp:attachment":[{"href":"http:\/\/klubmamgdynia.pl\/index.php\/wp-json\/wp\/v2\/media?parent=3052"}],"wp:term":[{"taxonomy":"product_cat","embeddable":true,"href":"http:\/\/klubmamgdynia.pl\/index.php\/wp-json\/wp\/v2\/product_cat?post=3052"},{"taxonomy":"product_tag","embeddable":true,"href":"http:\/\/klubmamgdynia.pl\/index.php\/wp-json\/wp\/v2\/product_tag?post=3052"}],"curies":[{"name":"wp","href":"https:\/\/api.w.org\/{rel}","templated":true}]}}