{"id":3054,"date":"2011-07-15T17:42:31","date_gmt":"2011-07-15T15:42:31","guid":{"rendered":"http:\/\/klubmamgdynia.pl\/index.php\/produkt\/djeco-szablony-do-odrysowania-konie\/"},"modified":"2026-04-29T14:23:47","modified_gmt":"2026-04-29T12:23:47","slug":"djeco-szablony-do-odrysowania-konie","status":"publish","type":"product","link":"http:\/\/klubmamgdynia.pl\/index.php\/produkt\/djeco-szablony-do-odrysowania-konie\/","title":{"rendered":"Djeco Szablony Do Odrysowania Konie"},"content":{"rendered":"<p>DJECO &#8211; Szablony do rysowania &#8211; Konie 08915 Szablony do odrysowywania stan\u0105 si\u0119 wspania\u0142ym narz\u0119dziem do nauki samodzielnego rysowania dla maluszk\u00f3w powy\u017cej 4. roku \u017cycia. Tematem przewodnim zestawu s\u0105 \u015bliczne koniki usytuowane w ro\u017cnych pozycjach, jakie zach\u0119caj\u0105 do wsp\u00f3lnej zabawy wspania\u0142ymi kolorami i ciekaw\u0105 stylistyk\u0105. Ka\u017cdy z szablon\u00f3w posiada specjalne wyci\u0119cia, przez kt\u00f3re nale\u017cy przeprowadzi\u0107 o\u0142\u00f3wek, by na bia\u0142ej kartce odrysowa\u0107 konkretne kontury. Kolejnym etapem jest samodzielne pokolorowanie obrazka dowoln\u0105 technik\u0105, cho\u0107 inspiracj\u0105 z pewno\u015bci\u0105 stan\u0105 si\u0119 do\u0142\u0105czone do zestawu wielobarwne ilustracje. Szablony do rysowania z konikami francuskiej marki Djeco stan\u0105 si\u0119 wspania\u0142ym podarkiem, dzi\u0119ki kt\u00f3remu maluszki b\u0119d\u0105 mog\u0142y trenowa\u0107 zdolno\u015bci artystyczne, ale te\u017c zr\u0119czno\u015b\u0107 oraz precyzj\u0119. DJECO &#8211; Szablony do rysowania &#8211; Konie 08915 &#8211; informacje dodatkowe: Producent: DJECO Seria: Szablony do rysowania Numer katalogowy: 08915 Wiek dziecka: 4 &#8211; 7 lat Wymiary opakowania: 22 cm x 23 cm x 0,5 cm<\/p>\n<h2>Djeco Szablony Do Odrysowania Konie Djeco<\/h2>\n<p>trudne zagadki, opis na dzie\u0144 mamy, imie pola, opowie\u015bci z narni test, traktor z przyczep\u0105 kolorowanka, bajka o \u017cabie, \u015bmieszne zagadki dla dzieci 10 lat, desery dla dzieci, zagadka logiczna dla dzieci, postacie z bajek<\/p>\n<p>yyyyy<\/p>\n<p>&nbsp;<\/p>\n","protected":false},"excerpt":{"rendered":"<p>DJECO &#8211; Szablony do rysowania &#8211; Konie 08915 Szablony do odrysowywania stan\u0105 si\u0119 wspania\u0142ym narz\u0119dziem do nauki samodzielnego rysowania dla maluszk\u00f3w powy\u017cej 4. roku \u017cycia. Tematem przewodnim zestawu s\u0105 \u015bliczne koniki usytuowane w ro\u017cnych pozycjach, jakie zach\u0119caj\u0105 do wsp\u00f3lnej zabawy wspania\u0142ymi kolorami i ciekaw\u0105 stylistyk\u0105. Ka\u017cdy z szablon\u00f3w posiada specjalne wyci\u0119cia, przez kt\u00f3re nale\u017cy przeprowadzi\u0107 [&hellip;]<\/p>\n","protected":false},"featured_media":3055,"comment_status":"closed","ping_status":"open","template":"","meta":[],"product_cat":[434,21],"product_tag":[728,837,675,601],"class_list":["post-3054","product","type-product","status-publish","has-post-thumbnail","hentry","product_cat-djeco","product_cat-zabawki-plastyczne","product_tag-bezwarunkowa-milosc-do-dziecka-cytaty","product_tag-cicha-noc-po-angielsku","product_tag-test-z-lektury-kajko-i-kokosz-szkola-latania","product_tag-zagadki-co-to-jest"],"_links":{"self":[{"href":"http:\/\/klubmamgdynia.pl\/index.php\/wp-json\/wp\/v2\/product\/3054","targetHints":{"allow":["GET"]}}],"collection":[{"href":"http:\/\/klubmamgdynia.pl\/index.php\/wp-json\/wp\/v2\/product"}],"about":[{"href":"http:\/\/klubmamgdynia.pl\/index.php\/wp-json\/wp\/v2\/types\/product"}],"replies":[{"embeddable":true,"href":"http:\/\/klubmamgdynia.pl\/index.php\/wp-json\/wp\/v2\/comments?post=3054"}],"wp:featuredmedia":[{"embeddable":true,"href":"http:\/\/klubmamgdynia.pl\/index.php\/wp-json\/wp\/v2\/media\/3055"}],"wp:attachment":[{"href":"http:\/\/klubmamgdynia.pl\/index.php\/wp-json\/wp\/v2\/media?parent=3054"}],"wp:term":[{"taxonomy":"product_cat","embeddable":true,"href":"http:\/\/klubmamgdynia.pl\/index.php\/wp-json\/wp\/v2\/product_cat?post=3054"},{"taxonomy":"product_tag","embeddable":true,"href":"http:\/\/klubmamgdynia.pl\/index.php\/wp-json\/wp\/v2\/product_tag?post=3054"}],"curies":[{"name":"wp","href":"https:\/\/api.w.org\/{rel}","templated":true}]}}