{"id":3058,"date":"2025-05-18T16:38:40","date_gmt":"2025-05-18T14:38:40","guid":{"rendered":"http:\/\/klubmamgdynia.pl\/?post_type=product&#038;p=3058"},"modified":"2026-04-07T02:29:04","modified_gmt":"2026-04-07T00:29:04","slug":"lego-zestaw-polek-brick-4-brick-8-czarne-41171733","status":"publish","type":"product","link":"http:\/\/klubmamgdynia.pl\/index.php\/produkt\/lego-zestaw-polek-brick-4-brick-8-czarne-41171733\/","title":{"rendered":"LEGO Zestaw P\u00f3\u0142ek Brick 4 &amp; Brick 8 Czarne 41171733"},"content":{"rendered":"<p>P\u00f3\u0142ki w kszta\u0142cie klock\u00f3w LEGO\u00ae s\u0105 wyr\u00f3\u017cniaj\u0105cym si\u0119 elementem wystroju pokoju dziecka lub doros\u0142ych fan\u00f3w marki. Idealnie nadaj\u0105 si\u0119 na ma\u0142e ksi\u0105\u017cki, pluszaki, ukochane zabawki lub inne drobne bibeloty. Skandynawski design w najlepszej ods\u0142onie &#8211; minimalizm, prostota i funkcjonalno\u015b\u0107 utrzymane w duchu beztroskiej zabawy klockami LEGO\u00ae. UWAGA: Urzeka zar\u00f3wno ma\u0142e, jak i bardzo doros\u0142e dzieci!P\u00f3\u0142ki maj\u0105 kszta\u0142t klock\u00f3w LEGO\u00aeZestaw 2 p\u00f3\u0142ek &#8211; Brick 4 i Brick 8 &#8211; w tym samym kolorze\u0141adne prezentowe opakowanieIdealne do przechowywania ma\u0142ych ksi\u0105\u017cek, ulubionych zabawek lub innych drobnych bibelot\u00f3wPrzykuwaj\u0105cy wzrok element wystroju pokoju dziecka lub doros\u0142ych fan\u00f3w markiDost\u0119pn\u0119 w wielu kolorachMateria\u0142: wykonano z polipropylenu. Producent nie stosuje BPA, ftalan\u00f3w ani PCWWymiary p\u00f3\u0142ek: 15,9\/31,8 x 15,9\/21,1 x 21,1\/15,9 cm.<\/p>\n<h2>LEGO Zestaw P\u00f3\u0142ek Brick 4 &amp; Brick 8 Czarne 41171733 LEGO<\/h2>\n<p>kolorowanka spiderman, z\u0142ote my\u015bli o rodzinie, jak narysowa\u0107 sanie miko\u0142aja, quiz o stolicach europy, roczek prezent, myszka miki kolorowanka, imie nadia<\/p>\n<p>yyyyy<\/p>\n<p>&nbsp;<\/p>\n","protected":false},"excerpt":{"rendered":"<p>P\u00f3\u0142ki w kszta\u0142cie klock\u00f3w LEGO\u00ae s\u0105 wyr\u00f3\u017cniaj\u0105cym si\u0119 elementem wystroju pokoju dziecka lub doros\u0142ych fan\u00f3w marki. Idealnie nadaj\u0105 si\u0119 na ma\u0142e ksi\u0105\u017cki, pluszaki, ukochane zabawki lub inne drobne bibeloty. Skandynawski design w najlepszej ods\u0142onie &#8211; minimalizm, prostota i funkcjonalno\u015b\u0107 utrzymane w duchu beztroskiej zabawy klockami LEGO\u00ae. UWAGA: Urzeka zar\u00f3wno ma\u0142e, jak i bardzo doros\u0142e dzieci!P\u00f3\u0142ki [&hellip;]<\/p>\n","protected":false},"featured_media":3059,"comment_status":"closed","ping_status":"open","template":"","meta":[],"product_cat":[540,990],"product_tag":[676,768,631,579,770],"class_list":["post-3058","product","type-product","status-publish","has-post-thumbnail","hentry","product_cat-lego","product_cat-skrzynie-i-pojemniki-na-zabawki","product_tag-bursztynek","product_tag-krotkie-zagadki-logiczne","product_tag-prezent-na-roczek","product_tag-quiz-opowiesci-z-narnii-lew-czarownica-i-stara-szafa","product_tag-samolot-z-papieru"],"_links":{"self":[{"href":"http:\/\/klubmamgdynia.pl\/index.php\/wp-json\/wp\/v2\/product\/3058","targetHints":{"allow":["GET"]}}],"collection":[{"href":"http:\/\/klubmamgdynia.pl\/index.php\/wp-json\/wp\/v2\/product"}],"about":[{"href":"http:\/\/klubmamgdynia.pl\/index.php\/wp-json\/wp\/v2\/types\/product"}],"replies":[{"embeddable":true,"href":"http:\/\/klubmamgdynia.pl\/index.php\/wp-json\/wp\/v2\/comments?post=3058"}],"wp:featuredmedia":[{"embeddable":true,"href":"http:\/\/klubmamgdynia.pl\/index.php\/wp-json\/wp\/v2\/media\/3059"}],"wp:attachment":[{"href":"http:\/\/klubmamgdynia.pl\/index.php\/wp-json\/wp\/v2\/media?parent=3058"}],"wp:term":[{"taxonomy":"product_cat","embeddable":true,"href":"http:\/\/klubmamgdynia.pl\/index.php\/wp-json\/wp\/v2\/product_cat?post=3058"},{"taxonomy":"product_tag","embeddable":true,"href":"http:\/\/klubmamgdynia.pl\/index.php\/wp-json\/wp\/v2\/product_tag?post=3058"}],"curies":[{"name":"wp","href":"https:\/\/api.w.org\/{rel}","templated":true}]}}