{"id":3060,"date":"2016-03-02T00:58:25","date_gmt":"2016-03-01T23:58:25","guid":{"rendered":"http:\/\/klubmamgdynia.pl\/index.php\/produkt\/cobi-pedzelek-4-0-rev-39651\/"},"modified":"2026-04-06T08:15:22","modified_gmt":"2026-04-06T06:15:22","slug":"cobi-pedzelek-4-0-rev-39651","status":"publish","type":"product","link":"http:\/\/klubmamgdynia.pl\/index.php\/produkt\/cobi-pedzelek-4-0-rev-39651\/","title":{"rendered":"Cobi P\u0119dzelek &#8222;4\/0&#8221; &#8211; REV-39651"},"content":{"rendered":"<p>P\u0119dzelek &#8222;4\/0&#8221; 39651 COBI &#8211; Cobi<\/p>\n<h2>Cobi P\u0119dzelek &#8222;4\/0&#8221; &#8211; REV-39651 Cobi<\/h2>\n<p>atrakcje dla dzieci wroc\u0142aw 2021, oryginalny prezent na roczek dla ch\u0142opca, po\u0142\u0105cz kropki do wydruku pdf, test z lektury kajko i kokosz, leon imi\u0119, zabawka na roczek dla ch\u0142opca, \u0142atwe ale podchwytliwe zagadki, atrakcje dla dzieci wroc\u0142aw i okolice, kolorowanki konie z je\u017ad\u017acem, wydarzenia dla dzieci warszawa<\/p>\n<p>yyyyy<\/p>\n<p>&nbsp;<\/p>\n","protected":false},"excerpt":{"rendered":"<p>P\u0119dzelek &#8222;4\/0&#8221; 39651 COBI &#8211; Cobi Cobi P\u0119dzelek &#8222;4\/0&#8221; &#8211; REV-39651 Cobi atrakcje dla dzieci wroc\u0142aw 2021, oryginalny prezent na roczek dla ch\u0142opca, po\u0142\u0105cz kropki do wydruku pdf, test z lektury kajko i kokosz, leon imi\u0119, zabawka na roczek dla ch\u0142opca, \u0142atwe ale podchwytliwe zagadki, atrakcje dla dzieci wroc\u0142aw i okolice, kolorowanki konie z je\u017ad\u017acem, [&hellip;]<\/p>\n","protected":false},"featured_media":3061,"comment_status":"closed","ping_status":"open","template":"","meta":[],"product_cat":[484,297],"product_tag":[829,665,743,841,773,592],"class_list":["post-3060","product","type-product","status-publish","has-post-thumbnail","hentry","product_cat-cobi","product_cat-szkolne-artykuly-plastyczne","product_tag-bajki-do-czytania-na-dobranoc","product_tag-proste-zagadki","product_tag-quiz-dla-dzieci","product_tag-quiz-o-flagach","product_tag-test-z-lektury-opowiesci-z-narnii-lew-czarownica-i-stara-szafa","product_tag-zagadki-dla-dzieci"],"_links":{"self":[{"href":"http:\/\/klubmamgdynia.pl\/index.php\/wp-json\/wp\/v2\/product\/3060","targetHints":{"allow":["GET"]}}],"collection":[{"href":"http:\/\/klubmamgdynia.pl\/index.php\/wp-json\/wp\/v2\/product"}],"about":[{"href":"http:\/\/klubmamgdynia.pl\/index.php\/wp-json\/wp\/v2\/types\/product"}],"replies":[{"embeddable":true,"href":"http:\/\/klubmamgdynia.pl\/index.php\/wp-json\/wp\/v2\/comments?post=3060"}],"wp:featuredmedia":[{"embeddable":true,"href":"http:\/\/klubmamgdynia.pl\/index.php\/wp-json\/wp\/v2\/media\/3061"}],"wp:attachment":[{"href":"http:\/\/klubmamgdynia.pl\/index.php\/wp-json\/wp\/v2\/media?parent=3060"}],"wp:term":[{"taxonomy":"product_cat","embeddable":true,"href":"http:\/\/klubmamgdynia.pl\/index.php\/wp-json\/wp\/v2\/product_cat?post=3060"},{"taxonomy":"product_tag","embeddable":true,"href":"http:\/\/klubmamgdynia.pl\/index.php\/wp-json\/wp\/v2\/product_tag?post=3060"}],"curies":[{"name":"wp","href":"https:\/\/api.w.org\/{rel}","templated":true}]}}