{"id":3064,"date":"2021-11-04T01:52:40","date_gmt":"2021-11-04T00:52:40","guid":{"rendered":"http:\/\/klubmamgdynia.pl\/index.php\/produkt\/djeco-magnesy-drewniane-literki-38-sztuk-dj03100\/"},"modified":"2026-04-30T03:30:58","modified_gmt":"2026-04-30T01:30:58","slug":"djeco-magnesy-drewniane-literki-38-sztuk-dj03100","status":"publish","type":"product","link":"http:\/\/klubmamgdynia.pl\/index.php\/produkt\/djeco-magnesy-drewniane-literki-38-sztuk-dj03100\/","title":{"rendered":"Djeco Magnesy Drewniane Literki 38 Sztuk (Dj03100)"},"content":{"rendered":"<p>DJECO &#8211; Drewniane magnesy &#8211; Literki Drewniane magnesy &#8222;;Literki&#8221;; to wspania\u0142a zabawka edukacyjna francuskiej marki DJECO. Zestaw sk\u0142ada si\u0119 38 du\u017cych liter (bez polskich znak\u00f3w, np. \u0105, \u0119, \u0107, \u0142, itd.). Wszystkie literki wykonane zosta\u0142y z drewna i wyko\u0144czone ciekaw\u0105 grafik\u0105 (ka\u017cda literka jest w innym wzorze i kolorze). Magnetyczne literki to doskona\u0142a pomoc dydaktyczna w nauce rozpoznawania literek. Jest to te\u017c dobry spos\u00f3b na pozostawienie wiadomo\u015bci dla cz\u0142onk\u00f3w rodziny na lod\u00f3wce lub po prostu na podtrzymanie rysunku dziecka. Ca\u0142o\u015b\u0107 zosta\u0142a zapakowana w praktyczne kolorowe pude\u0142ko. Zabawa z magnesami &#8222;;Literki&#8221;; to doskona\u0142y spos\u00f3b na nauk\u0119 alfabetu dla najm\u0142odszych. Dzi\u0119ki kolorowej formie dziecko poprzez zabaw\u0119 w \u0142atwy spos\u00f3b przyswoi sobie podstawowe literki, a p\u00f3\u017aniej nauczy si\u0119 sk\u0142ada\u0107 swoje pierwsze, proste wyrazy. Zabawka to r\u00f3wnie\u017c poznawanie kolor\u00f3w oraz nauka logicznego my\u015blenia. Producent: DJECO Seria: Magnesy Numer katalogowy: 03100 Wiek dziecka: 3+ Wymiary opakowania: 21,8 cm x 19 cm x 4 cm Djeco to firma z d\u0142ugoletni\u0105 tradycj\u0105, za\u0142o\u017cona ju\u017c w 1954 roku. Od 1995 r. firma koncentruje si\u0119 na produkcji zabawek edukacyjnych dla dzieci w wieku od 1 do 8 lat. Djeco w swojej ofercie posiada ponad 700 produkt\u00f3w, kt\u00f3re s\u0105 eksportowane do ponad 40 kraj\u00f3w na ca\u0142ym \u015bwiecie oraz wystawiane w wielu presti\u017cowych muzeach. Zesp\u00f3\u0142 projektant\u00f3w oraz ilustrator\u00f3w pracuje w siedzibie firmy w Pary\u017cu, gdzie powstaj\u0105 projekty nowych zabawek zgodnych z filozofi\u0105 firmy, aby wzbudza\u0107 zainteresowanie dzieci i wzbogaca\u0107 ich wyobra\u017ani\u0119 i zdolno\u015bci poprzez zabaw\u0119. Zabawki francuskiej marki charakteryzuj\u0105 si\u0119 \u017cyw\u0105 kolorystyk\u0105, oryginalnym wzornictwem, wysokimi warto\u015bciami edukacyjnymi i kreatywnymi. Wszystkie zabawki Djeco spe\u0142niaj\u0105 europejskie normy bezpiecze\u0144stwa.<\/p>\n<h2>Djeco Magnesy Drewniane Literki 38 Sztuk (Dj03100) Djeco<\/h2>\n<p>bajki do czytania, jak narysowa\u0107 kr\u00f3lika, ko\u0142ysanka dla dzieci tekst, ahmed, bajki terapeutyczne o emocjach pdf, lucjan, piesek kolorowanka, szlaczki literopodobne do wydruku, nauczyciel cytaty, nowe quizy do rozwi\u0105zania, quiz online, cytaty o dzieciach i rodzicach, quizy flagi, kuba imie, piosenka dla taty przedszkole, co \u0142apie ale nie rzuca, miko\u0142ajek &#8211; test z odpowiedziami, sentencja rodzina, natan imi\u0119, malowanki, atrakcje dla dzieci wroclaw<\/p>\n<p>yyyyy<\/p>\n<p>&nbsp;<\/p>\n","protected":false},"excerpt":{"rendered":"<p>DJECO &#8211; Drewniane magnesy &#8211; Literki Drewniane magnesy &#8222;;Literki&#8221;; to wspania\u0142a zabawka edukacyjna francuskiej marki DJECO. Zestaw sk\u0142ada si\u0119 38 du\u017cych liter (bez polskich znak\u00f3w, np. \u0105, \u0119, \u0107, \u0142, itd.). Wszystkie literki wykonane zosta\u0142y z drewna i wyko\u0144czone ciekaw\u0105 grafik\u0105 (ka\u017cda literka jest w innym wzorze i kolorze). Magnetyczne literki to doskona\u0142a pomoc dydaktyczna [&hellip;]<\/p>\n","protected":false},"featured_media":3065,"comment_status":"closed","ping_status":"open","template":"","meta":[],"product_cat":[434,537],"product_tag":[696,620,760],"class_list":["post-3064","product","type-product","status-publish","has-post-thumbnail","hentry","product_cat-djeco","product_cat-pozostale-zabawki-edukacyjne","product_tag-film-rodzinny-o-swietach","product_tag-quiz-opowiesci-z-narnii","product_tag-zagadka-matematyczna"],"_links":{"self":[{"href":"http:\/\/klubmamgdynia.pl\/index.php\/wp-json\/wp\/v2\/product\/3064","targetHints":{"allow":["GET"]}}],"collection":[{"href":"http:\/\/klubmamgdynia.pl\/index.php\/wp-json\/wp\/v2\/product"}],"about":[{"href":"http:\/\/klubmamgdynia.pl\/index.php\/wp-json\/wp\/v2\/types\/product"}],"replies":[{"embeddable":true,"href":"http:\/\/klubmamgdynia.pl\/index.php\/wp-json\/wp\/v2\/comments?post=3064"}],"wp:featuredmedia":[{"embeddable":true,"href":"http:\/\/klubmamgdynia.pl\/index.php\/wp-json\/wp\/v2\/media\/3065"}],"wp:attachment":[{"href":"http:\/\/klubmamgdynia.pl\/index.php\/wp-json\/wp\/v2\/media?parent=3064"}],"wp:term":[{"taxonomy":"product_cat","embeddable":true,"href":"http:\/\/klubmamgdynia.pl\/index.php\/wp-json\/wp\/v2\/product_cat?post=3064"},{"taxonomy":"product_tag","embeddable":true,"href":"http:\/\/klubmamgdynia.pl\/index.php\/wp-json\/wp\/v2\/product_tag?post=3064"}],"curies":[{"name":"wp","href":"https:\/\/api.w.org\/{rel}","templated":true}]}}