{"id":3066,"date":"2023-10-02T01:13:21","date_gmt":"2023-10-01T23:13:21","guid":{"rendered":"http:\/\/klubmamgdynia.pl\/?post_type=product&#038;p=3066"},"modified":"2026-04-29T15:29:51","modified_gmt":"2026-04-29T13:29:51","slug":"vidaxl-barierka-do-lozeczka-dzieciecego-ciemnoszara-120x25cm","status":"publish","type":"product","link":"http:\/\/klubmamgdynia.pl\/index.php\/produkt\/vidaxl-barierka-do-lozeczka-dzieciecego-ciemnoszara-120x25cm\/","title":{"rendered":"Vidaxl Barierka Do \u0141\u00f3\u017ceczka Dzieci\u0119cego Ciemnoszara 120X25Cm"},"content":{"rendered":"<p>Ta barierka zabezpieczaj\u0105ca do \u0142\u00f3\u017cka oferuje optymaln\u0105 ochron\u0119 przed spadni\u0119ciem, a tym samym gwarantuje spokojny sen Twojego dziecka.Wykonana z tkaniny poliestrowej, kt\u00f3r\u0105 mo\u017cna pra\u0107 i lekkich, metalowych rurek barierka jest mocna, trwa\u0142a i \u0142atwa do czyszczenia. Zawiera przyciski po obydwu stronach, mo\u017cna wi\u0119c j\u0105 \u0142atwo zmontowa\u0107. Dodatkowo jej wysoko\u015b\u0107 mo\u017cna swobodnie regulowa\u0107, aby ustawi\u0107 najbardziej odpowiedni\u0105. Uwaga: barierka ta jest przeznaczona dla dzieci w wieku od 18 miesi\u0119cy do 5 lat. Mo\u017cna j\u0105 zastosowa\u0107 przy wi\u0119kszo\u015bci \u0142\u00f3\u017cek z materacami o grubo\u015bci 3-25 cm, opr\u00f3cz \u0142\u00f3\u017cek pi\u0119trowych, \u0142\u00f3\u017ceczek niemowl\u0119cych, \u0142\u00f3\u017cek wodnych oraz \u0142\u00f3\u017cek z nadmuchiwanymi materacami.Kolor: ciemnoszaryMateria\u0142: tkanina (100% poliester), metalWymiary: 120 x 25 cm (d\u0142. x szer.)Wysoko\u015b\u0107: 70-95 cmProdukt odpowiedni do materacy o grubo\u015bci 3-25 cmDla dzieci w wieku od 18 miesi\u0119cy do 5 latDo u\u017cytku wy\u0142\u0105cznie w warunkach domowychWymagany monta\u017c: tak<\/p>\n<h2>Vidaxl Barierka Do \u0141\u00f3\u017ceczka Dzieci\u0119cego Ciemnoszara 120X25Cm VidaXL<\/h2>\n<p>test z ani z zielonego wzg\u00f3rza, hello kitty kolorowanka, zagadki dla 7 latk\u00f3w, zagadki dla dzieci 7-8 lat online, laura, \u017carty prima aprilis, m\u00f3j przyjaciel mi\u015b scenariusz zaj\u0119\u0107 w przedszkolu, kolorowanka pies, minionki kolorowanka, prezent dla dziewczynki 7 lat, prezenty roczek, piosenka na dzie\u0144 mamy tekst<\/p>\n<p>yyyyy<\/p>\n<p>&nbsp;<\/p>\n","protected":false},"excerpt":{"rendered":"<p>Ta barierka zabezpieczaj\u0105ca do \u0142\u00f3\u017cka oferuje optymaln\u0105 ochron\u0119 przed spadni\u0119ciem, a tym samym gwarantuje spokojny sen Twojego dziecka.Wykonana z tkaniny poliestrowej, kt\u00f3r\u0105 mo\u017cna pra\u0107 i lekkich, metalowych rurek barierka jest mocna, trwa\u0142a i \u0142atwa do czyszczenia. Zawiera przyciski po obydwu stronach, mo\u017cna wi\u0119c j\u0105 \u0142atwo zmontowa\u0107. Dodatkowo jej wysoko\u015b\u0107 mo\u017cna swobodnie regulowa\u0107, aby ustawi\u0107 najbardziej [&hellip;]<\/p>\n","protected":false},"featured_media":3067,"comment_status":"closed","ping_status":"open","template":"","meta":[],"product_cat":[949,23],"product_tag":[580,766,807,652,779],"class_list":["post-3066","product","type-product","status-publish","has-post-thumbnail","hentry","product_cat-akcesoria-do-mebli-dzieciecych","product_cat-vidaxl","product_tag-janusz","product_tag-kira","product_tag-logiczne-zagadki","product_tag-otto","product_tag-zarty-na-prima-aprilis-w-domu"],"_links":{"self":[{"href":"http:\/\/klubmamgdynia.pl\/index.php\/wp-json\/wp\/v2\/product\/3066","targetHints":{"allow":["GET"]}}],"collection":[{"href":"http:\/\/klubmamgdynia.pl\/index.php\/wp-json\/wp\/v2\/product"}],"about":[{"href":"http:\/\/klubmamgdynia.pl\/index.php\/wp-json\/wp\/v2\/types\/product"}],"replies":[{"embeddable":true,"href":"http:\/\/klubmamgdynia.pl\/index.php\/wp-json\/wp\/v2\/comments?post=3066"}],"wp:featuredmedia":[{"embeddable":true,"href":"http:\/\/klubmamgdynia.pl\/index.php\/wp-json\/wp\/v2\/media\/3067"}],"wp:attachment":[{"href":"http:\/\/klubmamgdynia.pl\/index.php\/wp-json\/wp\/v2\/media?parent=3066"}],"wp:term":[{"taxonomy":"product_cat","embeddable":true,"href":"http:\/\/klubmamgdynia.pl\/index.php\/wp-json\/wp\/v2\/product_cat?post=3066"},{"taxonomy":"product_tag","embeddable":true,"href":"http:\/\/klubmamgdynia.pl\/index.php\/wp-json\/wp\/v2\/product_tag?post=3066"}],"curies":[{"name":"wp","href":"https:\/\/api.w.org\/{rel}","templated":true}]}}