{"id":3070,"date":"2022-07-06T06:43:02","date_gmt":"2022-07-06T04:43:02","guid":{"rendered":"http:\/\/klubmamgdynia.pl\/index.php\/produkt\/fotelik-samochodowy-maxi-cosi-citi-black-raven-0-13kg\/"},"modified":"2026-04-03T23:53:45","modified_gmt":"2026-04-03T21:53:45","slug":"fotelik-samochodowy-maxi-cosi-citi-black-raven-0-13kg","status":"publish","type":"product","link":"http:\/\/klubmamgdynia.pl\/index.php\/produkt\/fotelik-samochodowy-maxi-cosi-citi-black-raven-0-13kg\/","title":{"rendered":"Fotelik samochodowy Maxi-Cosi Citi Black Raven 0-13Kg"},"content":{"rendered":"<p>_                            <\/p>\n<p>Citi____Lekki fotelik dla niemowl\u0105tOd urodzenia do ok. 12 miesi\u0105ca \u017cycia0 &#8211; 13 kgColour Swatch Black Raven                            <\/p>\n<p>Dlaczego warto wybra\u0107 ten produkt?                            <\/p>\n<p>System Ochrony Bocznej________System Ochrony Bocznej zapewnia optymalne bezpiecze\u0144stwo                            <\/p>\n<p>Lekki________Lekki z ergonomicznym pa\u0142\u0105kiem do \u0142atwego przenoszenia                            <\/p>\n<p>Mo\u017cna wpina\u0107 do wybranych w\u00f3zk\u00f3w________Mo\u017cna go wpina\u0107 do stela\u017cy w\u00f3zk\u00f3w Maxi-Cosi                            <\/p>\n<p>Opis produktuMaxi-Cosi Citi to przeno\u015bny fotelik dla niemowl\u0105t, kt\u00f3ry zabierzesz ze sob\u0105 wsz\u0119dzie, bez \u017cadnego problemu! Citi jest bardzo lekki.\u00a0__________                            <\/p>\n<p>Monta\u017cKomfortowa, watowana tapicerka, maksymalny poziom bezpiecze\u0144stwa dzi\u0119ki Systemowi Ochrony Bocznej i \u0142atwy monta\u017c samochodowym pasem bezpiecze\u0144stwa sprawi\u0105, ze ju\u017c nigdy nie musisz martwi\u0107 si\u0119 o bezpiecze\u0144stwo Twojego dziecka.                            <\/p>\n<p>__________                            <\/p>\n<p>Bezpiecze\u0144stwoWbudowany System Ochrony Bocznej zwi\u0119ksza bezpiecze\u0144stwo podczas podr\u00f3\u017cy. Citi \u0142atwo zamontujesz w samochodzie za pomoc\u0105 samochodowego pasa bezpiecze\u0144stwa, a kiedy zechcesz p\u00f3j\u015b\u0107 na spacer, szybko umie\u015bcisz go na stela\u017cu w\u00f3zka Maxi-Cosi, tworz\u0105c prosty i elastyczny system podr\u00f3\u017cny.                            <\/p>\n<p>__________                            <\/p>\n<p>CECHY                            <\/p>\n<p>\u0141atwo\u015b\u0107 u\u017cytkowania________\u00a0Mo\u017ce by\u0107 montowany za pomoc\u0105 3 punktowego samochodowego pasa bezpiecze\u0144stwaLekki fotelik z ergonomiczn\u0105 r\u0105czk\u0105, do wygodnego przenoszeniaMo\u017cliwo\u015b\u0107 prania tapicerki w pralceZdejmowana tapicerka bez konieczno\u015bci demonta\u017cu uprz\u0119\u017cyDopuszczony przez T\u00dcV do u\u017cytku w samolotach                            <\/p>\n<p>Komfort________Dodatkowo watowane siedzisko zapewnia komfort podczas jazdyZintegrowany daszek przeciws\u0142oneczny ochroni Twoje dziecko przed promieniami s\u0142onecznymi                            <\/p>\n<p>Bezpiecze\u0144stwo________System Ochrony Bocznej zwi\u0119ksza bezpiecze\u0144stwo dziecka w podr\u00f3\u017cyUstawienie ty\u0142em do kierunku jazdy dla zapewnienia optymalnego bezpiecze\u0144stwa3 punktowa uprz\u0105\u017c zapewnia bezpiecze\u0144stwo dziecku przy uderzeniu czo\u0142owym                            <\/p>\n<p>SPECYFIKACJA TECHNICZNA                            <\/p>\n<p>Product SKU________8823672300                            <\/p>\n<p>Wymiary________                            <\/p>\n<p>FILMY INSTRUKTA\u017bOWE<\/p>\n<h2>Fotelik samochodowy Maxi-Cosi Citi Black Raven 0-13Kg Maxi-Cosi<\/h2>\n<p>zabawka dla rocznej dziewczynki, ferie warszawa 2022, imie iwo, kr\u00f3tkie zagadki matematyczne z odpowiedziami, szlaczki literopodobne do wydruku, dobre \u017carty na prima aprilis, traktor z przyczep\u0105 kolorowanka do druku, origami dla dzieci, bajki dla dzieci na dobranoc do czytania, jacek, imi\u0119 adriana, kolorowanki do druku dla doros\u0142ych, opowie\u015bci z narnii lew czarownica i stara szafa test do wydruku, zagadki dla dzieci, miriam imi\u0119<\/p>\n<p>yyyyy<\/p>\n<p>&nbsp;<\/p>\n","protected":false},"excerpt":{"rendered":"<p>_ Citi____Lekki fotelik dla niemowl\u0105tOd urodzenia do ok. 12 miesi\u0105ca \u017cycia0 &#8211; 13 kgColour Swatch Black Raven Dlaczego warto wybra\u0107 ten produkt? System Ochrony Bocznej________System Ochrony Bocznej zapewnia optymalne bezpiecze\u0144stwo Lekki________Lekki z ergonomicznym pa\u0142\u0105kiem do \u0142atwego przenoszenia Mo\u017cna wpina\u0107 do wybranych w\u00f3zk\u00f3w________Mo\u017cna go wpina\u0107 do stela\u017cy w\u00f3zk\u00f3w Maxi-Cosi Opis produktuMaxi-Cosi Citi to przeno\u015bny fotelik dla [&hellip;]<\/p>\n","protected":false},"featured_media":3071,"comment_status":"closed","ping_status":"open","template":"","meta":[],"product_cat":[32,995],"product_tag":[724,767,715],"class_list":["post-3070","product","type-product","status-publish","has-post-thumbnail","hentry","product_cat-foteliki-samochodowe","product_cat-maxi-cosi","product_tag-zagadki-podchwytliwe","product_tag-zaproszenia-urodzinowe-do-druku","product_tag-zosia-samosia"],"_links":{"self":[{"href":"http:\/\/klubmamgdynia.pl\/index.php\/wp-json\/wp\/v2\/product\/3070","targetHints":{"allow":["GET"]}}],"collection":[{"href":"http:\/\/klubmamgdynia.pl\/index.php\/wp-json\/wp\/v2\/product"}],"about":[{"href":"http:\/\/klubmamgdynia.pl\/index.php\/wp-json\/wp\/v2\/types\/product"}],"replies":[{"embeddable":true,"href":"http:\/\/klubmamgdynia.pl\/index.php\/wp-json\/wp\/v2\/comments?post=3070"}],"wp:featuredmedia":[{"embeddable":true,"href":"http:\/\/klubmamgdynia.pl\/index.php\/wp-json\/wp\/v2\/media\/3071"}],"wp:attachment":[{"href":"http:\/\/klubmamgdynia.pl\/index.php\/wp-json\/wp\/v2\/media?parent=3070"}],"wp:term":[{"taxonomy":"product_cat","embeddable":true,"href":"http:\/\/klubmamgdynia.pl\/index.php\/wp-json\/wp\/v2\/product_cat?post=3070"},{"taxonomy":"product_tag","embeddable":true,"href":"http:\/\/klubmamgdynia.pl\/index.php\/wp-json\/wp\/v2\/product_tag?post=3070"}],"curies":[{"name":"wp","href":"https:\/\/api.w.org\/{rel}","templated":true}]}}