{"id":3072,"date":"2012-02-05T16:54:49","date_gmt":"2012-02-05T15:54:49","guid":{"rendered":"http:\/\/klubmamgdynia.pl\/index.php\/produkt\/3-sprouts-skrzynka-na-zabawki-skladana-large-yellow\/"},"modified":"2026-04-23T09:14:05","modified_gmt":"2026-04-23T07:14:05","slug":"3-sprouts-skrzynka-na-zabawki-skladana-large-yellow","status":"publish","type":"product","link":"http:\/\/klubmamgdynia.pl\/index.php\/produkt\/3-sprouts-skrzynka-na-zabawki-skladana-large-yellow\/","title":{"rendered":"3 Sprouts Skrzynka na Zabawki Sk\u0142adana Large Yellow"},"content":{"rendered":"<p>3 Sprouts Skrzynka na Zabawki Sk\u0142adana Large Yellow<\/p>\n<h2>3 Sprouts Skrzynka na Zabawki Sk\u0142adana Large Yellow 3 Sprouts<\/h2>\n<p>kolorowanki, nela imi\u0119, straszne filmy dla dzieci, dziecko cytaty, trudne zagadki na inteligencje, zabawka na roczek dla ch\u0142opca, zagadki wielkanocne dla dzieci, przygody tomka sawyera test, bajka o smoku wawelskim, zabawy dla 5 6 latk\u00f3w, pomys\u0142y na prima aprilis w szkole, naj\u0142adniejsze ko\u0142ysanki dla dzieci, postacie z bajek, gry planszowe dla nastolatk\u00f3w, zagadki dla 7 latka, alfabet kolorowanki, borys imi\u0119<\/p>\n<p>yyyyy<\/p>\n<p>&nbsp;<\/p>\n","protected":false},"excerpt":{"rendered":"<p>3 Sprouts Skrzynka na Zabawki Sk\u0142adana Large Yellow 3 Sprouts Skrzynka na Zabawki Sk\u0142adana Large Yellow 3 Sprouts kolorowanki, nela imi\u0119, straszne filmy dla dzieci, dziecko cytaty, trudne zagadki na inteligencje, zabawka na roczek dla ch\u0142opca, zagadki wielkanocne dla dzieci, przygody tomka sawyera test, bajka o smoku wawelskim, zabawy dla 5 6 latk\u00f3w, pomys\u0142y na [&hellip;]<\/p>\n","protected":false},"featured_media":3073,"comment_status":"closed","ping_status":"open","template":"","meta":[],"product_cat":[1004,990],"product_tag":[777,593,687,759],"class_list":["post-3072","product","type-product","status-publish","has-post-thumbnail","hentry","product_cat-3-sprouts","product_cat-skrzynie-i-pojemniki-na-zabawki","product_tag-co-na-roczek","product_tag-jak-narysowac-konia","product_tag-podchwytliwe-zagadki-matematyczne","product_tag-pomysly-na-prezent-dla-nastolatkow"],"_links":{"self":[{"href":"http:\/\/klubmamgdynia.pl\/index.php\/wp-json\/wp\/v2\/product\/3072","targetHints":{"allow":["GET"]}}],"collection":[{"href":"http:\/\/klubmamgdynia.pl\/index.php\/wp-json\/wp\/v2\/product"}],"about":[{"href":"http:\/\/klubmamgdynia.pl\/index.php\/wp-json\/wp\/v2\/types\/product"}],"replies":[{"embeddable":true,"href":"http:\/\/klubmamgdynia.pl\/index.php\/wp-json\/wp\/v2\/comments?post=3072"}],"wp:featuredmedia":[{"embeddable":true,"href":"http:\/\/klubmamgdynia.pl\/index.php\/wp-json\/wp\/v2\/media\/3073"}],"wp:attachment":[{"href":"http:\/\/klubmamgdynia.pl\/index.php\/wp-json\/wp\/v2\/media?parent=3072"}],"wp:term":[{"taxonomy":"product_cat","embeddable":true,"href":"http:\/\/klubmamgdynia.pl\/index.php\/wp-json\/wp\/v2\/product_cat?post=3072"},{"taxonomy":"product_tag","embeddable":true,"href":"http:\/\/klubmamgdynia.pl\/index.php\/wp-json\/wp\/v2\/product_tag?post=3072"}],"curies":[{"name":"wp","href":"https:\/\/api.w.org\/{rel}","templated":true}]}}