{"id":3080,"date":"2016-02-03T08:03:28","date_gmt":"2016-02-03T07:03:28","guid":{"rendered":"http:\/\/klubmamgdynia.pl\/index.php\/produkt\/funkybox-pojemnik-na-chusteczki-to-go-dark-grey-white-star\/"},"modified":"2026-04-06T01:47:48","modified_gmt":"2026-04-05T23:47:48","slug":"funkybox-pojemnik-na-chusteczki-to-go-dark-grey-white-star","status":"publish","type":"product","link":"http:\/\/klubmamgdynia.pl\/index.php\/produkt\/funkybox-pojemnik-na-chusteczki-to-go-dark-grey-white-star\/","title":{"rendered":"Funkybox Pojemnik Na Chusteczki To Go Dark Grey White Star"},"content":{"rendered":"<p>Por\u0119czny, praktyczny i kolorowy pojemnik do przechowywania mokrych jak i suchych chusteczek. Jest bardzo szczelny, dlatego mokre chusteczki w nim nie wysychaj\u0105 i d\u0142u\u017cej utrzymuj\u0105 \u015bwie\u017co\u015b\u0107. Jest prosty w u\u017cyciu \u2013 wystarczy jednym klikni\u0119ciem otworzy\u0107 (zamkn\u0105\u0107) pojemnik i w \u0142atwy spos\u00f3b wyj\u0105\u0107 dowoln\u0105 ilo\u015b\u0107 chusteczek. Pojemnik pomie\u015bci ma\u0142e, standardowe opakowanie mokrych chusteczek. Absolutny must have podczas spaceru z dzieckiem, wycieczki czy podr\u00f3\u017cy samochodem. Pojemnik jest na tyle ma\u0142y, \u017ce zmie\u015bci si\u0119 w ka\u017cdej torebce, w\u00f3zku czy schowku samochodowym. Cechy: fajny i wygodny pojemnik do przechowywania mokrych jak i suchych chusteczek jest prosty w u\u017cyciu, posiada \u0142atwy spos\u00f3b otwierania i zamykania typu click jest szczelny, chusteczki w pojemniku nie wysychaj\u0105 i d\u0142u\u017cej utrzymuj\u0105 \u015bwie\u017co\u015b\u0107 posiada elastyczne dno, pozwalaj\u0105ce w prosty spos\u00f3b nape\u0142nia\u0107 pojemnik nowymi chusteczkami idealny pomocnik w trakcie przewijania malucha, po\u017c\u0105dany do wytarcia r\u0105czek czy buzi absolutny must have podczas spaceru z dzieckiem, wycieczki czy podr\u00f3\u017cy samochodem posiada \u015bwietny nowoczesny styl, kt\u00f3ry ozdobi ka\u017cdy dzieci\u0119cy pok\u00f3j wykonany z certyfikowanych materia\u0142\u00f3w bezpiecznych dla dziecka zaprojektowany w Holandii &#8211; dutch design Szczeg\u00f3\u0142y: wiek: 0m+ waga produktu [kg]: 0.113 wymiary produktu [cm]: 22 x 13 x 4 Produkt holenderskiej markiFunkybox, kt\u00f3ra z sukcesem tworzy praktyczne, kolorowe i nowoczesne a przy tym bardzo funkcjonalne przedmioty i akcesoria dla najm\u0142odszych, w tym: pojemniki na chusteczki, pieluszki czy pi\u0119kne i inspiruj\u0105ce dzieci\u0119ce plakaty. Funkybox to produkty o pi\u0119knych kolorach, przyjemnym holenderskim stylu, kt\u00f3re z powodzeniem wype\u0142ni\u0105 ka\u017cdy nawet najbardziej wymagaj\u0105cy pok\u00f3j dzieci\u0119cy.<\/p>\n<h2>Funkybox Pojemnik Na Chusteczki To Go Dark Grey White Star FunkyBox<\/h2>\n<p>dyplomy dla dzieci do druku, przechowywanie zabawek, zagadki dla doros\u0142ych z odpowiedziami, dyplomy dla dzieci do druku, zagadki dla dzieci 7-8 lat online, krecik bajka, co kupi\u0107 dziewczynce na roczek, test opowie\u015b\u0107 wigilijna<\/p>\n<p>yyyyy<\/p>\n<p>&nbsp;<\/p>\n","protected":false},"excerpt":{"rendered":"<p>Por\u0119czny, praktyczny i kolorowy pojemnik do przechowywania mokrych jak i suchych chusteczek. Jest bardzo szczelny, dlatego mokre chusteczki w nim nie wysychaj\u0105 i d\u0142u\u017cej utrzymuj\u0105 \u015bwie\u017co\u015b\u0107. Jest prosty w u\u017cyciu \u2013 wystarczy jednym klikni\u0119ciem otworzy\u0107 (zamkn\u0105\u0107) pojemnik i w \u0142atwy spos\u00f3b wyj\u0105\u0107 dowoln\u0105 ilo\u015b\u0107 chusteczek. Pojemnik pomie\u015bci ma\u0142e, standardowe opakowanie mokrych chusteczek. Absolutny must have [&hellip;]<\/p>\n","protected":false},"featured_media":3081,"comment_status":"closed","ping_status":"open","template":"","meta":[],"product_cat":[1007,901],"product_tag":[780,638,735],"class_list":["post-3080","product","type-product","status-publish","has-post-thumbnail","hentry","product_cat-funkybox","product_cat-pozostale-akcesoria-do-pielegnacji-dzieci","product_tag-krecik-bajka","product_tag-miastodzieci","product_tag-prezent-na-roczek-dziewczynka"],"_links":{"self":[{"href":"http:\/\/klubmamgdynia.pl\/index.php\/wp-json\/wp\/v2\/product\/3080","targetHints":{"allow":["GET"]}}],"collection":[{"href":"http:\/\/klubmamgdynia.pl\/index.php\/wp-json\/wp\/v2\/product"}],"about":[{"href":"http:\/\/klubmamgdynia.pl\/index.php\/wp-json\/wp\/v2\/types\/product"}],"replies":[{"embeddable":true,"href":"http:\/\/klubmamgdynia.pl\/index.php\/wp-json\/wp\/v2\/comments?post=3080"}],"wp:featuredmedia":[{"embeddable":true,"href":"http:\/\/klubmamgdynia.pl\/index.php\/wp-json\/wp\/v2\/media\/3081"}],"wp:attachment":[{"href":"http:\/\/klubmamgdynia.pl\/index.php\/wp-json\/wp\/v2\/media?parent=3080"}],"wp:term":[{"taxonomy":"product_cat","embeddable":true,"href":"http:\/\/klubmamgdynia.pl\/index.php\/wp-json\/wp\/v2\/product_cat?post=3080"},{"taxonomy":"product_tag","embeddable":true,"href":"http:\/\/klubmamgdynia.pl\/index.php\/wp-json\/wp\/v2\/product_tag?post=3080"}],"curies":[{"name":"wp","href":"https:\/\/api.w.org\/{rel}","templated":true}]}}