{"id":3082,"date":"2023-11-20T09:22:01","date_gmt":"2023-11-20T08:22:01","guid":{"rendered":"http:\/\/klubmamgdynia.pl\/?post_type=product&#038;p=3082"},"modified":"2026-04-06T08:35:53","modified_gmt":"2026-04-06T06:35:53","slug":"playmobil-6773-autobus-wycieczkowy","status":"publish","type":"product","link":"http:\/\/klubmamgdynia.pl\/index.php\/produkt\/playmobil-6773-autobus-wycieczkowy\/","title":{"rendered":"Playmobil 6773 Autobus Wycieczkowy"},"content":{"rendered":"<p>Playmobil to bogata paleta zestaw\u00f3w, nawi\u0105zuj\u0105cych w swej tematyce do otaczaj\u0105cej dzieci rzeczywisto\u015bci, a tak\u017ce do historii znanych z bajek i \u015bwiata fantazji. Serie Playmobil pozwalaj\u0105 dzieciom stworzy\u0107 w\u0142asne, miniaturowe &#8222;kr\u00f3lestwo&#8221;, odgrywa\u0107 scenki i wchodzi\u0107 w role poszczeg\u00f3lnych postaci. Te cechy zabawek Playmobil sprawiaj\u0105, \u017ce wp\u0142ywaj\u0105 one na rozw\u00f3j kreatywno\u015bci, fantazji i wra\u017cliwo\u015bci u dzieci, a tak\u017ce zach\u0119caj\u0105 do poznawania \u015bwiata. R\u00f3\u017cnorodna tematyka: zoo, lecznica, farma, stadnina, wakacje, szko\u0142a, las, Afryka, piraci &#8211; sprawia, \u017ce ka\u017cde dziecko znajdzie tu co\u015b dla siebie. Najwy\u017csza jako\u015b\u0107 produkt\u00f3w, zaawansowana technologia i linia produkcyjna wy\u0142\u0105cznie na terenie Europy, a tak\u017ce pi\u0119kna, \u017cywa kolorystyka to kolejne, istotne cechy zabawek Playmobil, dzi\u0119ki kt\u00f3rym zyska\u0142y one zaufanie rodzic\u00f3w na ca\u0142ym \u015bwiecie, a dzieciom dostarczaj\u0105 wiele godzin fantastycznej zabawy. Wspania\u0142y autobus, kt\u00f3ra pomo\u017ce Ci zawie\u017a\u0107 pasa\u017cer\u00f3w na miejsce. W ka\u017cdym mie\u015bcie potrzebna jest komunikacja miejska, z kt\u00f3rej mog\u0105 korzysta\u0107 mieszka\u0144cy. Jaki inny pojazd, jak nie autobus zapewni im transport? Wzboga\u0107 swoje miasteczko o ten znakomity pojazd. Poszczeg\u00f3lne elementy zestaw\u00f3w Playmobil mo\u017cna \u0142\u0105czy\u0107 z innymi ju\u017c posiadanymi, tworz\u0105c nowe i niepowtarzalne historie. Zestaw pochodzi z serii: Playmobil 1.2.3 Cechy przedmiotu: zabawka rozwija wyobra\u017ani\u0119 i pozwala Dziecku sp\u0119dzi\u0107 czas w po\u017cyteczny spos\u00f3b Playmobil, to gwarancja doskonale wykonanych klock\u00f3w produkt jest nowy, fabrycznie zapakowany W zestawie: autobus z otwieranym baga\u017cnikiem kierowca 3 pasa\u017cer\u00f3w 3 baga\u017ce znak Dane szczeg\u00f3\u0142owe: producent: Playmobil marka: Playmobil seria: Playmobil 1.2.3 wiek dziecka: 18 m+ wymiary opakowania: 24,5 cm x 15 cm x 11 cm wymiary produktu: 15 cm x 10 cm x 25 cm waga z opakowaniem: 440 gram UWAGA! Nieodpowiednie dla Dzieci poni\u017cej 3 roku \u017cycia &#8211; zawiera ma\u0142e elementy. Przed zakupem prosz\u0119 zapyta\u0107 o dost\u0119pno\u015b\u0107 koloru\/modelu je\u015bli dotyczy. Nr oferty xSale 9067739<\/p>\n<h2>Playmobil 6773 Autobus Wycieczkowy Playmobil<\/h2>\n<p>logiczne zagadki dla dzieci, dzieci.pl, prezent dla dwunastolatka, kolorowanka pikachu, malowanki do druku, znaki drogowe quiz<\/p>\n<p>yyyyy<\/p>\n<p>&nbsp;<\/p>\n","protected":false},"excerpt":{"rendered":"<p>Playmobil to bogata paleta zestaw\u00f3w, nawi\u0105zuj\u0105cych w swej tematyce do otaczaj\u0105cej dzieci rzeczywisto\u015bci, a tak\u017ce do historii znanych z bajek i \u015bwiata fantazji. Serie Playmobil pozwalaj\u0105 dzieciom stworzy\u0107 w\u0142asne, miniaturowe &#8222;kr\u00f3lestwo&#8221;, odgrywa\u0107 scenki i wchodzi\u0107 w role poszczeg\u00f3lnych postaci. Te cechy zabawek Playmobil sprawiaj\u0105, \u017ce wp\u0142ywaj\u0105 one na rozw\u00f3j kreatywno\u015bci, fantazji i wra\u017cliwo\u015bci u dzieci, [&hellip;]<\/p>\n","protected":false},"featured_media":3083,"comment_status":"closed","ping_status":"open","template":"","meta":[],"product_cat":[113,466],"product_tag":[662,620,701],"class_list":["post-3082","product","type-product","status-publish","has-post-thumbnail","hentry","product_cat-klocki","product_cat-playmobil","product_tag-bajki-na-dobranoc","product_tag-quiz-opowiesci-z-narnii","product_tag-zgadywanki-dla-dzieci"],"_links":{"self":[{"href":"http:\/\/klubmamgdynia.pl\/index.php\/wp-json\/wp\/v2\/product\/3082","targetHints":{"allow":["GET"]}}],"collection":[{"href":"http:\/\/klubmamgdynia.pl\/index.php\/wp-json\/wp\/v2\/product"}],"about":[{"href":"http:\/\/klubmamgdynia.pl\/index.php\/wp-json\/wp\/v2\/types\/product"}],"replies":[{"embeddable":true,"href":"http:\/\/klubmamgdynia.pl\/index.php\/wp-json\/wp\/v2\/comments?post=3082"}],"wp:featuredmedia":[{"embeddable":true,"href":"http:\/\/klubmamgdynia.pl\/index.php\/wp-json\/wp\/v2\/media\/3083"}],"wp:attachment":[{"href":"http:\/\/klubmamgdynia.pl\/index.php\/wp-json\/wp\/v2\/media?parent=3082"}],"wp:term":[{"taxonomy":"product_cat","embeddable":true,"href":"http:\/\/klubmamgdynia.pl\/index.php\/wp-json\/wp\/v2\/product_cat?post=3082"},{"taxonomy":"product_tag","embeddable":true,"href":"http:\/\/klubmamgdynia.pl\/index.php\/wp-json\/wp\/v2\/product_tag?post=3082"}],"curies":[{"name":"wp","href":"https:\/\/api.w.org\/{rel}","templated":true}]}}