{"id":3086,"date":"2018-03-20T09:18:28","date_gmt":"2018-03-20T08:18:28","guid":{"rendered":"http:\/\/klubmamgdynia.pl\/index.php\/produkt\/funkybox-pojemnik-na-chusteczki-to-go-grey-little-stars\/"},"modified":"2026-04-06T08:26:30","modified_gmt":"2026-04-06T06:26:30","slug":"funkybox-pojemnik-na-chusteczki-to-go-grey-little-stars","status":"publish","type":"product","link":"http:\/\/klubmamgdynia.pl\/index.php\/produkt\/funkybox-pojemnik-na-chusteczki-to-go-grey-little-stars\/","title":{"rendered":"Funkybox Pojemnik Na Chusteczki To Go Grey Little Stars"},"content":{"rendered":"<p>Praktyczny i kolorowy pojemnik do przechowywania mokrych jak i suchych chusteczek. Jest bardzo szczelny, dlatego mokre chusteczki w nim nie wysychaj\u0105 i d\u0142u\u017cej utrzymuj\u0105 \u015bwie\u017co\u015b\u0107. Jest prosty w u\u017cyciu \u2013 wystarczy jednym klikni\u0119ciem otworzy\u0107 lub zamkn\u0105\u0107.<\/p>\n<h2>Funkybox Pojemnik Na Chusteczki To Go Grey Little Stars FunkyBox<\/h2>\n<p>prezent na roczek nie zabawka, kamila, nela w krainie wombat\u00f3w, zaj\u0119cia dla nastolatk\u00f3w, prima aprilis zarty, \u0142amig\u0142\u00f3wki dla dzieci, kolorowanki pokemon, znajd\u017a r\u00f3\u017cnice do druku, zagadki wielkanocne dla dzieci, cyferki do druku, rysunki krok po kroku, bajka terapeutyczna o z\u0142o\u015bci pdf, zagadka, kartki na dobranoc dla przyjaci\u00f3\u0142, lew czarownica i stara szafa test, czasdzieci krak\u00f3w, estera, zagadka, cytat z kubusia puchatka o mi\u0142o\u015bci<\/p>\n<p>yyyyy<\/p>\n<p>&nbsp;<\/p>\n","protected":false},"excerpt":{"rendered":"<p>Praktyczny i kolorowy pojemnik do przechowywania mokrych jak i suchych chusteczek. Jest bardzo szczelny, dlatego mokre chusteczki w nim nie wysychaj\u0105 i d\u0142u\u017cej utrzymuj\u0105 \u015bwie\u017co\u015b\u0107. Jest prosty w u\u017cyciu \u2013 wystarczy jednym klikni\u0119ciem otworzy\u0107 lub zamkn\u0105\u0107. Funkybox Pojemnik Na Chusteczki To Go Grey Little Stars FunkyBox prezent na roczek nie zabawka, kamila, nela w krainie [&hellip;]<\/p>\n","protected":false},"featured_media":3087,"comment_status":"closed","ping_status":"open","template":"","meta":[],"product_cat":[1007,901],"product_tag":[671,748,678,621],"class_list":["post-3086","product","type-product","status-publish","has-post-thumbnail","hentry","product_cat-funkybox","product_cat-pozostale-akcesoria-do-pielegnacji-dzieci","product_tag-cicha-noc-po-angielsku-tekst","product_tag-okolice-wroclawia-atrakcje","product_tag-prezent-na-roczek-dla-dziewczynki","product_tag-prezenty-roczek"],"_links":{"self":[{"href":"http:\/\/klubmamgdynia.pl\/index.php\/wp-json\/wp\/v2\/product\/3086","targetHints":{"allow":["GET"]}}],"collection":[{"href":"http:\/\/klubmamgdynia.pl\/index.php\/wp-json\/wp\/v2\/product"}],"about":[{"href":"http:\/\/klubmamgdynia.pl\/index.php\/wp-json\/wp\/v2\/types\/product"}],"replies":[{"embeddable":true,"href":"http:\/\/klubmamgdynia.pl\/index.php\/wp-json\/wp\/v2\/comments?post=3086"}],"wp:featuredmedia":[{"embeddable":true,"href":"http:\/\/klubmamgdynia.pl\/index.php\/wp-json\/wp\/v2\/media\/3087"}],"wp:attachment":[{"href":"http:\/\/klubmamgdynia.pl\/index.php\/wp-json\/wp\/v2\/media?parent=3086"}],"wp:term":[{"taxonomy":"product_cat","embeddable":true,"href":"http:\/\/klubmamgdynia.pl\/index.php\/wp-json\/wp\/v2\/product_cat?post=3086"},{"taxonomy":"product_tag","embeddable":true,"href":"http:\/\/klubmamgdynia.pl\/index.php\/wp-json\/wp\/v2\/product_tag?post=3086"}],"curies":[{"name":"wp","href":"https:\/\/api.w.org\/{rel}","templated":true}]}}