{"id":309,"date":"2020-08-18T05:17:08","date_gmt":"2020-08-18T03:17:08","guid":{"rendered":"http:\/\/klubmamgdynia.pl\/index.php\/produkt\/trefl-puzzle-100el-trefliki-i-wujcio-16388\/"},"modified":"2026-04-04T00:55:11","modified_gmt":"2026-04-03T22:55:11","slug":"trefl-puzzle-100el-trefliki-i-wujcio-16388","status":"publish","type":"product","link":"http:\/\/klubmamgdynia.pl\/index.php\/produkt\/trefl-puzzle-100el-trefliki-i-wujcio-16388\/","title":{"rendered":"Trefl Puzzle 100el. Trefliki I Wujcio 16388"},"content":{"rendered":"<p>Trefl Puzzle 100el. Trefliki I Wujcio 16388Puzzle sk\u0142adaj\u0105ce si\u0119 ze 100 element\u00f3w, zaprojektowane z my\u015bl\u0105 o wszystkich fanach i fankach serialu dla dzieci pt. &#8222;Rodzina Treflik\u00f3w&#8221;. Po u\u0142o\u017ceniu uk\u0142adanki powstanie obrazek o wymiarach 410x275mm.Produkt zosta\u0142 wykonany z wysokiej jako\u015bci materia\u0142\u00f3w, z zastosowaniem specjalnego kalandrowanego papieru odbijaj\u0105cego \u015bwiat\u0142o, co u\u0142atwia uk\u0142adanie. Produkt zosta\u0142 wyprodukowany w Polsce, a do produkcji zosta\u0142y u\u017cyte materia\u0142y ekologiczne.                            <\/p>\n<p>\u201eRodzina Treflik\u00f3w\u201d to nowy, polski serial animowany, skierowany do dzieci w wieku 3-6 lat. Roz\u015bpiewani i rozta\u0144czeni bohaterowie zabior\u0105 najm\u0142odszych we wspania\u0142\u0105 podr\u00f3\u017c do \u015bwiata pe\u0142nego magii, ale i bliskich, codziennych spraw.                            <\/p>\n<p>Spokojna narracja, opowie\u015bci pozbawione przemocy, weso\u0142e piosenki, sympatyczne postaci, a tak\u017ce pastelowe, przyjemne dla oka barwy sprawiaj\u0105, \u017ce bajka pozytywnie wp\u0142ywa na rozw\u00f3j dziecka.                            <\/p>\n<p>            Trefl Treflikowe Grzybobranie 01586<\/p>\n<p>                        od<br \/>\n                            34,80<br \/>\n                            z\u0142<\/p>\n<p>                    Zobacz<\/p>\n<p>            Trefl Chi\u0144czyk Rodzina Treflik\u00f3w 01679<\/p>\n<p>                        od<br \/>\n                            13,66<br \/>\n                            z\u0142<\/p>\n<p>                    Zobacz<\/p>\n<p>            Trefl Rodzina Treflik\u00f3w M\u00f3j pierwszy memos Dobranoc 02038<\/p>\n<p>                        od<br \/>\n                            17,39<br \/>\n                            z\u0142<\/p>\n<p>                    Zobacz<\/p>\n<p>            Trefl Rodzina Treflik\u00f3w 3w1 Domino Pche\u0142ki Kuku 01921<\/p>\n<p>                        od<br \/>\n                            7,92<br \/>\n                            z\u0142<\/p>\n<p>                    Zobacz<\/p>\n<p>            Trefliki w przedszkolu. Pakiet sze\u015bciolatka<\/p>\n<p>                        od<br \/>\n                            143,88<br \/>\n                            z\u0142<\/p>\n<p>                    Zobacz<\/p>\n<p>            Trefl Trefliki Poznaj\u0105: Pory Roku 01839<\/p>\n<p>                        od<br \/>\n                            16,76<br \/>\n                            z\u0142<\/p>\n<p>                    Zobacz<\/p>\n<p>            Trefl Grzybobranie Rodzina Treflik\u00f3w 02035<\/p>\n<p>                        od<br \/>\n                            31,49<br \/>\n                            z\u0142<\/p>\n<p>                    Zobacz<\/p>\n<p>            Trefl Przeprowadzka z Rodzin\u0105 Treflik\u00f3w 02071<\/p>\n<p>                        od<br \/>\n                            34,99<br \/>\n                            z\u0142<\/p>\n<p>                    Zobacz<\/p>\n<p>            Trefl Liczymy Rodzina Treflik\u00f3w 02257<\/p>\n<p>                        od<br \/>\n                            19,76<br \/>\n                            z\u0142<\/p>\n<p>                    Zobacz<\/p>\n<p>            Trefl Skoczki Rodzina Treflik\u00f3w 01905<\/p>\n<p>                        od<br \/>\n                            28,48<br \/>\n                            z\u0142<\/p>\n<p>                    Zobacz<\/p>\n<p>            Trefl Kalejdoskop 25 Gier Trefliki 02119<\/p>\n<p>                        od<br \/>\n                            26,00<br \/>\n                            z\u0142<\/p>\n<p>                    Zobacz<\/p>\n<p>            Jesienne grzybobranie. Rodzina Treflik\u00f3w. Ksi\u0105\u017cka obserwacyjna<\/p>\n<p>                        od<br \/>\n                            10,50<br \/>\n                            z\u0142<\/p>\n<p>                    Zobacz<\/p>\n<p>            Trefl Chi\u0144czyk Moja Pierwsza Gra Rodzina Treflik\u00f3w 02056<\/p>\n<p>                        od<br \/>\n                            22,90<br \/>\n                            z\u0142<\/p>\n<p>                    Zobacz<\/p>\n<p>            Trefl Rodzina Treflik\u00f3w Na Zakupy 01742<\/p>\n<p>                        od<br \/>\n                            26,90<br \/>\n                            z\u0142<\/p>\n<p>                    Zobacz<\/p>\n<p>            Trefl Rodzina Treflik\u00f3w Warcaby + M\u0142ynek 01920<\/p>\n<p>                        od<br \/>\n                            15,79<br \/>\n                            z\u0142<\/p>\n<p>                    Zobacz<\/p>\n<p>            Trefl Rodzina Treflik\u00f3w Poczta Zabawa W Listonosza 01741<\/p>\n<p>                        od<br \/>\n                            20,63<br \/>\n                            z\u0142<\/p>\n<p>                    Zobacz<\/p>\n<p>            Trefl Trefliki Poznaj\u0105: Warzywa I Owoce 01840<\/p>\n<p>                        od<br \/>\n                            11,00<br \/>\n                            z\u0142<\/p>\n<p>                    Zobacz<\/p>\n<p>            Trefl Rodzina Treflik\u00f3w Na Ryby 01963<\/p>\n<p>                        od<br \/>\n                            25,00<br \/>\n                            z\u0142<\/p>\n<p>                    Zobacz<\/p>\n<p>            Trefl Puzzle 30el. Edukacyjne Trefliki Poznaj\u0105 Alfabet 15553<\/p>\n<p>                        od<br \/>\n                            17,31<br \/>\n                            z\u0142<\/p>\n<p>                    Zobacz<\/p>\n<p>            Trefl Puzzle 20el. Rodzina Treflik\u00f3w Dzie\u0144 Z Cioci\u0105 21064<\/p>\n<p>                        od<br \/>\n                            4,83<br \/>\n                            z\u0142<\/p>\n<p>                    Zobacz<\/p>\n<p>            Trefl Puzzle 4W1 Wsp\u00f3lne Zabawy Treflik\u00f3w 34358<\/p>\n<p>                        od<br \/>\n                            11,00<br \/>\n                            z\u0142<\/p>\n<p>                    Zobacz<\/p>\n<p>            Trefl Puzzle 48el. Edukacyjne Trefliki Poznaj\u0105 Zwierz\u0119ta \u015awiata 15552<\/p>\n<p>                        od<br \/>\n                            17,30<br \/>\n                            z\u0142<\/p>\n<p>                    Zobacz<\/p>\n<p>            Trefl Warcaby: Lis i G\u0119si Rodzina Treflik\u00f3w 02301<\/p>\n<p>                        od<br \/>\n                            18,59<br \/>\n                            z\u0142<\/p>\n<p>                    Zobacz<\/p>\n<p>            Trefl Rodzina Treflik\u00f3w Bobaski i Mi\u015b Przed i Po 02062<\/p>\n<p>                        od<br \/>\n                            22,10<br \/>\n                            z\u0142<\/p>\n<p>                    Zobacz<\/p>\n<p>            Trefl Puzzle 4W1 Trefliki Wieczorne Rytua\u0142y Dobranoc 34370<\/p>\n<p>                        od<br \/>\n                            15,93<br \/>\n                            z\u0142<\/p>\n<p>                    Zobacz<\/p>\n<p>            Trefl Puzzle 54el. Weso\u0142y \u015awiat Treflik\u00f3w 4 19666<\/p>\n<p>                        od<br \/>\n                            2,86<br \/>\n                            z\u0142<\/p>\n<p>                    Zobacz<\/p>\n<p>            Trefl Puzzle 60el. Rodzina Treflik\u00f3w Na Tropie 17308<\/p>\n<p>                        od<br \/>\n                            7,62<br \/>\n                            z\u0142<\/p>\n<p>                    Zobacz<\/p>\n<p>            Trefl Puzzle 4W1 Przygotowania Do Balu Treflik\u00f3w 34318<\/p>\n<p>                        od<br \/>\n                            14,72<br \/>\n                            z\u0142<\/p>\n<p>                    Zobacz<\/p>\n<p>            Trefl Puzzle 100el. Zabawne Trefliki 16422<\/p>\n<p>                        od<br \/>\n                            11,51<br \/>\n                            z\u0142<\/p>\n<p>                    Zobacz<\/p>\n<p>            Trefl Puzzle 30el. TreflIki Nad Stawem 18265<\/p>\n<p>                        od<br \/>\n                            9,97<br \/>\n                            z\u0142<\/p>\n<p>                    Zobacz<\/p>\n<h2>Trefl Puzzle 100el. Trefliki I Wujcio 16388 Trefl<\/h2>\n<p>kolorowanki lato, miasto dzieci pl, wzruszaj\u0105ce teksty dla mamy, ale kino program, mamo mamusiu pusto w mym brzusiu tekst, zagadka dla dzieci, zagadki o bo\u017cym narodzeniu, bruno, zagadki o bajkach, kolorowanki bajki, imi\u0119 mia, wz\u00f3r drzewo genealogiczne szablon do wydruku, kiedy dzieci chodza na halloween, piosenka na dzie\u0144 nauczyciela przedszkole, gotowe zaproszenia na urodziny do wydrukowania, przysz\u0142a zima bia\u0142a, minecraft kolorowanki, psi patrol do druku, upominek dla nastolatk\u00f3w, bajki do czytania online<\/p>\n<p>yyyyy<\/p>\n<p>&nbsp;<\/p>\n","protected":false},"excerpt":{"rendered":"<p>Trefl Puzzle 100el. Trefliki I Wujcio 16388Puzzle sk\u0142adaj\u0105ce si\u0119 ze 100 element\u00f3w, zaprojektowane z my\u015bl\u0105 o wszystkich fanach i fankach serialu dla dzieci pt. &#8222;Rodzina Treflik\u00f3w&#8221;. Po u\u0142o\u017ceniu uk\u0142adanki powstanie obrazek o wymiarach 410x275mm.Produkt zosta\u0142 wykonany z wysokiej jako\u015bci materia\u0142\u00f3w, z zastosowaniem specjalnego kalandrowanego papieru odbijaj\u0105cego \u015bwiat\u0142o, co u\u0142atwia uk\u0142adanie. Produkt zosta\u0142 wyprodukowany w Polsce, [&hellip;]<\/p>\n","protected":false},"featured_media":310,"comment_status":"closed","ping_status":"open","template":"","meta":[],"product_cat":[90,104],"product_tag":[716,614,822,634],"class_list":["post-309","product","type-product","status-publish","has-post-thumbnail","hentry","product_cat-puzzle","product_cat-trefl","product_tag-filmy-animowane-o-swietach","product_tag-pia","product_tag-wierszyki-o-wakacjach-krotkie","product_tag-zagadki-wielkanocne-dla-dzieci"],"_links":{"self":[{"href":"http:\/\/klubmamgdynia.pl\/index.php\/wp-json\/wp\/v2\/product\/309","targetHints":{"allow":["GET"]}}],"collection":[{"href":"http:\/\/klubmamgdynia.pl\/index.php\/wp-json\/wp\/v2\/product"}],"about":[{"href":"http:\/\/klubmamgdynia.pl\/index.php\/wp-json\/wp\/v2\/types\/product"}],"replies":[{"embeddable":true,"href":"http:\/\/klubmamgdynia.pl\/index.php\/wp-json\/wp\/v2\/comments?post=309"}],"wp:featuredmedia":[{"embeddable":true,"href":"http:\/\/klubmamgdynia.pl\/index.php\/wp-json\/wp\/v2\/media\/310"}],"wp:attachment":[{"href":"http:\/\/klubmamgdynia.pl\/index.php\/wp-json\/wp\/v2\/media?parent=309"}],"wp:term":[{"taxonomy":"product_cat","embeddable":true,"href":"http:\/\/klubmamgdynia.pl\/index.php\/wp-json\/wp\/v2\/product_cat?post=309"},{"taxonomy":"product_tag","embeddable":true,"href":"http:\/\/klubmamgdynia.pl\/index.php\/wp-json\/wp\/v2\/product_tag?post=309"}],"curies":[{"name":"wp","href":"https:\/\/api.w.org\/{rel}","templated":true}]}}