{"id":3090,"date":"2013-03-11T12:00:31","date_gmt":"2013-03-11T11:00:31","guid":{"rendered":"http:\/\/klubmamgdynia.pl\/index.php\/produkt\/marioinex-klocki-konstrukcyjne-mix-waffle-50-elementow\/"},"modified":"2026-04-30T16:49:28","modified_gmt":"2026-04-30T14:49:28","slug":"marioinex-klocki-konstrukcyjne-mix-waffle-50-elementow","status":"publish","type":"product","link":"http:\/\/klubmamgdynia.pl\/index.php\/produkt\/marioinex-klocki-konstrukcyjne-mix-waffle-50-elementow\/","title":{"rendered":"Marioinex Klocki Konstrukcyjne Mix Waffle 50 Element\u00f3w"},"content":{"rendered":"<p>\u017byrafa, Wielb\u0142\u0105d, S\u0142o\u0144 i Nosoro\u017cec spotkali si\u0119 przy wodopoju. S\u0142o\u0144 czy\u015bcioszek skorzysta\u0142 z prysznica. Zapobiegliwy Wielb\u0142\u0105d nape\u0142ni\u0142 termosy.\u017byrafa, Wielb\u0142\u0105d, S\u0142o\u0144 i Nosoro\u017cec spotkali si\u0119 przy wodopoju. S\u0142o\u0144 czy\u015bcioszek skorzysta\u0142 z prysznica. Zapobiegliwy Wielb\u0142\u0105d nape\u0142ni\u0142 termosy. Roztargniona \u017byrafa doko\u0144czy\u0142a my\u0107 szyj\u0119, bo zacz\u0119\u0142a j\u0105 szorowa\u0107 ju\u017c w zesz\u0142y pi\u0105tek, ale potem zagada\u0142a si\u0119 i zapomnia\u0142a. A Nosoro\u017cec? Nosoro\u017cec jak to on \u2013 kr\u0119ci\u0142 nosem i kr\u0119ci\u0142, a\u017c si\u0119 od wsp\u00f3lnej imprezy wykr\u0119ci\u0142 i poszed\u0142 przed siebie mru\u017c\u0105c oczy przed zachodz\u0105cym s\u0142o\u0144cem. I nie uwierzysz! Dwa baobaby p\u00f3\u017aniej dotar\u0142 do najbli\u017cszej Egzotycznej Przygody!W zestawie znajdziesz 50 element\u00f3w.Rozmiar opakowania: 21 cm x 29 cm x 21 cmWiek: 24m+<\/p>\n<h2>Marioinex Klocki Konstrukcyjne Mix Waffle 50 Element\u00f3w Marioinex<\/h2>\n<p>peppa kolorowanka do druku, kwiecie\u0144 plecie\u0144 wiersz, oliwier, zaproszenia urodzinowe do wydruku chomikuj, zaproszenie na urodziny do druku pdf, klockownia wroc\u0142aw, aneta, paj\u0105czek na rowerze test, krzy\u017c\u00f3wki dla dzieci do druku, quiz o koniach, dinozaur bajka, jakie s\u0105 dary jesieni, maska misia do druku, podchwytliwe zagadki dla dzieci, imi\u0119 marcel<\/p>\n<p>yyyyy<\/p>\n<p>&nbsp;<\/p>\n","protected":false},"excerpt":{"rendered":"<p>\u017byrafa, Wielb\u0142\u0105d, S\u0142o\u0144 i Nosoro\u017cec spotkali si\u0119 przy wodopoju. S\u0142o\u0144 czy\u015bcioszek skorzysta\u0142 z prysznica. Zapobiegliwy Wielb\u0142\u0105d nape\u0142ni\u0142 termosy.\u017byrafa, Wielb\u0142\u0105d, S\u0142o\u0144 i Nosoro\u017cec spotkali si\u0119 przy wodopoju. S\u0142o\u0144 czy\u015bcioszek skorzysta\u0142 z prysznica. Zapobiegliwy Wielb\u0142\u0105d nape\u0142ni\u0142 termosy. Roztargniona \u017byrafa doko\u0144czy\u0142a my\u0107 szyj\u0119, bo zacz\u0119\u0142a j\u0105 szorowa\u0107 ju\u017c w zesz\u0142y pi\u0105tek, ale potem zagada\u0142a si\u0119 i zapomnia\u0142a. A [&hellip;]<\/p>\n","protected":false},"featured_media":3091,"comment_status":"closed","ping_status":"open","template":"","meta":[],"product_cat":[113,328],"product_tag":[640,591,576,822,779],"class_list":["post-3090","product","type-product","status-publish","has-post-thumbnail","hentry","product_cat-klocki","product_cat-marioinex","product_tag-prezent-dla-rocznej-dziewczynki","product_tag-quiz-o-minecraft","product_tag-trudne-zagadki","product_tag-wierszyki-o-wakacjach-krotkie","product_tag-zarty-na-prima-aprilis-w-domu"],"_links":{"self":[{"href":"http:\/\/klubmamgdynia.pl\/index.php\/wp-json\/wp\/v2\/product\/3090","targetHints":{"allow":["GET"]}}],"collection":[{"href":"http:\/\/klubmamgdynia.pl\/index.php\/wp-json\/wp\/v2\/product"}],"about":[{"href":"http:\/\/klubmamgdynia.pl\/index.php\/wp-json\/wp\/v2\/types\/product"}],"replies":[{"embeddable":true,"href":"http:\/\/klubmamgdynia.pl\/index.php\/wp-json\/wp\/v2\/comments?post=3090"}],"wp:featuredmedia":[{"embeddable":true,"href":"http:\/\/klubmamgdynia.pl\/index.php\/wp-json\/wp\/v2\/media\/3091"}],"wp:attachment":[{"href":"http:\/\/klubmamgdynia.pl\/index.php\/wp-json\/wp\/v2\/media?parent=3090"}],"wp:term":[{"taxonomy":"product_cat","embeddable":true,"href":"http:\/\/klubmamgdynia.pl\/index.php\/wp-json\/wp\/v2\/product_cat?post=3090"},{"taxonomy":"product_tag","embeddable":true,"href":"http:\/\/klubmamgdynia.pl\/index.php\/wp-json\/wp\/v2\/product_tag?post=3090"}],"curies":[{"name":"wp","href":"https:\/\/api.w.org\/{rel}","templated":true}]}}