{"id":3094,"date":"2025-05-20T06:47:23","date_gmt":"2025-05-20T04:47:23","guid":{"rendered":"http:\/\/klubmamgdynia.pl\/?post_type=product&#038;p=3094"},"modified":"2026-04-29T04:47:57","modified_gmt":"2026-04-29T02:47:57","slug":"gugu-the-hero-kosz-na-zabawki-candy-cloud","status":"publish","type":"product","link":"http:\/\/klubmamgdynia.pl\/index.php\/produkt\/gugu-the-hero-kosz-na-zabawki-candy-cloud\/","title":{"rendered":"Gugu The Hero Kosz Na Zabawki Candy Cloud"},"content":{"rendered":"<p>Materia\u0142owy pojemnik na zabawki Gugu the Hero &#8211; bezpieczny dla dziecka, przyjazne dla natury Du\u017cy kosz na zabawki to niezb\u0119dny element wyposa\u017cenia ka\u017cdego dzieci\u0119cego pokoju. Ju\u017c od pierwszych lat \u017cycia ma\u0142ego cz\u0142owieka warto go oswaja\u0107 i uczy\u0107 porz\u0105dkowania i segregacji swoich ulubionych przedmiot\u00f3w zabaw. Odpowiednio dobrane organizery na zabawki daj\u0105 dodatkow\u0105 przestrze\u0144 do swobodnego poruszania si\u0119 i beztroskich zabaw. Pojemne kosze na zabawki mog\u0105 by\u0107 nie tylko funkcjonalnym elementem ka\u017cdego pokoju dzieci\u0119cego, ale r\u00f3wnie\u017c jego ozdob\u0105. Pojemniki na zabawki wykonane s\u0105 z grubotkanej bawe\u0142ny oraz innowacyjnego powlekanego papieru nadaj\u0105cego si\u0119 do prania, dzi\u0119ki czemu s\u0105 l\u017cejsze i sztywniejsze. Stoj\u0105 samodzielnie bez ca\u0142kowitego wype\u0142nienia. Pojemnik na dzieci\u0119ce akcesoria posiada uszy u\u0142atwiaj\u0105ce przenoszenie. Niew\u0105tpliw\u0105 zalet\u0105 kosza na zabawki jest mo\u017cliwo\u015b\u0107 prania w pralce, dzi\u0119ki czemu bez problemu utrzymasz go w czysto\u015bci. Charakterystyka produktu Wymiary (+\/- 2cm): wysoko\u015b\u0107: 47 cm \u015brednica: 30 cm Materia\u0142: materia\u0142 zewn\u0119trzny oraz wewn\u0119trzny: 100% bawe\u0142na Wz\u00f3r: Candy Cloud Instrukcja prania: zalecamy pranie w temperaturze maksymalnej 30\u00b0C, program delikatny\/pranie r\u0119czne. Nie suszy\u0107 w suszarce b\u0119bnowej, nie wybiela\u0107.<\/p>\n<h2>Gugu The Hero Kosz Na Zabawki Candy Cloud <\/h2>\n<p>ferie warszawa 2022, krotkie zagadki, izabela imie, co mo\u017cna zrobi\u0107 z rolek po papierze toaletowym, opis do zdj\u0119cia z dzieckiem, zabawka na roczek dla ch\u0142opca, minecraft szablony do druku, quizy miko\u0142ajek, test z tajemniczego ogrodu, kolorowanka lato, kolorowanka piesek do druku, gdzie strumyk p\u0142ynie z wolna<\/p>\n<p>yyyyy<\/p>\n<p>&nbsp;<\/p>\n","protected":false},"excerpt":{"rendered":"<p>Materia\u0142owy pojemnik na zabawki Gugu the Hero &#8211; bezpieczny dla dziecka, przyjazne dla natury Du\u017cy kosz na zabawki to niezb\u0119dny element wyposa\u017cenia ka\u017cdego dzieci\u0119cego pokoju. Ju\u017c od pierwszych lat \u017cycia ma\u0142ego cz\u0142owieka warto go oswaja\u0107 i uczy\u0107 porz\u0105dkowania i segregacji swoich ulubionych przedmiot\u00f3w zabaw. Odpowiednio dobrane organizery na zabawki daj\u0105 dodatkow\u0105 przestrze\u0144 do swobodnego poruszania [&hellip;]<\/p>\n","protected":false},"featured_media":3095,"comment_status":"closed","ping_status":"open","template":"","meta":[],"product_cat":[990],"product_tag":[702,780,582,759,704,647],"class_list":["post-3094","product","type-product","status-publish","has-post-thumbnail","hentry","product_cat-skrzynie-i-pojemniki-na-zabawki","product_tag-co-kupic-na-roczek-dla-dziewczynki","product_tag-krecik-bajka","product_tag-nauka-pisania-literek-do-wydruku-pdf","product_tag-pomysly-na-prezent-dla-nastolatkow","product_tag-prezent-dla-nastolatka","product_tag-warszawa-z-dzieckiem"],"_links":{"self":[{"href":"http:\/\/klubmamgdynia.pl\/index.php\/wp-json\/wp\/v2\/product\/3094","targetHints":{"allow":["GET"]}}],"collection":[{"href":"http:\/\/klubmamgdynia.pl\/index.php\/wp-json\/wp\/v2\/product"}],"about":[{"href":"http:\/\/klubmamgdynia.pl\/index.php\/wp-json\/wp\/v2\/types\/product"}],"replies":[{"embeddable":true,"href":"http:\/\/klubmamgdynia.pl\/index.php\/wp-json\/wp\/v2\/comments?post=3094"}],"wp:featuredmedia":[{"embeddable":true,"href":"http:\/\/klubmamgdynia.pl\/index.php\/wp-json\/wp\/v2\/media\/3095"}],"wp:attachment":[{"href":"http:\/\/klubmamgdynia.pl\/index.php\/wp-json\/wp\/v2\/media?parent=3094"}],"wp:term":[{"taxonomy":"product_cat","embeddable":true,"href":"http:\/\/klubmamgdynia.pl\/index.php\/wp-json\/wp\/v2\/product_cat?post=3094"},{"taxonomy":"product_tag","embeddable":true,"href":"http:\/\/klubmamgdynia.pl\/index.php\/wp-json\/wp\/v2\/product_tag?post=3094"}],"curies":[{"name":"wp","href":"https:\/\/api.w.org\/{rel}","templated":true}]}}