{"id":3098,"date":"2011-05-13T01:58:35","date_gmt":"2011-05-12T23:58:35","guid":{"rendered":"http:\/\/klubmamgdynia.pl\/index.php\/produkt\/plast-team-pojemnik-lego-na-lunch-sniadanie-mini-4-niebieski-40111731\/"},"modified":"2026-04-06T16:13:51","modified_gmt":"2026-04-06T14:13:51","slug":"plast-team-pojemnik-lego-na-lunch-sniadanie-mini-4-niebieski-40111731","status":"publish","type":"product","link":"http:\/\/klubmamgdynia.pl\/index.php\/produkt\/plast-team-pojemnik-lego-na-lunch-sniadanie-mini-4-niebieski-40111731\/","title":{"rendered":"Plast Team Pojemnik Lego Na Lunch &#8211; \u015aniadanie Mini 4 Niebieski 40111731"},"content":{"rendered":"<p>Mini pude\u0142ko LEGO, \u015bwietne do przechowywania minifigurek, drobiazg\u00f3w oraz sekret\u00f3w!wymiary: 4.6&#215;4.6&#215;4.3 cmkolor: jasnoniebieski<\/p>\n<h2>Plast Team Pojemnik Lego Na Lunch &#8211; \u015aniadanie Mini 4 Niebieski 40111731 Plast team<\/h2>\n<p>jeziora blisko warszawy, opis do zdj\u0119cia dziecka na fb, imi\u0119 iwo, zabawka na roczek dla ch\u0142opca, co kupi\u0107 na roczek dla ch\u0142opca, jesienne piosenki dla dzieci, prezent dla 7 latka<\/p>\n<p>yyyyy<\/p>\n<p>&nbsp;<\/p>\n","protected":false},"excerpt":{"rendered":"<p>Mini pude\u0142ko LEGO, \u015bwietne do przechowywania minifigurek, drobiazg\u00f3w oraz sekret\u00f3w!wymiary: 4.6&#215;4.6&#215;4.3 cmkolor: jasnoniebieski Plast Team Pojemnik Lego Na Lunch &#8211; \u015aniadanie Mini 4 Niebieski 40111731 Plast team jeziora blisko warszawy, opis do zdj\u0119cia dziecka na fb, imi\u0119 iwo, zabawka na roczek dla ch\u0142opca, co kupi\u0107 na roczek dla ch\u0142opca, jesienne piosenki dla dzieci, prezent dla [&hellip;]<\/p>\n","protected":false},"featured_media":3099,"comment_status":"closed","ping_status":"open","template":"","meta":[],"product_cat":[1009,325],"product_tag":[789,643,804,873],"class_list":["post-3098","product","type-product","status-publish","has-post-thumbnail","hentry","product_cat-plast-team","product_cat-szkolne-artykuly-papiernicze","product_tag-kaczuszka","product_tag-prezent-dla-17-latki","product_tag-ryz-z-owocami","product_tag-zagadki-z-odpowiedziami-dla-dzieci"],"_links":{"self":[{"href":"http:\/\/klubmamgdynia.pl\/index.php\/wp-json\/wp\/v2\/product\/3098","targetHints":{"allow":["GET"]}}],"collection":[{"href":"http:\/\/klubmamgdynia.pl\/index.php\/wp-json\/wp\/v2\/product"}],"about":[{"href":"http:\/\/klubmamgdynia.pl\/index.php\/wp-json\/wp\/v2\/types\/product"}],"replies":[{"embeddable":true,"href":"http:\/\/klubmamgdynia.pl\/index.php\/wp-json\/wp\/v2\/comments?post=3098"}],"wp:featuredmedia":[{"embeddable":true,"href":"http:\/\/klubmamgdynia.pl\/index.php\/wp-json\/wp\/v2\/media\/3099"}],"wp:attachment":[{"href":"http:\/\/klubmamgdynia.pl\/index.php\/wp-json\/wp\/v2\/media?parent=3098"}],"wp:term":[{"taxonomy":"product_cat","embeddable":true,"href":"http:\/\/klubmamgdynia.pl\/index.php\/wp-json\/wp\/v2\/product_cat?post=3098"},{"taxonomy":"product_tag","embeddable":true,"href":"http:\/\/klubmamgdynia.pl\/index.php\/wp-json\/wp\/v2\/product_tag?post=3098"}],"curies":[{"name":"wp","href":"https:\/\/api.w.org\/{rel}","templated":true}]}}