{"id":3100,"date":"2025-02-01T17:39:07","date_gmt":"2025-02-01T16:39:07","guid":{"rendered":"http:\/\/klubmamgdynia.pl\/?post_type=product&#038;p=3100"},"modified":"2026-05-17T22:47:30","modified_gmt":"2026-05-17T20:47:30","slug":"funkybox-pojemnik-na-chusteczki-to-go-sand-moon","status":"publish","type":"product","link":"http:\/\/klubmamgdynia.pl\/index.php\/produkt\/funkybox-pojemnik-na-chusteczki-to-go-sand-moon\/","title":{"rendered":"Funkybox &#8211; Pojemnik Na Chusteczki To Go Sand Moon"},"content":{"rendered":"<p>Por\u0119czny, praktyczny i kolorowy pojemnik do przechowywania mokrych jak i suchych chusteczek. Jest bardzo szczelny, dlatego mokre chusteczki w nim nie wysychaj\u0105 i d\u0142u\u017cej utrzymuj\u0105 \u015bwie\u017co\u015b\u0107. Pude\u0142ko na mokre chusteczki Funkybox jest proste w u\u017cyciu \u2013 wystarczy jednym klikni\u0119ciem otworzy\u0107 (zamkn\u0105\u0107) pojemnik i w \u0142atwy spos\u00f3b wyj\u0105\u0107 dowoln\u0105 ilo\u015b\u0107 chusteczek. Chustecznik pomie\u015bci ma\u0142e opakowanie mokrych chusteczek. Absolutny must have podczas spaceru z dzieckiem, wycieczki czy podr\u00f3\u017cy samochodem. Pojemnik na mokre chusteczki jest na tyle ma\u0142y, \u017ce zmie\u015bci si\u0119 w ka\u017cdej torebce, w\u00f3zku czy schowku samochodowym. W\u0142a\u015bciwo\u015bci produktu: fajny i wygodny pojemnik do przechowywania mokrych jak i suchych chusteczek jest prosty w u\u017cyciu, posiada \u0142atwy spos\u00f3b otwierania i zamykania typu click jest szczelny, chusteczki w pojemniku nie wysychaj\u0105 i d\u0142u\u017cej utrzymuj\u0105 \u015bwie\u017co\u015b\u0107 posiada elastyczne dno, pozwalaj\u0105ce w prosty spos\u00f3b nape\u0142nia\u0107 pojemnik nowymi chusteczkami idealny pomocnik w trakcie przewijania malucha, po\u017c\u0105dany do wytarcia r\u0105czek czy buzi absolutny must have podczas spaceru z dzieckiem, wycieczki czy podr\u00f3\u017cy samochodem posiada \u015bwietny nowoczesny styl, kt\u00f3ry ozdobi ka\u017cdy dzieci\u0119cy pok\u00f3j wykonany z certyfikowanych materia\u0142\u00f3w bezpiecznych dla dziecka zaprojektowany w Holandii &#8211; dutch design Parametry techniczne: wiek: 0m+ waga produktu [kg]: 0.113 wymiary produktu [cm]: 22 x 4 x 13 Produkt holenderskiej marki Funkybox tworz\u0105cej z sukcesem praktyczne, kolorowe i nowoczesne a przy tym bardzo funkcjonalne przedmioty i akcesoria dla najm\u0142odszych, w tym: pojemniki na chusteczki, pieluszki czy pi\u0119kne i inspiruj\u0105ce dzieci\u0119ce plakaty. Funkybox to produkty o pi\u0119knych kolorach, przyjemnym h[&#8230;]<\/p>\n<h2>Funkybox &#8211; Pojemnik Na Chusteczki To Go Sand Moon FunkyBox<\/h2>\n<p>karaluchy pod poduchy, \u0142amig\u0142\u00f3wki logiczne dla dzieci, imi\u0119 alan, co kupi\u0107 na roczek, znaczenie imiona alan, zagadki z odpowiedziami, znaki drogowe test, bajka o sowie, zagadki z odpowiedziami \u015bmieszne, mia, domowe syropy na zim\u0119<\/p>\n<p>yyyyy<\/p>\n<p>&nbsp;<\/p>\n","protected":false},"excerpt":{"rendered":"<p>Por\u0119czny, praktyczny i kolorowy pojemnik do przechowywania mokrych jak i suchych chusteczek. Jest bardzo szczelny, dlatego mokre chusteczki w nim nie wysychaj\u0105 i d\u0142u\u017cej utrzymuj\u0105 \u015bwie\u017co\u015b\u0107. Pude\u0142ko na mokre chusteczki Funkybox jest proste w u\u017cyciu \u2013 wystarczy jednym klikni\u0119ciem otworzy\u0107 (zamkn\u0105\u0107) pojemnik i w \u0142atwy spos\u00f3b wyj\u0105\u0107 dowoln\u0105 ilo\u015b\u0107 chusteczek. Chustecznik pomie\u015bci ma\u0142e opakowanie mokrych [&hellip;]<\/p>\n","protected":false},"featured_media":3101,"comment_status":"closed","ping_status":"open","template":"","meta":[],"product_cat":[1007,901],"product_tag":[837,858,621,741,604,796],"class_list":["post-3100","product","type-product","status-publish","has-post-thumbnail","hentry","product_cat-funkybox","product_cat-pozostale-akcesoria-do-pielegnacji-dzieci","product_tag-cicha-noc-po-angielsku","product_tag-podchwytliwe-zagadki","product_tag-prezenty-roczek","product_tag-wlochy","product_tag-zagadki-trudne","product_tag-zagatki"],"_links":{"self":[{"href":"http:\/\/klubmamgdynia.pl\/index.php\/wp-json\/wp\/v2\/product\/3100","targetHints":{"allow":["GET"]}}],"collection":[{"href":"http:\/\/klubmamgdynia.pl\/index.php\/wp-json\/wp\/v2\/product"}],"about":[{"href":"http:\/\/klubmamgdynia.pl\/index.php\/wp-json\/wp\/v2\/types\/product"}],"replies":[{"embeddable":true,"href":"http:\/\/klubmamgdynia.pl\/index.php\/wp-json\/wp\/v2\/comments?post=3100"}],"wp:featuredmedia":[{"embeddable":true,"href":"http:\/\/klubmamgdynia.pl\/index.php\/wp-json\/wp\/v2\/media\/3101"}],"wp:attachment":[{"href":"http:\/\/klubmamgdynia.pl\/index.php\/wp-json\/wp\/v2\/media?parent=3100"}],"wp:term":[{"taxonomy":"product_cat","embeddable":true,"href":"http:\/\/klubmamgdynia.pl\/index.php\/wp-json\/wp\/v2\/product_cat?post=3100"},{"taxonomy":"product_tag","embeddable":true,"href":"http:\/\/klubmamgdynia.pl\/index.php\/wp-json\/wp\/v2\/product_tag?post=3100"}],"curies":[{"name":"wp","href":"https:\/\/api.w.org\/{rel}","templated":true}]}}