{"id":3102,"date":"2020-12-25T15:16:58","date_gmt":"2020-12-25T14:16:58","guid":{"rendered":"http:\/\/klubmamgdynia.pl\/index.php\/produkt\/pojemnik-na-chusteczki-funkybox\/"},"modified":"2026-04-30T18:46:55","modified_gmt":"2026-04-30T16:46:55","slug":"pojemnik-na-chusteczki-funkybox","status":"publish","type":"product","link":"http:\/\/klubmamgdynia.pl\/index.php\/produkt\/pojemnik-na-chusteczki-funkybox\/","title":{"rendered":"Pojemnik Na Chusteczki Funkybox"},"content":{"rendered":"<p>Praktyczny i kolorowy pojemnik do przechowywania mokrych jak i suchych chusteczek jest bardzo szczelny, dlatego mokre chusteczki w nim nie wysychaj\u0105 i d\u0142u\u017cej utrzymuj\u0105 \u015bwie\u017co\u015b\u0107. Pude\u0142ko na mokre chusteczki Funkybox jest proste w u\u017cyciu \u2013 wystarczy jednym klikni\u0119ciem otworzy\u0107 (zamkn\u0105\u0107) pojemnik i w \u0142atwy spos\u00f3b wyj\u0105\u0107 dowoln\u0105 ilo\u015b\u0107 chusteczek. Pude\u0142ko na chusteczki pomie\u015bci du\u017ce, standardowe opakowanie mokrych lub suchych chusteczek. Absolutnie konieczny must have w ka\u017cdym pokoju dzieci\u0119cym, kuchni czy \u0142azience. Idealnie sprawdzi si\u0119 w ka\u017cdej domowej przestrzeni, podczas spaceru z dzieckiem czy podr\u00f3\u017cy do dziadk\u00f3w. W\u0142a\u015bciwo\u015bci produktu: fajny i wygodny pojemnik do przechowywania mokrych jak i suchych chusteczek jest prosty w u\u017cyciu, posiada \u0142atwy spos\u00f3b otwierania i zamykania typu click jest szczelny, chusteczki w pojemniku nie wysychaj\u0105 i d\u0142u\u017cej utrzymuj\u0105 \u015bwie\u017co\u015b\u0107 posiada elastyczne dno, pozwalaj\u0105ce w prosty spos\u00f3b nape\u0142nia\u0107 pojemnik nowymi chusteczkami idealny pomocnik w trakcie przewijania malucha, po\u017c\u0105dany do wytarcia r\u0105czek czy buzi absolutny must have w ka\u017cdym pokoju dzieci\u0119cym, kuchni, \u0142azience, lub w samochodzie czy podczas spacer\u00f3w posiada \u015bwietny nowoczesny styl, kt\u00f3ry ozdobi ka\u017cdy dzieci\u0119cy pok\u00f3j wykonany z certyfikowanych materia\u0142\u00f3w bezpiecznych dla dziecka zaprojektowany w Holandii &#8211; dutch design Parametry techniczne: wiek: 0m+ waga produktu [kg]: 0.138 wymiary produktu [cm]: 22 x 9 x 13 Produkt holenderskiej marki Funkybox tworz\u0105cej z sukcesem praktyczne, kolorowe i nowoczesne a przy tym bardzo funkcjonalne przedmioty i akcesoria dla najm\u0142odszych, w tym: pojemniki na chusteczki, pieluszki czy pi\u0119kne i inspiruj\u0105ce dzieci\u0119ce plakaty. Funkybox to produ[&#8230;]<\/p>\n<h2>Pojemnik Na Chusteczki Funkybox FunkyBox<\/h2>\n<p>kr\u00f3tkie zagadki logiczne, oliwier, imi\u0119 dla dziewczynki 2019, pytania logiczne, celina, zabawy dla 5-6 latk\u00f3w, przyjazn, test opowie\u015b\u0107 wigilijna, rysunki dla pocz\u0105tkuj\u0105cych, zagadki \u015bwi\u0105teczne dla dzieci, cytat o przyja\u017ani, prezenty dla m\u0142odzie\u017cy, zagadki dla doros\u0142ych<\/p>\n<p>yyyyy<\/p>\n<p>&nbsp;<\/p>\n","protected":false},"excerpt":{"rendered":"<p>Praktyczny i kolorowy pojemnik do przechowywania mokrych jak i suchych chusteczek jest bardzo szczelny, dlatego mokre chusteczki w nim nie wysychaj\u0105 i d\u0142u\u017cej utrzymuj\u0105 \u015bwie\u017co\u015b\u0107. Pude\u0142ko na mokre chusteczki Funkybox jest proste w u\u017cyciu \u2013 wystarczy jednym klikni\u0119ciem otworzy\u0107 (zamkn\u0105\u0107) pojemnik i w \u0142atwy spos\u00f3b wyj\u0105\u0107 dowoln\u0105 ilo\u015b\u0107 chusteczek. Pude\u0142ko na chusteczki pomie\u015bci du\u017ce, standardowe [&hellip;]<\/p>\n","protected":false},"featured_media":3103,"comment_status":"closed","ping_status":"open","template":"","meta":[],"product_cat":[1007,990],"product_tag":[644,748,621,739,804,800],"class_list":["post-3102","product","type-product","status-publish","has-post-thumbnail","hentry","product_cat-funkybox","product_cat-skrzynie-i-pojemniki-na-zabawki","product_tag-mia","product_tag-okolice-wroclawia-atrakcje","product_tag-prezenty-roczek","product_tag-prima-aprilis-w-szkole","product_tag-ryz-z-owocami","product_tag-zagadki-smieszne"],"_links":{"self":[{"href":"http:\/\/klubmamgdynia.pl\/index.php\/wp-json\/wp\/v2\/product\/3102","targetHints":{"allow":["GET"]}}],"collection":[{"href":"http:\/\/klubmamgdynia.pl\/index.php\/wp-json\/wp\/v2\/product"}],"about":[{"href":"http:\/\/klubmamgdynia.pl\/index.php\/wp-json\/wp\/v2\/types\/product"}],"replies":[{"embeddable":true,"href":"http:\/\/klubmamgdynia.pl\/index.php\/wp-json\/wp\/v2\/comments?post=3102"}],"wp:featuredmedia":[{"embeddable":true,"href":"http:\/\/klubmamgdynia.pl\/index.php\/wp-json\/wp\/v2\/media\/3103"}],"wp:attachment":[{"href":"http:\/\/klubmamgdynia.pl\/index.php\/wp-json\/wp\/v2\/media?parent=3102"}],"wp:term":[{"taxonomy":"product_cat","embeddable":true,"href":"http:\/\/klubmamgdynia.pl\/index.php\/wp-json\/wp\/v2\/product_cat?post=3102"},{"taxonomy":"product_tag","embeddable":true,"href":"http:\/\/klubmamgdynia.pl\/index.php\/wp-json\/wp\/v2\/product_tag?post=3102"}],"curies":[{"name":"wp","href":"https:\/\/api.w.org\/{rel}","templated":true}]}}