{"id":3104,"date":"2023-04-23T09:39:20","date_gmt":"2023-04-23T07:39:20","guid":{"rendered":"http:\/\/klubmamgdynia.pl\/?post_type=product&#038;p=3104"},"modified":"2026-04-06T02:34:04","modified_gmt":"2026-04-06T00:34:04","slug":"drewniana-skrzynia-na-zabawki-kolor-waniliowy","status":"publish","type":"product","link":"http:\/\/klubmamgdynia.pl\/index.php\/produkt\/drewniana-skrzynia-na-zabawki-kolor-waniliowy\/","title":{"rendered":"Drewniana Skrzynia Na Zabawki Kolor Waniliowy"},"content":{"rendered":"<p>Drewniana skrzynia na zabawki kolor bia\u0142y Solidno\u015b\u0107, jako\u015b\u0107 wykonania mebli cieszy si\u0119 uznaniem odbiorc\u00f3w w Polsce, jak i w Europie. Produkty powstaj\u0105 z my\u015bl\u0105 o wygodzie i bezpiecze\u0144stwie dzieci. Wykonane z najwy\u017cszej jako\u015bci drewna sosnowego. Skrzynia wykonana z wysokiej jako\u015bci drewna sosnowego Posiada przykryw\u0119 dzi\u0119ki czemu zabawki nie b\u0119d\u0105 zbiera\u0142y kurzu Specjalne wyci\u0119cia po bokach u\u0142atwi\u0105 przenoszenie skrzyni Zaokr\u0105glone kraw\u0119dzie Sprawdzi si\u0119 idealnie w pokoju dziecka Pokryta lakierami, kt\u00f3re s\u0105 bezpieczne dla dziecka Do produkcji u\u017cywane s\u0105 tylko atestowane materia\u0142y Klasyczny wygl\u0105d sprawdzi si\u0119 przy ka\u017cdym wystroju wn\u0119trza Dane techniczne: Szeroko\u015b\u0107: 70 cm G\u0142\u0119boko\u015b\u0107: 37 cm Wysoko\u015b\u0107: 44 cm Wieko: 73x39cm \/ grubo\u015b\u0107 2cm Skrzynia dost\u0119pna jest w jednym z poni\u017cszych kolor\u00f3w:<\/p>\n<h2>Drewniana Skrzynia Na Zabawki Kolor Waniliowy MW<\/h2>\n<p>piosenki dla dzieci tekst, kolorowanki kotka, mini zoo mazowieckie, zagadki, okolice wroc\u0142awia atrakcje, wroc\u0142aw dla dzieci, place zabaw warszawa, wroc\u0142aw i okolice atrakcje, imiona dla ch\u0142opc\u00f3w, najrzadsze imiona, psi patrol rysunek, co kupi\u0107 nastolatce na urodziny, minecraft quiz, stare bajki, bajki dla dzieci online, kr\u00f3tkie bajki dla dzieci, prezent na urodziny dla nastolatki, kolorowanki ninjago<\/p>\n<p>yyyyy<\/p>\n<p>&nbsp;<\/p>\n","protected":false},"excerpt":{"rendered":"<p>Drewniana skrzynia na zabawki kolor bia\u0142y Solidno\u015b\u0107, jako\u015b\u0107 wykonania mebli cieszy si\u0119 uznaniem odbiorc\u00f3w w Polsce, jak i w Europie. Produkty powstaj\u0105 z my\u015bl\u0105 o wygodzie i bezpiecze\u0144stwie dzieci. Wykonane z najwy\u017cszej jako\u015bci drewna sosnowego. Skrzynia wykonana z wysokiej jako\u015bci drewna sosnowego Posiada przykryw\u0119 dzi\u0119ki czemu zabawki nie b\u0119d\u0105 zbiera\u0142y kurzu Specjalne wyci\u0119cia po bokach [&hellip;]<\/p>\n","protected":false},"featured_media":3105,"comment_status":"closed","ping_status":"open","template":"","meta":[],"product_cat":[989,990],"product_tag":[580,585,656,661],"class_list":["post-3104","product","type-product","status-publish","has-post-thumbnail","hentry","product_cat-mw","product_cat-skrzynie-i-pojemniki-na-zabawki","product_tag-janusz","product_tag-kolorowanki-dla-chlopcow","product_tag-kolorowanki-lol","product_tag-swinka-peppa-kolorowanka"],"_links":{"self":[{"href":"http:\/\/klubmamgdynia.pl\/index.php\/wp-json\/wp\/v2\/product\/3104","targetHints":{"allow":["GET"]}}],"collection":[{"href":"http:\/\/klubmamgdynia.pl\/index.php\/wp-json\/wp\/v2\/product"}],"about":[{"href":"http:\/\/klubmamgdynia.pl\/index.php\/wp-json\/wp\/v2\/types\/product"}],"replies":[{"embeddable":true,"href":"http:\/\/klubmamgdynia.pl\/index.php\/wp-json\/wp\/v2\/comments?post=3104"}],"wp:featuredmedia":[{"embeddable":true,"href":"http:\/\/klubmamgdynia.pl\/index.php\/wp-json\/wp\/v2\/media\/3105"}],"wp:attachment":[{"href":"http:\/\/klubmamgdynia.pl\/index.php\/wp-json\/wp\/v2\/media?parent=3104"}],"wp:term":[{"taxonomy":"product_cat","embeddable":true,"href":"http:\/\/klubmamgdynia.pl\/index.php\/wp-json\/wp\/v2\/product_cat?post=3104"},{"taxonomy":"product_tag","embeddable":true,"href":"http:\/\/klubmamgdynia.pl\/index.php\/wp-json\/wp\/v2\/product_tag?post=3104"}],"curies":[{"name":"wp","href":"https:\/\/api.w.org\/{rel}","templated":true}]}}