{"id":3106,"date":"2023-03-19T17:03:19","date_gmt":"2023-03-19T16:03:19","guid":{"rendered":"http:\/\/klubmamgdynia.pl\/?post_type=product&#038;p=3106"},"modified":"2026-05-17T20:54:13","modified_gmt":"2026-05-17T18:54:13","slug":"cobi-figurka-zwierzak-little-live-pets-zwierzak-biedronkabiedroneczka-28447","status":"publish","type":"product","link":"http:\/\/klubmamgdynia.pl\/index.php\/produkt\/cobi-figurka-zwierzak-little-live-pets-zwierzak-biedronkabiedroneczka-28447\/","title":{"rendered":"Cobi Figurka Zwierzak Little Live Pets Zwierzak biedronka+biedroneczka 28447"},"content":{"rendered":"<p>Male\u0144ka i urocza biedroneczka, kt\u00f3ra zajmie Twoj\u0105 uwag\u0119 na ca\u0142e dni. Chodzi jak prawdziwa biedronka. Po\u0142\u00f3\u017c j\u0105 na stole lub pod\u0142odze i obserwuj jak biega wok\u00f3\u0142. Twoja biedronka uwielbia bawi\u0107 si\u0119 ze swoim dzieckiem. Ona mo\u017ce poci\u0105gn\u0105\u0107 nawet dwie malutkie biedroneczki dla podw\u00f3jnej zabawy. Czy znajdziesz 1 dziecko czy bli\u017ani\u0119ta? W zestawie znajdziesz 1 baterie.Zawarto\u015b\u0107: 1 Biedronka, 1 Biedroneczka*, Instrukcja.<\/p>\n<h2>Cobi Figurka Zwierzak Little Live Pets Zwierzak biedronka+biedroneczka 28447 Cobi<\/h2>\n<p>sentencje ma\u0142y ksi\u0105\u017ce cytaty, prezent na urodziny dla nastolatk\u00f3w, quizy miko\u0142ajek, prezent dla ch\u0142opca na roczek, bajki halloween, mia imi\u0119, dzie\u0144 matki w\u0142asnor\u0119czny prezent dla mamy od dziecka, nauczyciel cytaty, bajki dla dziewczynek, kolorowanka lego friends, malowanki piesek, gry planszowe dla nastolatk\u00f3w, zabawy ruchowe dla dzieci, pomys\u0142y na prima aprilis w szkole, test z lektury opowie\u015bci z narnii lew czarownica i stara szafa z odpowiedziami, prezent dla nastoletniego ch\u0142opca, zagadki dla 4 latka, ekskluzywny prezent na roczek, opisy o dziecku, kolorowanki antystresowe do druku, prezent dla nastolatk\u00f3w 2021<\/p>\n<p>yyyyy<\/p>\n<p>&nbsp;<\/p>\n","protected":false},"excerpt":{"rendered":"<p>Male\u0144ka i urocza biedroneczka, kt\u00f3ra zajmie Twoj\u0105 uwag\u0119 na ca\u0142e dni. Chodzi jak prawdziwa biedronka. Po\u0142\u00f3\u017c j\u0105 na stole lub pod\u0142odze i obserwuj jak biega wok\u00f3\u0142. Twoja biedronka uwielbia bawi\u0107 si\u0119 ze swoim dzieckiem. Ona mo\u017ce poci\u0105gn\u0105\u0107 nawet dwie malutkie biedroneczki dla podw\u00f3jnej zabawy. Czy znajdziesz 1 dziecko czy bli\u017ani\u0119ta? W zestawie znajdziesz 1 baterie.Zawarto\u015b\u0107: [&hellip;]<\/p>\n","protected":false},"featured_media":3107,"comment_status":"closed","ping_status":"open","template":"","meta":[],"product_cat":[484,95],"product_tag":[766,618,711,824],"class_list":["post-3106","product","type-product","status-publish","has-post-thumbnail","hentry","product_cat-cobi","product_cat-figurki-makiety-i-zestawy","product_tag-kira","product_tag-lato-lato-lato-czeka-tekst","product_tag-prezenty-dla-nastolatkow","product_tag-warszawa-atrakcje-dla-dzieci"],"_links":{"self":[{"href":"http:\/\/klubmamgdynia.pl\/index.php\/wp-json\/wp\/v2\/product\/3106","targetHints":{"allow":["GET"]}}],"collection":[{"href":"http:\/\/klubmamgdynia.pl\/index.php\/wp-json\/wp\/v2\/product"}],"about":[{"href":"http:\/\/klubmamgdynia.pl\/index.php\/wp-json\/wp\/v2\/types\/product"}],"replies":[{"embeddable":true,"href":"http:\/\/klubmamgdynia.pl\/index.php\/wp-json\/wp\/v2\/comments?post=3106"}],"wp:featuredmedia":[{"embeddable":true,"href":"http:\/\/klubmamgdynia.pl\/index.php\/wp-json\/wp\/v2\/media\/3107"}],"wp:attachment":[{"href":"http:\/\/klubmamgdynia.pl\/index.php\/wp-json\/wp\/v2\/media?parent=3106"}],"wp:term":[{"taxonomy":"product_cat","embeddable":true,"href":"http:\/\/klubmamgdynia.pl\/index.php\/wp-json\/wp\/v2\/product_cat?post=3106"},{"taxonomy":"product_tag","embeddable":true,"href":"http:\/\/klubmamgdynia.pl\/index.php\/wp-json\/wp\/v2\/product_tag?post=3106"}],"curies":[{"name":"wp","href":"https:\/\/api.w.org\/{rel}","templated":true}]}}