{"id":3108,"date":"2018-04-11T04:59:41","date_gmt":"2018-04-11T02:59:41","guid":{"rendered":"http:\/\/klubmamgdynia.pl\/index.php\/produkt\/atmosphera-for-kids-szafa-do-pokoju-dzieciecego-64x31x124-cm-rozowa\/"},"modified":"2026-04-06T00:24:00","modified_gmt":"2026-04-05T22:24:00","slug":"atmosphera-for-kids-szafa-do-pokoju-dzieciecego-64x31x124-cm-rozowa","status":"publish","type":"product","link":"http:\/\/klubmamgdynia.pl\/index.php\/produkt\/atmosphera-for-kids-szafa-do-pokoju-dzieciecego-64x31x124-cm-rozowa\/","title":{"rendered":"Atmosphera For Kids Szafa Do Pokoju Dzieci\u0119cego 64X31X124 Cm R\u00f3\u017cowa"},"content":{"rendered":"<p>None<\/p>\n<h2>Atmosphera For Kids Szafa Do Pokoju Dzieci\u0119cego 64X31X124 Cm R\u00f3\u017cowa Atmosphera For Kids<\/h2>\n<p>warszawa z dzieckiem, gry i zabawy ruchowe, sara, super zings kolorowanki<\/p>\n<p>yyyyy<\/p>\n<p>&nbsp;<\/p>\n","protected":false},"excerpt":{"rendered":"<p>None Atmosphera For Kids Szafa Do Pokoju Dzieci\u0119cego 64X31X124 Cm R\u00f3\u017cowa Atmosphera For Kids warszawa z dzieckiem, gry i zabawy ruchowe, sara, super zings kolorowanki yyyyy &nbsp;<\/p>\n","protected":false},"featured_media":3109,"comment_status":"closed","ping_status":"open","template":"","meta":[],"product_cat":[1005,1010],"product_tag":[834,671,763,823],"class_list":["post-3108","product","type-product","status-publish","has-post-thumbnail","hentry","product_cat-atmosphera-for-kids","product_cat-szafy-dzieciece","product_tag-bajka-do-czytania-na-dobranoc","product_tag-cicha-noc-po-angielsku-tekst","product_tag-fabian","product_tag-zagadki-dla-dzieci-7-lat"],"_links":{"self":[{"href":"http:\/\/klubmamgdynia.pl\/index.php\/wp-json\/wp\/v2\/product\/3108","targetHints":{"allow":["GET"]}}],"collection":[{"href":"http:\/\/klubmamgdynia.pl\/index.php\/wp-json\/wp\/v2\/product"}],"about":[{"href":"http:\/\/klubmamgdynia.pl\/index.php\/wp-json\/wp\/v2\/types\/product"}],"replies":[{"embeddable":true,"href":"http:\/\/klubmamgdynia.pl\/index.php\/wp-json\/wp\/v2\/comments?post=3108"}],"wp:featuredmedia":[{"embeddable":true,"href":"http:\/\/klubmamgdynia.pl\/index.php\/wp-json\/wp\/v2\/media\/3109"}],"wp:attachment":[{"href":"http:\/\/klubmamgdynia.pl\/index.php\/wp-json\/wp\/v2\/media?parent=3108"}],"wp:term":[{"taxonomy":"product_cat","embeddable":true,"href":"http:\/\/klubmamgdynia.pl\/index.php\/wp-json\/wp\/v2\/product_cat?post=3108"},{"taxonomy":"product_tag","embeddable":true,"href":"http:\/\/klubmamgdynia.pl\/index.php\/wp-json\/wp\/v2\/product_tag?post=3108"}],"curies":[{"name":"wp","href":"https:\/\/api.w.org\/{rel}","templated":true}]}}