{"id":311,"date":"2022-11-13T09:21:01","date_gmt":"2022-11-13T08:21:01","guid":{"rendered":"http:\/\/klubmamgdynia.pl\/index.php\/produkt\/hasbro-furreal-friends-kotek-kami-c1156\/"},"modified":"2026-05-17T23:20:13","modified_gmt":"2026-05-17T21:20:13","slug":"hasbro-furreal-friends-kotek-kami-c1156","status":"publish","type":"product","link":"http:\/\/klubmamgdynia.pl\/index.php\/produkt\/hasbro-furreal-friends-kotek-kami-c1156\/","title":{"rendered":"Hasbro Furreal Friends Kotek Kami C1156"},"content":{"rendered":"<p>Hasbro Furreal Friends Kotek Kami C1156 Kotek Kami wydaje s\u0142odkie d\u017awi\u0119ki i nie mo\u017ce si\u0119 doczeka\u0107 noszenia smyczy i karmienia smako\u0142ykami. Po tym musi zrobi\u0107 kup\u0119!<\/p>\n<p>Kotek Kami zachowuje si\u0119 jak przwdziwe zwierz\u0105tko! Maskotka zapewnia du\u017co \u015bwietnej zabawy.<br \/>\n\u00a0W zestawie 9 smako\u0142yk\u00f3w, smycz i torba na zakupy wielokrotnego u\u017cytku<\/p>\n<h2>Hasbro Furreal Friends Kotek Kami C1156 Hasbro<\/h2>\n<p>kr\u00f3tkie \u017cyczenia wielkanocne dla dzieci, mi\u0142osz imi\u0119, dzien matki cytaty, myszka miki kolorowanka, adela, zagadki halloween dla dzieci, tekst kolysanek, w\u0119gierska g\u00f3rka, zagadki dla dzieci 6-7 lat, zagadki o owocach, koty kolorowanka, dyplom do druku, kolorowanka do wydruku, kubu\u015b puchatek cytaty, praktyczny prezent dla rocznego dziecka, zagadki logiczne matematyczne dla dzieci, opisy do zdj dziecka<\/p>\n<p>yyyyy<\/p>\n<p>&nbsp;<\/p>\n","protected":false},"excerpt":{"rendered":"<p>Hasbro Furreal Friends Kotek Kami C1156 Kotek Kami wydaje s\u0142odkie d\u017awi\u0119ki i nie mo\u017ce si\u0119 doczeka\u0107 noszenia smyczy i karmienia smako\u0142ykami. Po tym musi zrobi\u0107 kup\u0119! Kotek Kami zachowuje si\u0119 jak przwdziwe zwierz\u0105tko! Maskotka zapewnia du\u017co \u015bwietnej zabawy. \u00a0W zestawie 9 smako\u0142yk\u00f3w, smycz i torba na zakupy wielokrotnego u\u017cytku Hasbro Furreal Friends Kotek Kami C1156 [&hellip;]<\/p>\n","protected":false},"featured_media":312,"comment_status":"closed","ping_status":"open","template":"","meta":[],"product_cat":[129,39],"product_tag":[801,680,821,862,675,628],"class_list":["post-311","product","type-product","status-publish","has-post-thumbnail","hentry","product_cat-hasbro","product_cat-zabawki-interaktywne","product_tag-bajki-terapeutyczne-o-emocjach","product_tag-cytaty-z-malego-ksiecia","product_tag-marianna","product_tag-nasza-zima-zla-tekst","product_tag-test-z-lektury-kajko-i-kokosz-szkola-latania","product_tag-zagadka"],"_links":{"self":[{"href":"http:\/\/klubmamgdynia.pl\/index.php\/wp-json\/wp\/v2\/product\/311","targetHints":{"allow":["GET"]}}],"collection":[{"href":"http:\/\/klubmamgdynia.pl\/index.php\/wp-json\/wp\/v2\/product"}],"about":[{"href":"http:\/\/klubmamgdynia.pl\/index.php\/wp-json\/wp\/v2\/types\/product"}],"replies":[{"embeddable":true,"href":"http:\/\/klubmamgdynia.pl\/index.php\/wp-json\/wp\/v2\/comments?post=311"}],"wp:featuredmedia":[{"embeddable":true,"href":"http:\/\/klubmamgdynia.pl\/index.php\/wp-json\/wp\/v2\/media\/312"}],"wp:attachment":[{"href":"http:\/\/klubmamgdynia.pl\/index.php\/wp-json\/wp\/v2\/media?parent=311"}],"wp:term":[{"taxonomy":"product_cat","embeddable":true,"href":"http:\/\/klubmamgdynia.pl\/index.php\/wp-json\/wp\/v2\/product_cat?post=311"},{"taxonomy":"product_tag","embeddable":true,"href":"http:\/\/klubmamgdynia.pl\/index.php\/wp-json\/wp\/v2\/product_tag?post=311"}],"curies":[{"name":"wp","href":"https:\/\/api.w.org\/{rel}","templated":true}]}}