{"id":3114,"date":"2016-05-12T18:59:31","date_gmt":"2016-05-12T16:59:31","guid":{"rendered":"http:\/\/klubmamgdynia.pl\/index.php\/produkt\/mia-home-pudelko-pamietnik-na-narodziny-dziecka-birthbox-szary\/"},"modified":"2026-04-06T02:22:31","modified_gmt":"2026-04-06T00:22:31","slug":"mia-home-pudelko-pamietnik-na-narodziny-dziecka-birthbox-szary","status":"publish","type":"product","link":"http:\/\/klubmamgdynia.pl\/index.php\/produkt\/mia-home-pudelko-pamietnik-na-narodziny-dziecka-birthbox-szary\/","title":{"rendered":"Mia Home Pude\u0142ko Pami\u0119tnik Na Narodziny Dziecka Birthbox Szary"},"content":{"rendered":"<p>Baby Birth Box to utrzymany w pastelowej tonacji regalik z ma\u0142ymi szufladkami \u2013 ka\u017cda z nich na co innego: pierwsze z\u0105bki, bransoletka z porod\u00f3wki czy pierwsze miniaturowe body. Szufladki s\u0105 zdobione w prze\u015bliczne dzieci\u0119ce wzory. Baby Birth Box to wspania\u0142y pomys\u0142 na prezent najpierw dla \u015bwie\u017co upieczonych rodzic\u00f3w, a potem dla dziecka, kt\u00f3re z rado\u015bci\u0105 obejrzy swoje pierwsze pami\u0105tki. Produkt wykonany z trwa\u0142ego kartonu.<\/p>\n<h2>Mia Home Pude\u0142ko Pami\u0119tnik Na Narodziny Dziecka Birthbox Szary MIA Home<\/h2>\n<p>test z lektury ten obcy, rzadkie imiona \u017ce\u0144skie polskie, karyna, sabina, quiz o polsce dla dzieci, milena, prima aprilis pomys\u0142y, \u015bwinka peppa dom, maurycy, a \u015bpij kochanie, prezent dla nastolatk\u00f3w ch\u0142opc\u00f3w, zaproszenie na urodziny do druku, test ch\u0142opcy z placu broni klasa 5, nasza zima z\u0142a tekst, warszawa dla dzieci, urodziny dziecka pomys\u0142y, prezent roczek, cytat rodzina, co kupi\u0107 na roczek dla dziewczynki, cytaty dla mamy, irma<\/p>\n<p>yyyyy<\/p>\n<p>&nbsp;<\/p>\n","protected":false},"excerpt":{"rendered":"<p>Baby Birth Box to utrzymany w pastelowej tonacji regalik z ma\u0142ymi szufladkami \u2013 ka\u017cda z nich na co innego: pierwsze z\u0105bki, bransoletka z porod\u00f3wki czy pierwsze miniaturowe body. Szufladki s\u0105 zdobione w prze\u015bliczne dzieci\u0119ce wzory. Baby Birth Box to wspania\u0142y pomys\u0142 na prezent najpierw dla \u015bwie\u017co upieczonych rodzic\u00f3w, a potem dla dziecka, kt\u00f3re z rado\u015bci\u0105 [&hellip;]<\/p>\n","protected":false},"featured_media":3115,"comment_status":"closed","ping_status":"open","template":"","meta":[],"product_cat":[1012,990],"product_tag":[765,662,650,753,705,739],"class_list":["post-3114","product","type-product","status-publish","has-post-thumbnail","hentry","product_cat-mia-home","product_cat-skrzynie-i-pojemniki-na-zabawki","product_tag-atrakcje-dla-dzieci-warszawa","product_tag-bajki-na-dobranoc","product_tag-choinka-z-bibuly","product_tag-kamila","product_tag-prezent-na-roczek-dla-chlopca","product_tag-prima-aprilis-w-szkole"],"_links":{"self":[{"href":"http:\/\/klubmamgdynia.pl\/index.php\/wp-json\/wp\/v2\/product\/3114","targetHints":{"allow":["GET"]}}],"collection":[{"href":"http:\/\/klubmamgdynia.pl\/index.php\/wp-json\/wp\/v2\/product"}],"about":[{"href":"http:\/\/klubmamgdynia.pl\/index.php\/wp-json\/wp\/v2\/types\/product"}],"replies":[{"embeddable":true,"href":"http:\/\/klubmamgdynia.pl\/index.php\/wp-json\/wp\/v2\/comments?post=3114"}],"wp:featuredmedia":[{"embeddable":true,"href":"http:\/\/klubmamgdynia.pl\/index.php\/wp-json\/wp\/v2\/media\/3115"}],"wp:attachment":[{"href":"http:\/\/klubmamgdynia.pl\/index.php\/wp-json\/wp\/v2\/media?parent=3114"}],"wp:term":[{"taxonomy":"product_cat","embeddable":true,"href":"http:\/\/klubmamgdynia.pl\/index.php\/wp-json\/wp\/v2\/product_cat?post=3114"},{"taxonomy":"product_tag","embeddable":true,"href":"http:\/\/klubmamgdynia.pl\/index.php\/wp-json\/wp\/v2\/product_tag?post=3114"}],"curies":[{"name":"wp","href":"https:\/\/api.w.org\/{rel}","templated":true}]}}