{"id":3116,"date":"2013-01-10T23:27:27","date_gmt":"2013-01-10T22:27:27","guid":{"rendered":"http:\/\/klubmamgdynia.pl\/index.php\/produkt\/lego-star-wars-75305-helm-zwiadowcy-szturmowcow\/"},"modified":"2026-05-01T19:13:30","modified_gmt":"2026-05-01T17:13:30","slug":"lego-star-wars-75305-helm-zwiadowcy-szturmowcow","status":"publish","type":"product","link":"http:\/\/klubmamgdynia.pl\/index.php\/produkt\/lego-star-wars-75305-helm-zwiadowcy-szturmowcow\/","title":{"rendered":"LEGO Star Wars 75305 He\u0142m zwiadowcy szturmowc\u00f3w"},"content":{"rendered":"<h2>LEGO Star Wars 75305 He\u0142m zwiadowcy szturmowc\u00f3w LEGO<\/h2>\n<p>co kupi\u0107 nastolatce na \u015bwi\u0119ta, antystresowe mandale do druku, pytania logiczne, pawe\u0142, minecraft szablony do druku, quiz zemsta, prezenty dla 15 latki, prezent dla nastolatka, ignacy znaczenie imienia, zimowe zabawy dla dzieci, kolorowanki samochody<\/p>\n<p>yyyyy<\/p>\n<p>&nbsp;<\/p>\n","protected":false},"excerpt":{"rendered":"<p>LEGO Star Wars 75305 He\u0142m zwiadowcy szturmowc\u00f3w LEGO co kupi\u0107 nastolatce na \u015bwi\u0119ta, antystresowe mandale do druku, pytania logiczne, pawe\u0142, minecraft szablony do druku, quiz zemsta, prezenty dla 15 latki, prezent dla nastolatka, ignacy znaczenie imienia, zimowe zabawy dla dzieci, kolorowanki samochody yyyyy &nbsp;<\/p>\n","protected":false},"featured_media":3117,"comment_status":"closed","ping_status":"open","template":"","meta":[],"product_cat":[113,540],"product_tag":[825,853,795,735,679],"class_list":["post-3116","product","type-product","status-publish","has-post-thumbnail","hentry","product_cat-klocki","product_cat-lego","product_tag-bajka-na-dobranoc-do-czytania","product_tag-kolorowanki-do-druku-dla-doroslych","product_tag-mini-zoo-warszawa","product_tag-prezent-na-roczek-dziewczynka","product_tag-zabawki-na-roczek-dla-dziewczynki"],"_links":{"self":[{"href":"http:\/\/klubmamgdynia.pl\/index.php\/wp-json\/wp\/v2\/product\/3116","targetHints":{"allow":["GET"]}}],"collection":[{"href":"http:\/\/klubmamgdynia.pl\/index.php\/wp-json\/wp\/v2\/product"}],"about":[{"href":"http:\/\/klubmamgdynia.pl\/index.php\/wp-json\/wp\/v2\/types\/product"}],"replies":[{"embeddable":true,"href":"http:\/\/klubmamgdynia.pl\/index.php\/wp-json\/wp\/v2\/comments?post=3116"}],"wp:featuredmedia":[{"embeddable":true,"href":"http:\/\/klubmamgdynia.pl\/index.php\/wp-json\/wp\/v2\/media\/3117"}],"wp:attachment":[{"href":"http:\/\/klubmamgdynia.pl\/index.php\/wp-json\/wp\/v2\/media?parent=3116"}],"wp:term":[{"taxonomy":"product_cat","embeddable":true,"href":"http:\/\/klubmamgdynia.pl\/index.php\/wp-json\/wp\/v2\/product_cat?post=3116"},{"taxonomy":"product_tag","embeddable":true,"href":"http:\/\/klubmamgdynia.pl\/index.php\/wp-json\/wp\/v2\/product_tag?post=3116"}],"curies":[{"name":"wp","href":"https:\/\/api.w.org\/{rel}","templated":true}]}}