{"id":3118,"date":"2021-11-08T10:15:09","date_gmt":"2021-11-08T09:15:09","guid":{"rendered":"http:\/\/klubmamgdynia.pl\/index.php\/produkt\/cobi-figurka-treasurex-aliens-jajko-obcy-z-glutem\/"},"modified":"2026-04-30T11:06:02","modified_gmt":"2026-04-30T09:06:02","slug":"cobi-figurka-treasurex-aliens-jajko-obcy-z-glutem","status":"publish","type":"product","link":"http:\/\/klubmamgdynia.pl\/index.php\/produkt\/cobi-figurka-treasurex-aliens-jajko-obcy-z-glutem\/","title":{"rendered":"Cobi Figurka Treasurex Aliens Jajko Obcy z glutem"},"content":{"rendered":"<p>Obcy w Jajkach wyl\u0105dowali i chc\u0105 si\u0119 wyklu\u0107! Otw\u00f3rz tward\u0105 zewn\u0119trzn\u0105 skorupk\u0119, aby odkry\u0107 mi\u0119kkie Jajko! \u015aci\u015bnij Jajko i zobacz jak eksploduje! Super! To ma\u0142y Obcy ca\u0142y w glucie. Poszukaj w glucie tak\u017ce skarbu. Czy znajdziesz w \u015brodku prawdziwy klejnot? Ci mali kosmici uwielbiaj\u0105 ssa\u0107 glut! \u015aci\u015bnij boki Obcego i zobacz, jak siorbie i wypluwa glut! Jest 12 figurek Obcych do zebrania i 13 r\u00f3\u017cnych skarb\u00f3w.<\/p>\n<h2>Cobi Figurka Treasurex Aliens Jajko Obcy z glutem Cobi<\/h2>\n<p>quiz bajki, miriam imi\u0119, zagadka logiczna, co\u015b dla nastolatk\u00f3w, pomys\u0142 na prezent dla nastolatki, kolorowanki do druku dla dzieci, linda, zagadki dla dzieci, \u0142atwe laurki, zagadki na logik\u0119, bursztynek<\/p>\n<p>yyyyy<\/p>\n<p>&nbsp;<\/p>\n","protected":false},"excerpt":{"rendered":"<p>Obcy w Jajkach wyl\u0105dowali i chc\u0105 si\u0119 wyklu\u0107! Otw\u00f3rz tward\u0105 zewn\u0119trzn\u0105 skorupk\u0119, aby odkry\u0107 mi\u0119kkie Jajko! \u015aci\u015bnij Jajko i zobacz jak eksploduje! Super! To ma\u0142y Obcy ca\u0142y w glucie. Poszukaj w glucie tak\u017ce skarbu. Czy znajdziesz w \u015brodku prawdziwy klejnot? Ci mali kosmici uwielbiaj\u0105 ssa\u0107 glut! \u015aci\u015bnij boki Obcego i zobacz, jak siorbie i wypluwa [&hellip;]<\/p>\n","protected":false},"featured_media":3119,"comment_status":"closed","ping_status":"open","template":"","meta":[],"product_cat":[484,95],"product_tag":[686,685,810,822],"class_list":["post-3118","product","type-product","status-publish","has-post-thumbnail","hentry","product_cat-cobi","product_cat-figurki-makiety-i-zestawy","product_tag-co-na-roczek-dla-chlopca","product_tag-cytaty-o-rodzinie","product_tag-nauka-zegara-do-druku","product_tag-wierszyki-o-wakacjach-krotkie"],"_links":{"self":[{"href":"http:\/\/klubmamgdynia.pl\/index.php\/wp-json\/wp\/v2\/product\/3118","targetHints":{"allow":["GET"]}}],"collection":[{"href":"http:\/\/klubmamgdynia.pl\/index.php\/wp-json\/wp\/v2\/product"}],"about":[{"href":"http:\/\/klubmamgdynia.pl\/index.php\/wp-json\/wp\/v2\/types\/product"}],"replies":[{"embeddable":true,"href":"http:\/\/klubmamgdynia.pl\/index.php\/wp-json\/wp\/v2\/comments?post=3118"}],"wp:featuredmedia":[{"embeddable":true,"href":"http:\/\/klubmamgdynia.pl\/index.php\/wp-json\/wp\/v2\/media\/3119"}],"wp:attachment":[{"href":"http:\/\/klubmamgdynia.pl\/index.php\/wp-json\/wp\/v2\/media?parent=3118"}],"wp:term":[{"taxonomy":"product_cat","embeddable":true,"href":"http:\/\/klubmamgdynia.pl\/index.php\/wp-json\/wp\/v2\/product_cat?post=3118"},{"taxonomy":"product_tag","embeddable":true,"href":"http:\/\/klubmamgdynia.pl\/index.php\/wp-json\/wp\/v2\/product_tag?post=3118"}],"curies":[{"name":"wp","href":"https:\/\/api.w.org\/{rel}","templated":true}]}}