{"id":3124,"date":"2022-07-28T01:20:44","date_gmt":"2022-07-27T23:20:44","guid":{"rendered":"http:\/\/klubmamgdynia.pl\/index.php\/produkt\/bloomingville-kosz-orzech-finus\/"},"modified":"2026-04-29T01:25:58","modified_gmt":"2026-04-28T23:25:58","slug":"bloomingville-kosz-orzech-finus","status":"publish","type":"product","link":"http:\/\/klubmamgdynia.pl\/index.php\/produkt\/bloomingville-kosz-orzech-finus\/","title":{"rendered":"Bloomingville Kosz Orzech Finus"},"content":{"rendered":"<p>Kosz Finus od Bloomingville MINI to \u015bwietny spos\u00f3b na uporz\u0105dkowanie przedmiot\u00f3w i przechowywanie zabawek. Kosz wykonany jest z trawy morskiej, ma kszta\u0142t orzecha i jest wyposa\u017cony w pokrywk\u0119. Stanowi dobry dodatek do dekoracji pokoju dzieci\u0119cego. Wymiary : D43,5xH46 cm<\/p>\n<h2>Bloomingville Kosz Orzech Finus Bloomingville<\/h2>\n<p>zagadki dla 4 latka, wzruszaj\u0105ce s\u0142owa dla przyjaci\u00f3\u0142ki, zaproszenia na urodziny do wydruku, kolorowanki z bajek, andrzejki dekoracje do druku, co oznacza jordan, imi\u0119 mia<\/p>\n<p>yyyyy<\/p>\n<p>&nbsp;<\/p>\n","protected":false},"excerpt":{"rendered":"<p>Kosz Finus od Bloomingville MINI to \u015bwietny spos\u00f3b na uporz\u0105dkowanie przedmiot\u00f3w i przechowywanie zabawek. Kosz wykonany jest z trawy morskiej, ma kszta\u0142t orzecha i jest wyposa\u017cony w pokrywk\u0119. Stanowi dobry dodatek do dekoracji pokoju dzieci\u0119cego. Wymiary : D43,5xH46 cm Bloomingville Kosz Orzech Finus Bloomingville zagadki dla 4 latka, wzruszaj\u0105ce s\u0142owa dla przyjaci\u00f3\u0142ki, zaproszenia na urodziny [&hellip;]<\/p>\n","protected":false},"featured_media":3125,"comment_status":"closed","ping_status":"open","template":"","meta":[],"product_cat":[1013,990],"product_tag":[844,584,759,606,608],"class_list":["post-3124","product","type-product","status-publish","has-post-thumbnail","hentry","product_cat-bloomingville","product_cat-skrzynie-i-pojemniki-na-zabawki","product_tag-co-kupic-na-roczek","product_tag-liwia","product_tag-pomysly-na-prezent-dla-nastolatkow","product_tag-stala-pod-sniegiem","product_tag-zagadki-i-odpowiedzi"],"_links":{"self":[{"href":"http:\/\/klubmamgdynia.pl\/index.php\/wp-json\/wp\/v2\/product\/3124","targetHints":{"allow":["GET"]}}],"collection":[{"href":"http:\/\/klubmamgdynia.pl\/index.php\/wp-json\/wp\/v2\/product"}],"about":[{"href":"http:\/\/klubmamgdynia.pl\/index.php\/wp-json\/wp\/v2\/types\/product"}],"replies":[{"embeddable":true,"href":"http:\/\/klubmamgdynia.pl\/index.php\/wp-json\/wp\/v2\/comments?post=3124"}],"wp:featuredmedia":[{"embeddable":true,"href":"http:\/\/klubmamgdynia.pl\/index.php\/wp-json\/wp\/v2\/media\/3125"}],"wp:attachment":[{"href":"http:\/\/klubmamgdynia.pl\/index.php\/wp-json\/wp\/v2\/media?parent=3124"}],"wp:term":[{"taxonomy":"product_cat","embeddable":true,"href":"http:\/\/klubmamgdynia.pl\/index.php\/wp-json\/wp\/v2\/product_cat?post=3124"},{"taxonomy":"product_tag","embeddable":true,"href":"http:\/\/klubmamgdynia.pl\/index.php\/wp-json\/wp\/v2\/product_tag?post=3124"}],"curies":[{"name":"wp","href":"https:\/\/api.w.org\/{rel}","templated":true}]}}