{"id":3128,"date":"2019-06-18T09:12:43","date_gmt":"2019-06-18T07:12:43","guid":{"rendered":"http:\/\/klubmamgdynia.pl\/index.php\/produkt\/cobi-small-army-m4-sherman-a1-firefly-3007\/"},"modified":"2026-05-17T22:33:54","modified_gmt":"2026-05-17T20:33:54","slug":"cobi-small-army-m4-sherman-a1-firefly-3007","status":"publish","type":"product","link":"http:\/\/klubmamgdynia.pl\/index.php\/produkt\/cobi-small-army-m4-sherman-a1-firefly-3007\/","title":{"rendered":"Cobi Small Army M4 Sherman A1 \/ Firefly (3007)"},"content":{"rendered":"<p>Klocki Cobi 3007A M4 Sherman World Of Tanks Unikat<\/p>\n<h2>Cobi Small Army M4 Sherman A1 \/ Firefly (3007) Cobi<\/h2>\n<p>maski do druku kolorowe, prezenty na roczek dla ch\u0142opca, marcel znaczenie imienia, piosenki na dobranoc dla dzieci + tekst, wierszyki na smigus dyngus, kolorowanka kotki do druku, znaczenie imienia julian, gry planszowe dla nastolatk\u00f3w, opisy do zdj\u0119\u0107 dziecka, janusz korczak cytaty, kolorowanka piesek, kolorowanka ninjago<\/p>\n<p>yyyyy<\/p>\n<p>&nbsp;<\/p>\n","protected":false},"excerpt":{"rendered":"<p>Klocki Cobi 3007A M4 Sherman World Of Tanks Unikat Cobi Small Army M4 Sherman A1 \/ Firefly (3007) Cobi maski do druku kolorowe, prezenty na roczek dla ch\u0142opca, marcel znaczenie imienia, piosenki na dobranoc dla dzieci + tekst, wierszyki na smigus dyngus, kolorowanka kotki do druku, znaczenie imienia julian, gry planszowe dla nastolatk\u00f3w, opisy do [&hellip;]<\/p>\n","protected":false},"featured_media":3129,"comment_status":"closed","ping_status":"open","template":"","meta":[],"product_cat":[484,113],"product_tag":[867,582,840,577],"class_list":["post-3128","product","type-product","status-publish","has-post-thumbnail","hentry","product_cat-cobi","product_cat-klocki","product_tag-kolorowanki-dla-dziewczynek","product_tag-nauka-pisania-literek-do-wydruku-pdf","product_tag-stare-bajki","product_tag-znaki-drogowe-test"],"_links":{"self":[{"href":"http:\/\/klubmamgdynia.pl\/index.php\/wp-json\/wp\/v2\/product\/3128","targetHints":{"allow":["GET"]}}],"collection":[{"href":"http:\/\/klubmamgdynia.pl\/index.php\/wp-json\/wp\/v2\/product"}],"about":[{"href":"http:\/\/klubmamgdynia.pl\/index.php\/wp-json\/wp\/v2\/types\/product"}],"replies":[{"embeddable":true,"href":"http:\/\/klubmamgdynia.pl\/index.php\/wp-json\/wp\/v2\/comments?post=3128"}],"wp:featuredmedia":[{"embeddable":true,"href":"http:\/\/klubmamgdynia.pl\/index.php\/wp-json\/wp\/v2\/media\/3129"}],"wp:attachment":[{"href":"http:\/\/klubmamgdynia.pl\/index.php\/wp-json\/wp\/v2\/media?parent=3128"}],"wp:term":[{"taxonomy":"product_cat","embeddable":true,"href":"http:\/\/klubmamgdynia.pl\/index.php\/wp-json\/wp\/v2\/product_cat?post=3128"},{"taxonomy":"product_tag","embeddable":true,"href":"http:\/\/klubmamgdynia.pl\/index.php\/wp-json\/wp\/v2\/product_tag?post=3128"}],"curies":[{"name":"wp","href":"https:\/\/api.w.org\/{rel}","templated":true}]}}