{"id":313,"date":"2012-03-05T19:56:47","date_gmt":"2012-03-05T18:56:47","guid":{"rendered":"http:\/\/klubmamgdynia.pl\/index.php\/produkt\/frikolino-koparka-auto-do-skrecania-swiatlo-dzwiek-muzyka\/"},"modified":"2026-05-17T22:50:14","modified_gmt":"2026-05-17T20:50:14","slug":"frikolino-koparka-auto-do-skrecania-swiatlo-dzwiek-muzyka","status":"publish","type":"product","link":"http:\/\/klubmamgdynia.pl\/index.php\/produkt\/frikolino-koparka-auto-do-skrecania-swiatlo-dzwiek-muzyka\/","title":{"rendered":"Frikolino Koparka Auto Do Skr\u0119cania \u015awiat\u0142o D\u017awi\u0119k Muzyka"},"content":{"rendered":"<p>Fantastyczna zabawka dla dzieci ciekawych pracy maszyn budowlanych ! Koparka do skr\u0119cania w zestawie z wygodnym, bezpiecznym \u015brubokr\u0119tem i du\u017cymi \u015brubami do skr\u0119cania i ponownego rozkr\u0119cania. Zabawka \u0142\u0105czy w sobie cechy takie jak: majsterkowanie, kreatywno\u015b\u0107 oraz klasyczn\u0105 zabaw\u0119 autami. Wszystkie elementy wykonane s\u0105 w taki spos\u00f3b, \u017ce nawet 3-tetnie dzieci poradz\u0105 sobie z odkr\u0119caniem i wkr\u0119caniem \u015brub. Wydaje d\u017awi\u0119ki i \u015bwieci podczas zabawy Wykonanie z tworzywa wysokiej jako\u015bci Kolory odporne na blakni\u0119cie Zabawka posiada certyfikat CE bezpiecze\u0144stwa Wiek 3+ Wymiary opakowania: 27 x 18 x 12 cm \u015awietny prezent dla ma\u0142ych majsterkowicz\u00f3w !<\/p>\n<h2>Frikolino Koparka Auto Do Skr\u0119cania \u015awiat\u0142o D\u017awi\u0119k Muzyka Frikolino.pl<\/h2>\n<p>prezent na roczek dla chlopca, prezenty dla nastolatki, wiosenne zagadki dla dzieci, prezenty dla rocznego dziecka, platformy edukacyjne, wydarzenia dla dzieci warszawa, upominek dla nastolatk\u00f3w, regina, opisy do zdj\u0119\u0107 dziecka, zagadki zimowe dla dzieci, my little pony kolorowanki celestia, gwiazda do wydruku, co na roczek dla ch\u0142opca, filmy animowane \u015bwi\u0105teczne<\/p>\n<p>yyyyy<\/p>\n<p>&nbsp;<\/p>\n","protected":false},"excerpt":{"rendered":"<p>Fantastyczna zabawka dla dzieci ciekawych pracy maszyn budowlanych ! Koparka do skr\u0119cania w zestawie z wygodnym, bezpiecznym \u015brubokr\u0119tem i du\u017cymi \u015brubami do skr\u0119cania i ponownego rozkr\u0119cania. Zabawka \u0142\u0105czy w sobie cechy takie jak: majsterkowanie, kreatywno\u015b\u0107 oraz klasyczn\u0105 zabaw\u0119 autami. Wszystkie elementy wykonane s\u0105 w taki spos\u00f3b, \u017ce nawet 3-tetnie dzieci poradz\u0105 sobie z odkr\u0119caniem i [&hellip;]<\/p>\n","protected":false},"featured_media":314,"comment_status":"closed","ping_status":"open","template":"","meta":[],"product_cat":[83,119],"product_tag":[719,763,679],"class_list":["post-313","product","type-product","status-publish","has-post-thumbnail","hentry","product_cat-auta-i-inne-pojazdy-do-zabawy","product_cat-frikolino-pl","product_tag-dziecko-cytaty-zlote-mysli","product_tag-fabian","product_tag-zabawki-na-roczek-dla-dziewczynki"],"_links":{"self":[{"href":"http:\/\/klubmamgdynia.pl\/index.php\/wp-json\/wp\/v2\/product\/313","targetHints":{"allow":["GET"]}}],"collection":[{"href":"http:\/\/klubmamgdynia.pl\/index.php\/wp-json\/wp\/v2\/product"}],"about":[{"href":"http:\/\/klubmamgdynia.pl\/index.php\/wp-json\/wp\/v2\/types\/product"}],"replies":[{"embeddable":true,"href":"http:\/\/klubmamgdynia.pl\/index.php\/wp-json\/wp\/v2\/comments?post=313"}],"wp:featuredmedia":[{"embeddable":true,"href":"http:\/\/klubmamgdynia.pl\/index.php\/wp-json\/wp\/v2\/media\/314"}],"wp:attachment":[{"href":"http:\/\/klubmamgdynia.pl\/index.php\/wp-json\/wp\/v2\/media?parent=313"}],"wp:term":[{"taxonomy":"product_cat","embeddable":true,"href":"http:\/\/klubmamgdynia.pl\/index.php\/wp-json\/wp\/v2\/product_cat?post=313"},{"taxonomy":"product_tag","embeddable":true,"href":"http:\/\/klubmamgdynia.pl\/index.php\/wp-json\/wp\/v2\/product_tag?post=313"}],"curies":[{"name":"wp","href":"https:\/\/api.w.org\/{rel}","templated":true}]}}