{"id":3130,"date":"2011-09-09T14:04:36","date_gmt":"2011-09-09T12:04:36","guid":{"rendered":"http:\/\/klubmamgdynia.pl\/index.php\/produkt\/skandi-pojemnik-kosz-na-zabawki-kropki-or2wz26\/"},"modified":"2026-04-03T15:08:00","modified_gmt":"2026-04-03T13:08:00","slug":"skandi-pojemnik-kosz-na-zabawki-kropki-or2wz26","status":"publish","type":"product","link":"http:\/\/klubmamgdynia.pl\/index.php\/produkt\/skandi-pojemnik-kosz-na-zabawki-kropki-or2wz26\/","title":{"rendered":"Skandi Pojemnik Kosz Na Zabawki Kropki Or2Wz26"},"content":{"rendered":"<p>Praktyczny dodatek do pokoju lub \u0142azienki. Worek, organizer na zabawki, pranie lub inne produkty. Po\u0142\u0105czenie stylu skandynawskiego z praktyczno\u015bci\u0105. Posiada praktyczne r\u0105czki do przenoszenia pojemnika z miejsca na miejsce. Sk\u0142ad: Brezent bawe\u0142niany &#8211; sztywny, materia\u0142Wymiary:szeroko\u015b\u0107 40 cm wysoko\u015b\u0107 50 cm<\/p>\n<h2>Skandi Pojemnik Kosz Na Zabawki Kropki Or2Wz26 <\/h2>\n<p>jak si\u0119 rysuje psa, zaproszenia na urodziny do wydruku czarno bia\u0142e, prezent dla 15 latka, kamila, kolorowanka my little pony<\/p>\n<p>yyyyy<\/p>\n<p>&nbsp;<\/p>\n","protected":false},"excerpt":{"rendered":"<p>Praktyczny dodatek do pokoju lub \u0142azienki. Worek, organizer na zabawki, pranie lub inne produkty. Po\u0142\u0105czenie stylu skandynawskiego z praktyczno\u015bci\u0105. Posiada praktyczne r\u0105czki do przenoszenia pojemnika z miejsca na miejsce. Sk\u0142ad: Brezent bawe\u0142niany &#8211; sztywny, materia\u0142Wymiary:szeroko\u015b\u0107 40 cm wysoko\u015b\u0107 50 cm Skandi Pojemnik Kosz Na Zabawki Kropki Or2Wz26 jak si\u0119 rysuje psa, zaproszenia na urodziny do [&hellip;]<\/p>\n","protected":false},"featured_media":3131,"comment_status":"closed","ping_status":"open","template":"","meta":[],"product_cat":[990],"product_tag":[611,685,691,734,709,635],"class_list":["post-3130","product","type-product","status-publish","has-post-thumbnail","hentry","product_cat-skrzynie-i-pojemniki-na-zabawki","product_tag-bajki-do-czytania-psi-patrol","product_tag-cytaty-o-rodzinie","product_tag-gabriel","product_tag-milan-imie","product_tag-zagadki-dla-dzieci-6-7-lat","product_tag-znaki-drogowe-do-druku"],"_links":{"self":[{"href":"http:\/\/klubmamgdynia.pl\/index.php\/wp-json\/wp\/v2\/product\/3130","targetHints":{"allow":["GET"]}}],"collection":[{"href":"http:\/\/klubmamgdynia.pl\/index.php\/wp-json\/wp\/v2\/product"}],"about":[{"href":"http:\/\/klubmamgdynia.pl\/index.php\/wp-json\/wp\/v2\/types\/product"}],"replies":[{"embeddable":true,"href":"http:\/\/klubmamgdynia.pl\/index.php\/wp-json\/wp\/v2\/comments?post=3130"}],"wp:featuredmedia":[{"embeddable":true,"href":"http:\/\/klubmamgdynia.pl\/index.php\/wp-json\/wp\/v2\/media\/3131"}],"wp:attachment":[{"href":"http:\/\/klubmamgdynia.pl\/index.php\/wp-json\/wp\/v2\/media?parent=3130"}],"wp:term":[{"taxonomy":"product_cat","embeddable":true,"href":"http:\/\/klubmamgdynia.pl\/index.php\/wp-json\/wp\/v2\/product_cat?post=3130"},{"taxonomy":"product_tag","embeddable":true,"href":"http:\/\/klubmamgdynia.pl\/index.php\/wp-json\/wp\/v2\/product_tag?post=3130"}],"curies":[{"name":"wp","href":"https:\/\/api.w.org\/{rel}","templated":true}]}}