{"id":3132,"date":"2017-09-09T22:27:17","date_gmt":"2017-09-09T20:27:17","guid":{"rendered":"http:\/\/klubmamgdynia.pl\/index.php\/produkt\/3-sprouts-stojak-na-ksiazk-ileniwiec-szary\/"},"modified":"2026-04-06T01:30:06","modified_gmt":"2026-04-05T23:30:06","slug":"3-sprouts-stojak-na-ksiazk-ileniwiec-szary","status":"publish","type":"product","link":"http:\/\/klubmamgdynia.pl\/index.php\/produkt\/3-sprouts-stojak-na-ksiazk-ileniwiec-szary\/","title":{"rendered":"3 Sprouts Stojak Na Ksi\u0105\u017ck Ileniwiec Szary"},"content":{"rendered":"<p>3 Sprouts Stojak na Ksi\u0105\u017cki Leniwiec GreyNumer kat. IRKSLOEksperci s\u0105 zgodni, \u017ce czytanie dziecku od pierwszego dnia jest idealnym sposobem na rozwijanie umiej\u0119tno\u015bci j\u0119zykowych i rozwoju emocjonalnego. Stojak 3 Sprouts to idealna p\u00f3\u0142ka na ksi\u0105\u017cki dla maluszka. Utrzymuj\u0105c ksi\u0105\u017cki na poziomie wzroku Twojego dziecka. P\u00f3\u0142ka na ksi\u0105\u017cki zach\u0119ca do czytania, a nawet do odk\u0142adania je na miejsce, gdy nadejdzie pora spania. Stw\u00f3rz najmodniejszy ma\u0142y k\u0105cik do czytania dla swojego przysz\u0142ego &#8222;mola ksi\u0105\u017ckowego&#8221; ze stojakiem 3 Sprouts. Estetyczny wygl\u0105d oraz kolorystyka, sprawiaj\u0105, \u017ce organizer dopasuje si\u0119 do ka\u017cdego wn\u0119trza dzieci\u0119cego pokoju.Cechy:- przechowywanie ksi\u0105\u017cek na wyci\u0105gni\u0119cie dzieci\u0119cej r\u0119ki- u\u0142atwia znale\u017a\u0107 dziecku ulubion\u0105 ksi\u0105\u017ck\u0119- idealna wysoko\u015b\u0107 dla Twojego malucha- wykonany z drewna z materia\u0142owymi kieszonkamiMateria\u0142:- stojak MDF- materia\u0142 100% poliesterWymiary:- wysoko\u015b\u0107 61 cm- g\u0142\u0119boko\u015b\u0107 25 cm- szeroko\u015b\u0107 62 cmCzyszczenie:- czy\u015bci\u0107 tylko r\u0119cznieWymiary opakowania:- szeroko\u015b\u0107 28,5 cm- wysoko\u015b\u0107 61,5 cm- g\u0142\u0119boko\u015b\u0107 5 cm3 Sprouts to Kanadyjska firma specjalizuj\u0105ca si\u0119 w produktach do wyposa\u017cenia wn\u0119trz. 3 Sprouts zosta\u0142 stworzony przez trzech przyjaci\u00f3\u0142, kt\u00f3rzy podzielaj\u0105 mi\u0142o\u015b\u0107 do dzieci i uznanie dla unikalnych i nowoczesnych produkt\u00f3w. Pracuj\u0105c w projektowaniu w Nowym Jorku i Toronto dla takich firm, jak Kate Spade, Barneys New York i Holt Renfrew, zainspirowali si\u0119 do stworzenia kolekcji, kt\u00f3ra skierowana zar\u00f3wno jest do rodzic\u00f3w jak i dzieci.Od narodzin 3 Sprouts &#8211; wiosn\u0105 2007 roku firma jest szcz\u0119\u015bliwa, aby s\u0142u\u017cy\u0107 klientom, kt\u00f3rzy podzielaj\u0105 zaanga\u017cowanie na dobrze zaprojektowane produkty dla dziecka.Producenci kochaj\u0105 mark\u0119 3 Sprouts, kt\u00f3ra pozwala znale\u017a\u0107 wielk\u0105 rado\u015b\u0107 w projektowaniu produkt\u00f3w, kt\u00f3re pasuj\u0105 dla ka\u017cdego domu. 3 Sprouts pozostawia u\u015bmiecha dla ka\u017cdego, kt\u00f3ry widzi produkty jak i dla codziennych u\u017cytkownik\u00f3w.<\/p>\n<h2>3 Sprouts Stojak Na Ksi\u0105\u017ck Ileniwiec Szary 3 Sprouts<\/h2>\n<p>zagadka dla dzieci, \u017carty na prima aprilis dla mamy, najrzadsze imiona w polsce, znaczenie imiona alan, kolorowanki andrzejki do wydruku, prezenty dla 16 latki, zadania logiczne, quiz stolice europy, darmowe bajki dla dzieci, dzie\u0144 nauczyciela cytaty, list do miko\u0142aja wz\u00f3r pdf, prezent roczek, jak si\u0119 rysuje kota, Keyword, co dla dziecka na roczek, zabawki dla dziewczynki na roczek, dobranoc zimowo<\/p>\n<p>yyyyy<\/p>\n<p>&nbsp;<\/p>\n","protected":false},"excerpt":{"rendered":"<p>3 Sprouts Stojak na Ksi\u0105\u017cki Leniwiec GreyNumer kat. IRKSLOEksperci s\u0105 zgodni, \u017ce czytanie dziecku od pierwszego dnia jest idealnym sposobem na rozwijanie umiej\u0119tno\u015bci j\u0119zykowych i rozwoju emocjonalnego. Stojak 3 Sprouts to idealna p\u00f3\u0142ka na ksi\u0105\u017cki dla maluszka. Utrzymuj\u0105c ksi\u0105\u017cki na poziomie wzroku Twojego dziecka. P\u00f3\u0142ka na ksi\u0105\u017cki zach\u0119ca do czytania, a nawet do odk\u0142adania je [&hellip;]<\/p>\n","protected":false},"featured_media":3133,"comment_status":"closed","ping_status":"open","template":"","meta":[],"product_cat":[1004,990],"product_tag":[646,822,799,713,756],"class_list":["post-3132","product","type-product","status-publish","has-post-thumbnail","hentry","product_cat-3-sprouts","product_cat-skrzynie-i-pojemniki-na-zabawki","product_tag-prezent-na-pierwsze-urodziny","product_tag-wierszyki-o-wakacjach-krotkie","product_tag-zagadka-logiczna","product_tag-zagadki-logiczne-z-odpowiedziami","product_tag-zaproszenie-na-urodziny-do-druku"],"_links":{"self":[{"href":"http:\/\/klubmamgdynia.pl\/index.php\/wp-json\/wp\/v2\/product\/3132","targetHints":{"allow":["GET"]}}],"collection":[{"href":"http:\/\/klubmamgdynia.pl\/index.php\/wp-json\/wp\/v2\/product"}],"about":[{"href":"http:\/\/klubmamgdynia.pl\/index.php\/wp-json\/wp\/v2\/types\/product"}],"replies":[{"embeddable":true,"href":"http:\/\/klubmamgdynia.pl\/index.php\/wp-json\/wp\/v2\/comments?post=3132"}],"wp:featuredmedia":[{"embeddable":true,"href":"http:\/\/klubmamgdynia.pl\/index.php\/wp-json\/wp\/v2\/media\/3133"}],"wp:attachment":[{"href":"http:\/\/klubmamgdynia.pl\/index.php\/wp-json\/wp\/v2\/media?parent=3132"}],"wp:term":[{"taxonomy":"product_cat","embeddable":true,"href":"http:\/\/klubmamgdynia.pl\/index.php\/wp-json\/wp\/v2\/product_cat?post=3132"},{"taxonomy":"product_tag","embeddable":true,"href":"http:\/\/klubmamgdynia.pl\/index.php\/wp-json\/wp\/v2\/product_tag?post=3132"}],"curies":[{"name":"wp","href":"https:\/\/api.w.org\/{rel}","templated":true}]}}