{"id":3134,"date":"2012-07-03T05:25:02","date_gmt":"2012-07-03T03:25:02","guid":{"rendered":"http:\/\/klubmamgdynia.pl\/index.php\/produkt\/playgo-mini-worek-samochody\/"},"modified":"2026-04-22T22:04:11","modified_gmt":"2026-04-22T20:04:11","slug":"playgo-mini-worek-samochody","status":"publish","type":"product","link":"http:\/\/klubmamgdynia.pl\/index.php\/produkt\/playgo-mini-worek-samochody\/","title":{"rendered":"Play&amp;Go &#8211; Mini worek Samochody"},"content":{"rendered":"<p>Mini worek na zabawki od marki Play&amp; Go!Koncepcja markiWorki na zabawki i miejsce do zabawy w jednym pomog\u0105 utrzyma\u0107 porz\u0105dek w ka\u017cdym dzieci\u0119cym pokoju. Stanowi\u0105 oryginalne miejsce do przechowywania i zarazem do zabawy! S\u0105 funkcjonalne, a przy okazji tak proste w obs\u0142udze, \u017ce dzieci je uwielbiaj\u0105! Jak je rozpozna\u0107? \u2013 s\u0105 kolorowe i maj\u0105 przepi\u0119kne, oryginalne, designerskie wzory.ProduktTen idealny, ma\u0142y worek zmie\u015bci najpotrzebniejsze rzeczy: zabawki, przek\u0105ski, kredki, str\u00f3j sportowy i o wiele wi\u0119cej! Mo\u017cna go \u0142atwo z\u0142o\u017cy\u0107, roz\u0142o\u017cy\u0107 i przenie\u015b\u0107 w inne miejsce. Mo\u017cna zabra\u0107 go ze sob\u0105 do szko\u0142y, na basen, na wakacje, do znajomych, na wizyt\u0119 do dziadk\u00f3w czy do parku. Ka\u017cde dziecko mo\u017ce znale\u017a\u0107 w\u0142asne, oryginalne zastosowanie dla takiego worka w swoim pokoju. Mo\u017cna go powiesi\u0107, schowa\u0107 pod \u0142\u00f3\u017ckiem czy po prostu po\u0142o\u017cy\u0107 na pod\u0142odze. Worek Play&amp;Go s\u0142u\u017cy r\u00f3wnie\u017c dzieciom do nauki samodzielnego sprz\u0105tania pokoju \u2013 wystarczy wrzuci\u0107 do niego zabawki i gotowe!Nowoczesny designWorki s\u0105 wykonane z wytrzyma\u0142ego p\u0142\u00f3tna i maj\u0105 przepi\u0119kne wzory \u2013 w asortymencie marki Play&amp;Go opr\u00f3cz work\u00f3w jednokolorowych znajdziemy worki we wz\u00f3r pandy, w\u0105s\u00f3w, romb\u00f3w, lotki od badmingtona, kotwicy czy superbohater\u00f3w. Worki zachwycaj\u0105 nowoczesnym designem.O marce Play&amp;GoPlay&amp;Go to belgijska marka, kt\u00f3ra oferuje kolorowe, inspiruj\u0105ce produkty dla dzieci i do domu. Marka rozumie, jak wa\u017cna jest rola zabawy i rozwijania kreatywno\u015bci u dzieci. Projektuje i tworzy designerskie produkty wysokiej jako\u015bci, kt\u00f3re sprawiaj\u0105 dzieciom rado\u015b\u0107 i wywo\u0142uj\u0105 na ich twarzach u\u015bmiech.Wybierz sw\u00f3j ulubiony wz\u00f3r i baw si\u0119 razem z mark\u0105 Play&amp;Go!Wymiary: \u015brednica 40 cmMateria\u0142: 70% bawe\u0142na, 30% polyesterWiek: od 3 lat<\/p>\n<h2>Play&amp;Go &#8211; Mini worek Samochody Playgo<\/h2>\n<p>bajki dla dziewczynek, bajki o ksi\u0119\u017cniczkach do czytania, walentynka kolorowanka, opowiadanie o jesieni dla dzieci, literki dla dzieci, spongebob kolorowanka, maska karnawa\u0142owa pdf, quiz o samochodach, pierwsze urodziny prezent na roczek dla dziewczynki, po\u0142\u0105cz kropki do druku \u0142atwe, tupcio chrupcio bajka do czytania, wzruszajace cytaty o rodzinie, kundel bury tekst, kolysanki tekst, kolorowanka kotki do druku, ka\u0142u\u017cy\u015bci, kolorowanki \u015bwi\u0105teczne do wydruku, zaproszenie na urodziny dziecka do druku<\/p>\n<p>yyyyy<\/p>\n<p>&nbsp;<\/p>\n","protected":false},"excerpt":{"rendered":"<p>Mini worek na zabawki od marki Play&amp; Go!Koncepcja markiWorki na zabawki i miejsce do zabawy w jednym pomog\u0105 utrzyma\u0107 porz\u0105dek w ka\u017cdym dzieci\u0119cym pokoju. Stanowi\u0105 oryginalne miejsce do przechowywania i zarazem do zabawy! S\u0105 funkcjonalne, a przy okazji tak proste w obs\u0142udze, \u017ce dzieci je uwielbiaj\u0105! Jak je rozpozna\u0107? \u2013 s\u0105 kolorowe i maj\u0105 przepi\u0119kne, [&hellip;]<\/p>\n","protected":false},"featured_media":3135,"comment_status":"closed","ping_status":"open","template":"","meta":[],"product_cat":[1008,990],"product_tag":[828,681,758],"class_list":["post-3134","product","type-product","status-publish","has-post-thumbnail","hentry","product_cat-playgo","product_cat-skrzynie-i-pojemniki-na-zabawki","product_tag-filmy-wigilijne-dla-dzieci","product_tag-flagi-europy-quiz","product_tag-julian"],"_links":{"self":[{"href":"http:\/\/klubmamgdynia.pl\/index.php\/wp-json\/wp\/v2\/product\/3134","targetHints":{"allow":["GET"]}}],"collection":[{"href":"http:\/\/klubmamgdynia.pl\/index.php\/wp-json\/wp\/v2\/product"}],"about":[{"href":"http:\/\/klubmamgdynia.pl\/index.php\/wp-json\/wp\/v2\/types\/product"}],"replies":[{"embeddable":true,"href":"http:\/\/klubmamgdynia.pl\/index.php\/wp-json\/wp\/v2\/comments?post=3134"}],"wp:featuredmedia":[{"embeddable":true,"href":"http:\/\/klubmamgdynia.pl\/index.php\/wp-json\/wp\/v2\/media\/3135"}],"wp:attachment":[{"href":"http:\/\/klubmamgdynia.pl\/index.php\/wp-json\/wp\/v2\/media?parent=3134"}],"wp:term":[{"taxonomy":"product_cat","embeddable":true,"href":"http:\/\/klubmamgdynia.pl\/index.php\/wp-json\/wp\/v2\/product_cat?post=3134"},{"taxonomy":"product_tag","embeddable":true,"href":"http:\/\/klubmamgdynia.pl\/index.php\/wp-json\/wp\/v2\/product_tag?post=3134"}],"curies":[{"name":"wp","href":"https:\/\/api.w.org\/{rel}","templated":true}]}}