{"id":3136,"date":"2022-02-15T02:31:29","date_gmt":"2022-02-15T01:31:29","guid":{"rendered":"http:\/\/klubmamgdynia.pl\/index.php\/produkt\/gra-planszowa-hasbro-gaming-wyzwanie-szeptanie-e2617\/"},"modified":"2026-04-23T16:01:26","modified_gmt":"2026-04-23T14:01:26","slug":"gra-planszowa-hasbro-gaming-wyzwanie-szeptanie-e2617","status":"publish","type":"product","link":"http:\/\/klubmamgdynia.pl\/index.php\/produkt\/gra-planszowa-hasbro-gaming-wyzwanie-szeptanie-e2617\/","title":{"rendered":"Gra planszowa Hasbro Gaming Wyzwanie Szeptanie E2617"},"content":{"rendered":"<p>HASBRO WYZWANIE SZEPTANIE E2617<\/p>\n<p>Poznaj now\u0105 gr\u0119 towarzysk\u0105 od Hasbro &#8211; &#8222;Wyzwanie<br \/>\nszeptanie&#8221;! Nikt nie jest w stanie przewidzie\u0107, co wydob\u0119dzie si\u0119 z ust<br \/>\nkolejnego gracza!<\/p>\n<p>&#8222;Wyzwanie Szeptanie&#8221; to odpowied\u017a Hasbro na<br \/>\npopularny w internecie &#8222;Whisper Challenge&#8221; &#8211; wyzwanie polegaj\u0105ce na<br \/>\nodgadni\u0119ciu tego, co m\u00f3wi druga osoba na podstawie ruchu ust!                            <\/p>\n<p>            Zasady Gry:<\/p>\n<p>Gracz 1 nak\u0142ada na uszy specjalne wyciszaj\u0105ce s\u0142uchawki.Gracz 2 wypowiada losowo wybrane zdania z kart, takie jak<br \/>\n&#8222;Go\u0142\u0119bie lubi\u0105 grucha\u0107&#8221; czy &#8222;Zosta\u0107 szefem klanu&#8221;.Gracz 1 nie s\u0142yszy wypowiadanego zdania i pr\u00f3buje na<br \/>\npodstawie ruchu ust odgadn\u0105\u0107 kwesti\u0119 wypowiadane przez Gracza 2.Gracz, kt\u00f3ry zdo\u0142a zebra\u0107 najwi\u0119ksz\u0105 liczb\u0119 kart, wygrywa!<\/p>\n<p>            Zawarto\u015b\u0107 Zestawu:<\/p>\n<p>1 para s\u0142uchawek z wbudowanymi d\u017awi\u0119kami i licznikiem,150 kartinstrukcja do gry<\/p>\n<p>            Specyfikacja<\/p>\n<p>wiek graczy: od 12 lat<\/p>\n<p>liczba graczy: 4-8 os\u00f3b<\/p>\n<p>Zabawka wymaga 2 baterii alkalicznych AAA (brak w<br \/>\nzestawie).<\/p>\n<h2>Gra planszowa Hasbro Gaming Wyzwanie Szeptanie E2617 Hasbro<\/h2>\n<p>zagadki logiczne i odpowiedzi, rodzina sentencja, prezent dla 17 latki, miko\u0142ajek sprawdzian z lektury z odpowiedziami, wakacyjne kolorowanki, eksperyment dla dzieci wulkan, quiz felix net i nika oraz gang niewidzialnych ludzi, rysunki \u0142atwe, karty pracy dla dzieci z ukrainy do druku, cytaty o dzieciach i rodzicach, bo\u017ce narodzenie (film), nauka polskiego dla dzieci z ukrainy, motyl kolorowanka, 20 pytania do lektury ma\u0142y ksi\u0105\u017c\u0119, pomys\u0142 na prima aprilis, zagadki dla dzieci do druku<\/p>\n<p>yyyyy<\/p>\n<p>&nbsp;<\/p>\n","protected":false},"excerpt":{"rendered":"<p>HASBRO WYZWANIE SZEPTANIE E2617 Poznaj now\u0105 gr\u0119 towarzysk\u0105 od Hasbro &#8211; &#8222;Wyzwanie szeptanie&#8221;! Nikt nie jest w stanie przewidzie\u0107, co wydob\u0119dzie si\u0119 z ust kolejnego gracza! &#8222;Wyzwanie Szeptanie&#8221; to odpowied\u017a Hasbro na popularny w internecie &#8222;Whisper Challenge&#8221; &#8211; wyzwanie polegaj\u0105ce na odgadni\u0119ciu tego, co m\u00f3wi druga osoba na podstawie ruchu ust! Zasady Gry: Gracz 1 [&hellip;]<\/p>\n","protected":false},"featured_media":3137,"comment_status":"closed","ping_status":"open","template":"","meta":[],"product_cat":[235,129],"product_tag":[719,638,749,798,659],"class_list":["post-3136","product","type-product","status-publish","has-post-thumbnail","hentry","product_cat-gry-planszowe","product_cat-hasbro","product_tag-dziecko-cytaty-zlote-mysli","product_tag-miastodzieci","product_tag-najlepsze-zarty-na-prima-aprilis","product_tag-prezenty-dla-nastolatki","product_tag-tupu-tup-po-sniegu-tekst"],"_links":{"self":[{"href":"http:\/\/klubmamgdynia.pl\/index.php\/wp-json\/wp\/v2\/product\/3136","targetHints":{"allow":["GET"]}}],"collection":[{"href":"http:\/\/klubmamgdynia.pl\/index.php\/wp-json\/wp\/v2\/product"}],"about":[{"href":"http:\/\/klubmamgdynia.pl\/index.php\/wp-json\/wp\/v2\/types\/product"}],"replies":[{"embeddable":true,"href":"http:\/\/klubmamgdynia.pl\/index.php\/wp-json\/wp\/v2\/comments?post=3136"}],"wp:featuredmedia":[{"embeddable":true,"href":"http:\/\/klubmamgdynia.pl\/index.php\/wp-json\/wp\/v2\/media\/3137"}],"wp:attachment":[{"href":"http:\/\/klubmamgdynia.pl\/index.php\/wp-json\/wp\/v2\/media?parent=3136"}],"wp:term":[{"taxonomy":"product_cat","embeddable":true,"href":"http:\/\/klubmamgdynia.pl\/index.php\/wp-json\/wp\/v2\/product_cat?post=3136"},{"taxonomy":"product_tag","embeddable":true,"href":"http:\/\/klubmamgdynia.pl\/index.php\/wp-json\/wp\/v2\/product_tag?post=3136"}],"curies":[{"name":"wp","href":"https:\/\/api.w.org\/{rel}","templated":true}]}}