{"id":3138,"date":"2019-12-14T01:06:38","date_gmt":"2019-12-14T00:06:38","guid":{"rendered":"http:\/\/klubmamgdynia.pl\/index.php\/produkt\/kids-concept-okragle-pudelka-do-przechowywania-wykonane-z-tkaniny-jasnobezowe\/"},"modified":"2026-04-24T03:47:25","modified_gmt":"2026-04-24T01:47:25","slug":"kids-concept-okragle-pudelka-do-przechowywania-wykonane-z-tkaniny-jasnobezowe","status":"publish","type":"product","link":"http:\/\/klubmamgdynia.pl\/index.php\/produkt\/kids-concept-okragle-pudelka-do-przechowywania-wykonane-z-tkaniny-jasnobezowe\/","title":{"rendered":"Kids Concept Okr\u0105g\u0142e Pude\u0142ka Do Przechowywania Wykonane Z Tkaniny Jasnobe\u017cowe"},"content":{"rendered":"<p>Wytrzyma\u0142y kosz do przechowywania w zestawie 2 sztuk wykonany z certyfikowanej bawe\u0142ny GOTS. Kosz mo\u017ce sta\u0107 swobodnie na pod\u0142odze, ale mo\u017cna go r\u00f3wnie\u017c zawiesi\u0107 za pomoc\u0105 p\u0119tli w dowolnym miejscu. Dost\u0119pne w 4 r\u00f3\u017cnych kolorach. Szczeg\u00f3\u0142y produktu: Kolor: jasny be\u017c Wymiary (wysoko\u015b\u0107 x \u015brednica): 20 x 20 cm Materia\u0142: 100% bawe\u0142na Wskaz\u00f3wki dotycz\u0105ce piel\u0119gnacji Mo\u017cna pra\u0107 w temperaturze 30\u00b0C, prasowa\u0107 w \u015bredniej temperaturze, nie nadaje si\u0119 do suszenia w suszarce b\u0119bnowej. Uwaga Przed podaniem produktu dziecku nale\u017cy usun\u0105\u0107 opakowanie.<\/p>\n<h2>Kids Concept Okr\u0105g\u0142e Pude\u0142ka Do Przechowywania Wykonane Z Tkaniny Jasnobe\u017cowe Kids Concept<\/h2>\n<p>trudne zagadki z odpowiedziami, ksi\u0105\u017cka dla dzieci online, izabela imie, posz\u0142a ola na spacerek, wzory dyplom\u00f3w dyplomy do druku, wroc\u0142aw atrakcje dla dzieci, tekst o rodzinie, rainbow dash kolorowanka, ko\u0142ysanka tekst, quiz o dinozaurach, plac zabaw pozna\u0144, quiz flagi \u015bwiata, markowa, quizy hobbit, znajd\u017a r\u00f3\u017cnice do druku, tabliczka mno\u017cenia kolorowanki do wydruku, ci\u0119\u017ckie zagadki<\/p>\n<p>yyyyy<\/p>\n<p>&nbsp;<\/p>\n","protected":false},"excerpt":{"rendered":"<p>Wytrzyma\u0142y kosz do przechowywania w zestawie 2 sztuk wykonany z certyfikowanej bawe\u0142ny GOTS. Kosz mo\u017ce sta\u0107 swobodnie na pod\u0142odze, ale mo\u017cna go r\u00f3wnie\u017c zawiesi\u0107 za pomoc\u0105 p\u0119tli w dowolnym miejscu. Dost\u0119pne w 4 r\u00f3\u017cnych kolorach. Szczeg\u00f3\u0142y produktu: Kolor: jasny be\u017c Wymiary (wysoko\u015b\u0107 x \u015brednica): 20 x 20 cm Materia\u0142: 100% bawe\u0142na Wskaz\u00f3wki dotycz\u0105ce piel\u0119gnacji Mo\u017cna [&hellip;]<\/p>\n","protected":false},"featured_media":3139,"comment_status":"closed","ping_status":"open","template":"","meta":[],"product_cat":[281,990],"product_tag":[664,603,617,835,770,824,698],"class_list":["post-3138","product","type-product","status-publish","has-post-thumbnail","hentry","product_cat-kids-concept","product_cat-skrzynie-i-pojemniki-na-zabawki","product_tag-atrakcje-dla-dzieci-trojmiasto","product_tag-bajki-do-czytania","product_tag-keyword","product_tag-radosc-dziecka-cytaty","product_tag-samolot-z-papieru","product_tag-warszawa-atrakcje-dla-dzieci","product_tag-zagadki-dla-przedszkolakow"],"_links":{"self":[{"href":"http:\/\/klubmamgdynia.pl\/index.php\/wp-json\/wp\/v2\/product\/3138","targetHints":{"allow":["GET"]}}],"collection":[{"href":"http:\/\/klubmamgdynia.pl\/index.php\/wp-json\/wp\/v2\/product"}],"about":[{"href":"http:\/\/klubmamgdynia.pl\/index.php\/wp-json\/wp\/v2\/types\/product"}],"replies":[{"embeddable":true,"href":"http:\/\/klubmamgdynia.pl\/index.php\/wp-json\/wp\/v2\/comments?post=3138"}],"wp:featuredmedia":[{"embeddable":true,"href":"http:\/\/klubmamgdynia.pl\/index.php\/wp-json\/wp\/v2\/media\/3139"}],"wp:attachment":[{"href":"http:\/\/klubmamgdynia.pl\/index.php\/wp-json\/wp\/v2\/media?parent=3138"}],"wp:term":[{"taxonomy":"product_cat","embeddable":true,"href":"http:\/\/klubmamgdynia.pl\/index.php\/wp-json\/wp\/v2\/product_cat?post=3138"},{"taxonomy":"product_tag","embeddable":true,"href":"http:\/\/klubmamgdynia.pl\/index.php\/wp-json\/wp\/v2\/product_tag?post=3138"}],"curies":[{"name":"wp","href":"https:\/\/api.w.org\/{rel}","templated":true}]}}