{"id":3140,"date":"2011-12-11T16:24:48","date_gmt":"2011-12-11T15:24:48","guid":{"rendered":"http:\/\/klubmamgdynia.pl\/index.php\/produkt\/trixie-baby-mr-fox-mala-torba-na-zabawki\/"},"modified":"2026-04-30T22:12:39","modified_gmt":"2026-04-30T20:12:39","slug":"trixie-baby-mr-fox-mala-torba-na-zabawki","status":"publish","type":"product","link":"http:\/\/klubmamgdynia.pl\/index.php\/produkt\/trixie-baby-mr-fox-mala-torba-na-zabawki\/","title":{"rendered":"Trixie Baby Mr. Fox Ma\u0142a Torba Na Zabawki"},"content":{"rendered":"<p>Ma\u0142y kosz na zabawki Mr. Fox marki Trixie BabyKosz \u2014 torba na zabawki sprawi, i\u017c w pokoju Twojego maluszka zapanuje porz\u0105dek. Torba idealna do przechowywania pluszak\u00f3w, samochod\u00f3w czy innych zabawek. Kosz ma na g\u00f3rze \u015bci\u0105gacz, dzi\u0119ki czemu mo\u017ce by\u0107 \u0142atwo otwierany i zamykany przez dzieci. Dwa solidne uchwyty umo\u017cliwiaj\u0105 \u0142atwe przenoszenie, nawet gdy kosz jest pe\u0142en. Kosz jest starannie wykonany, b\u0119dzie pi\u0119knym dodatkiem do pokoju dzieci\u0119cego.Bawe\u0142niana torba na zabawki Wymiar 28 x 42 cmMateria\u0142: bawe\u0142na<\/p>\n<h2>Trixie Baby Mr. Fox Ma\u0142a Torba Na Zabawki Trixie<\/h2>\n<p>wierszyki na smigus dyngus, zagadki dla ma\u0142ych dzieci, pomysly na prima aprilis, sybilla, kolorowanki do druku dla ch\u0142opc\u00f3w, zagadki dla dzieci 7-8 lat online, cytaty ma\u0142y ksi\u0105\u017ce, li\u015bcie jesienne szablon, zaproszenie na urodziny do druku, prezent dla 1 latka, m\u0105dre prezenty dla 7 latki, kolorowanki pokemon do druku, co na roczek, korczak cytaty, lol kolorowanki do druku, ada imie<\/p>\n<p>yyyyy<\/p>\n<p>&nbsp;<\/p>\n","protected":false},"excerpt":{"rendered":"<p>Ma\u0142y kosz na zabawki Mr. Fox marki Trixie BabyKosz \u2014 torba na zabawki sprawi, i\u017c w pokoju Twojego maluszka zapanuje porz\u0105dek. Torba idealna do przechowywania pluszak\u00f3w, samochod\u00f3w czy innych zabawek. Kosz ma na g\u00f3rze \u015bci\u0105gacz, dzi\u0119ki czemu mo\u017ce by\u0107 \u0142atwo otwierany i zamykany przez dzieci. Dwa solidne uchwyty umo\u017cliwiaj\u0105 \u0142atwe przenoszenie, nawet gdy kosz jest [&hellip;]<\/p>\n","protected":false},"featured_media":3141,"comment_status":"closed","ping_status":"open","template":"","meta":[],"product_cat":[990,43],"product_tag":[585,775,798,633],"class_list":["post-3140","product","type-product","status-publish","has-post-thumbnail","hentry","product_cat-skrzynie-i-pojemniki-na-zabawki","product_cat-trixie","product_tag-kolorowanki-dla-chlopcow","product_tag-kolorowanki-do-druku-pokemon","product_tag-prezenty-dla-nastolatki","product_tag-zagadki-z-odpowiedziami"],"_links":{"self":[{"href":"http:\/\/klubmamgdynia.pl\/index.php\/wp-json\/wp\/v2\/product\/3140","targetHints":{"allow":["GET"]}}],"collection":[{"href":"http:\/\/klubmamgdynia.pl\/index.php\/wp-json\/wp\/v2\/product"}],"about":[{"href":"http:\/\/klubmamgdynia.pl\/index.php\/wp-json\/wp\/v2\/types\/product"}],"replies":[{"embeddable":true,"href":"http:\/\/klubmamgdynia.pl\/index.php\/wp-json\/wp\/v2\/comments?post=3140"}],"wp:featuredmedia":[{"embeddable":true,"href":"http:\/\/klubmamgdynia.pl\/index.php\/wp-json\/wp\/v2\/media\/3141"}],"wp:attachment":[{"href":"http:\/\/klubmamgdynia.pl\/index.php\/wp-json\/wp\/v2\/media?parent=3140"}],"wp:term":[{"taxonomy":"product_cat","embeddable":true,"href":"http:\/\/klubmamgdynia.pl\/index.php\/wp-json\/wp\/v2\/product_cat?post=3140"},{"taxonomy":"product_tag","embeddable":true,"href":"http:\/\/klubmamgdynia.pl\/index.php\/wp-json\/wp\/v2\/product_tag?post=3140"}],"curies":[{"name":"wp","href":"https:\/\/api.w.org\/{rel}","templated":true}]}}