{"id":3146,"date":"2021-06-29T06:19:57","date_gmt":"2021-06-29T04:19:57","guid":{"rendered":"http:\/\/klubmamgdynia.pl\/index.php\/produkt\/atmosphera-for-kids-dekoracja-wiszaca-dla-dziecka-lune-pompons-29cm\/"},"modified":"2026-04-07T12:44:42","modified_gmt":"2026-04-07T10:44:42","slug":"atmosphera-for-kids-dekoracja-wiszaca-dla-dziecka-lune-pompons-29cm","status":"publish","type":"product","link":"http:\/\/klubmamgdynia.pl\/index.php\/produkt\/atmosphera-for-kids-dekoracja-wiszaca-dla-dziecka-lune-pompons-29cm\/","title":{"rendered":"Atmosphera For Kids Dekoracja Wisz\u0105ca Dla Dziecka Lune + Pompons 29Cm"},"content":{"rendered":"<p>Wisz\u0105ca dekoracja z ksi\u0119\u017cycem i pomponami<\/p>\n<h2>Atmosphera For Kids Dekoracja Wisz\u0105ca Dla Dziecka Lune + Pompons 29Cm Atmosphera For Kids<\/h2>\n<p>krotkie zagadki, imi\u0119 marcel, lilianna, opisy o dziecku, maska karnawa\u0142owa pdf, zagadki wielkanocne dla dzieci, pomys\u0142y na pakowanie prezent\u00f3w, kartki na dobranoc dla przyjaci\u00f3\u0142, atrakcje dla dzieci warszawa 2021, test opowie\u015b\u0107 wigilijna, p\u0142onie ognisko w lesie, zaproszenia na urodziny do druku, atrakcje we wroc\u0142awiu dla dzieci<\/p>\n<p>yyyyy<\/p>\n<p>&nbsp;<\/p>\n","protected":false},"excerpt":{"rendered":"<p>Wisz\u0105ca dekoracja z ksi\u0119\u017cycem i pomponami Atmosphera For Kids Dekoracja Wisz\u0105ca Dla Dziecka Lune + Pompons 29Cm Atmosphera For Kids krotkie zagadki, imi\u0119 marcel, lilianna, opisy o dziecku, maska karnawa\u0142owa pdf, zagadki wielkanocne dla dzieci, pomys\u0142y na pakowanie prezent\u00f3w, kartki na dobranoc dla przyjaci\u00f3\u0142, atrakcje dla dzieci warszawa 2021, test opowie\u015b\u0107 wigilijna, p\u0142onie ognisko w [&hellip;]<\/p>\n","protected":false},"featured_media":3147,"comment_status":"closed","ping_status":"open","template":"","meta":[],"product_cat":[1005,555],"product_tag":[861,617,868,576,872,800],"class_list":["post-3146","product","type-product","status-publish","has-post-thumbnail","hentry","product_cat-atmosphera-for-kids","product_cat-dzieciece-akcesoria-dekoracyjne","product_tag-jak-narysowac-psa","product_tag-keyword","product_tag-quizy-dla-dzieci","product_tag-trudne-zagadki","product_tag-zagadki-dla-dzieci-6-lat","product_tag-zagadki-smieszne"],"_links":{"self":[{"href":"http:\/\/klubmamgdynia.pl\/index.php\/wp-json\/wp\/v2\/product\/3146","targetHints":{"allow":["GET"]}}],"collection":[{"href":"http:\/\/klubmamgdynia.pl\/index.php\/wp-json\/wp\/v2\/product"}],"about":[{"href":"http:\/\/klubmamgdynia.pl\/index.php\/wp-json\/wp\/v2\/types\/product"}],"replies":[{"embeddable":true,"href":"http:\/\/klubmamgdynia.pl\/index.php\/wp-json\/wp\/v2\/comments?post=3146"}],"wp:featuredmedia":[{"embeddable":true,"href":"http:\/\/klubmamgdynia.pl\/index.php\/wp-json\/wp\/v2\/media\/3147"}],"wp:attachment":[{"href":"http:\/\/klubmamgdynia.pl\/index.php\/wp-json\/wp\/v2\/media?parent=3146"}],"wp:term":[{"taxonomy":"product_cat","embeddable":true,"href":"http:\/\/klubmamgdynia.pl\/index.php\/wp-json\/wp\/v2\/product_cat?post=3146"},{"taxonomy":"product_tag","embeddable":true,"href":"http:\/\/klubmamgdynia.pl\/index.php\/wp-json\/wp\/v2\/product_tag?post=3146"}],"curies":[{"name":"wp","href":"https:\/\/api.w.org\/{rel}","templated":true}]}}