{"id":3148,"date":"2018-12-19T03:16:13","date_gmt":"2018-12-19T02:16:13","guid":{"rendered":"http:\/\/klubmamgdynia.pl\/index.php\/produkt\/playmobil-9457-wozny-z-kioskiem\/"},"modified":"2026-04-23T02:57:07","modified_gmt":"2026-04-23T00:57:07","slug":"playmobil-9457-wozny-z-kioskiem","status":"publish","type":"product","link":"http:\/\/klubmamgdynia.pl\/index.php\/produkt\/playmobil-9457-wozny-z-kioskiem\/","title":{"rendered":"Playmobil 9457 Wo\u017any Z Kioskiem"},"content":{"rendered":"<p>Klocki Playmobil 9457 City Life &#8211; Wo\u017any w sklepiku W szkole Playmobil dzia\u0142a ma\u0142y sklepik z przek\u0105skami, do kt\u00f3rego mo\u017cesz zej\u015b\u0107 na ka\u017cdej przerwie. W kiosku kupisz \u015bwie\u017ce pieczywo, s\u0142odkie ciasteczka, ciep\u0142e hot dogi, kawa\u0142ek pieczonej zapiekanki, soczyste jab\u0142ka albo soczek w kartoniku! W sklepiku sprzedaje wo\u017any \u2013 ten sam, kt\u00f3ry dysponuje kluczami do ka\u017cdej salki, a w czasie lekcji zajmuje si\u0119 sprz\u0105taniem oraz drobnymi naprawami. Dlatego zawsze ma przy sobie zestaw podstawowych narz\u0119dzi w skrzynce majsterkowicza oraz gad\u017cety do sprz\u0105tania \u2013 miot\u0142\u0119, wiadro, szufelk\u0119 czy pompk\u0119 do ubikacji. Zestaw mo\u017cna po\u0142\u0105czy\u0107 ze Szko\u0142\u0105 z wyposa\u017ceniem 9453, by zyska\u0107 wi\u0119cej opcji atrakcyjnej, kreatywnej zabawy. W zestawie znajdziesz figurk\u0119 wo\u017anego, lad\u0119, rega\u0142 na asortyment oraz atrapy produkt\u00f3w spo\u017cywczych. Producent: Playmobil \/ Brandst\u00e4tter Group Seria: City Life Numer katalogowy: 9457 Wiek dziecka: 4+ Ilo\u015b\u0107 element\u00f3w: &#8211; Wymiary opakowania: 18,5cm x 14cm x 7cm PLAYMOBIL to s\u0142ynna marka zabawek nale\u017c\u0105ca do niemieckiego koncernu Brandst\u00e4tter Stiftung &amp; Co. KG. Historia firmy si\u0119ga 1876 roku, kiedy to zosta\u0142a za\u0142o\u017cona przez Andreasa Brandst\u00e4ttera. W 1974 roku na rynek zostaje wprowadzona marka Playmobil. Fabryki koncernu zlokalizowane s\u0105 w Niemczech, Hiszpanii, Czechach i na Malcie. Produkowane zabawki cechuje du\u017ca r\u00f3\u017cnorodno\u015b\u0107, wysoka jako\u015b\u0107, trwa\u0142o\u015b\u0107 i dba\u0142o\u015b\u0107 o najdrobniejsze szczeg\u00f3\u0142y. R\u00f3wnie\u017c w Polsce PLAYMOBIL zdobywa coraz wi\u0119ksz\u0105 popularno\u015b\u0107 zar\u00f3wno w\u015br\u00f3d dzieci, jak i w\u015br\u00f3d rodzic\u00f3w, wychowawc\u00f3w i pedagog\u00f3w.<\/p>\n<h2>Playmobil 9457 Wo\u017any Z Kioskiem Playmobil<\/h2>\n<p>hejka tu lenka quizy, test miko\u0142ajek, quizy \u015bwi\u0105teczne bo\u017ce narodzenie, piosenka dla mamy tekst, maski do druku kolorowe<\/p>\n<p>yyyyy<\/p>\n<p>&nbsp;<\/p>\n","protected":false},"excerpt":{"rendered":"<p>Klocki Playmobil 9457 City Life &#8211; Wo\u017any w sklepiku W szkole Playmobil dzia\u0142a ma\u0142y sklepik z przek\u0105skami, do kt\u00f3rego mo\u017cesz zej\u015b\u0107 na ka\u017cdej przerwie. W kiosku kupisz \u015bwie\u017ce pieczywo, s\u0142odkie ciasteczka, ciep\u0142e hot dogi, kawa\u0142ek pieczonej zapiekanki, soczyste jab\u0142ka albo soczek w kartoniku! W sklepiku sprzedaje wo\u017any \u2013 ten sam, kt\u00f3ry dysponuje kluczami do ka\u017cdej [&hellip;]<\/p>\n","protected":false},"featured_media":3149,"comment_status":"closed","ping_status":"open","template":"","meta":[],"product_cat":[113,466],"product_tag":[740,753,870,599],"class_list":["post-3148","product","type-product","status-publish","has-post-thumbnail","hentry","product_cat-klocki","product_cat-playmobil","product_tag-fajne-prezenty-dla-nastolatkow","product_tag-kamila","product_tag-prezent-dla-chlopca-na-roczek","product_tag-prezent-dla-nastolatkow-2021"],"_links":{"self":[{"href":"http:\/\/klubmamgdynia.pl\/index.php\/wp-json\/wp\/v2\/product\/3148","targetHints":{"allow":["GET"]}}],"collection":[{"href":"http:\/\/klubmamgdynia.pl\/index.php\/wp-json\/wp\/v2\/product"}],"about":[{"href":"http:\/\/klubmamgdynia.pl\/index.php\/wp-json\/wp\/v2\/types\/product"}],"replies":[{"embeddable":true,"href":"http:\/\/klubmamgdynia.pl\/index.php\/wp-json\/wp\/v2\/comments?post=3148"}],"wp:featuredmedia":[{"embeddable":true,"href":"http:\/\/klubmamgdynia.pl\/index.php\/wp-json\/wp\/v2\/media\/3149"}],"wp:attachment":[{"href":"http:\/\/klubmamgdynia.pl\/index.php\/wp-json\/wp\/v2\/media?parent=3148"}],"wp:term":[{"taxonomy":"product_cat","embeddable":true,"href":"http:\/\/klubmamgdynia.pl\/index.php\/wp-json\/wp\/v2\/product_cat?post=3148"},{"taxonomy":"product_tag","embeddable":true,"href":"http:\/\/klubmamgdynia.pl\/index.php\/wp-json\/wp\/v2\/product_tag?post=3148"}],"curies":[{"name":"wp","href":"https:\/\/api.w.org\/{rel}","templated":true}]}}