{"id":315,"date":"2022-03-25T09:31:24","date_gmt":"2022-03-25T08:31:24","guid":{"rendered":"http:\/\/klubmamgdynia.pl\/index.php\/produkt\/fotelik-samochodowy-cybex-solution-b-fix-volcano-black-15-36kg\/"},"modified":"2026-04-26T16:36:45","modified_gmt":"2026-04-26T14:36:45","slug":"fotelik-samochodowy-cybex-solution-b-fix-volcano-black-15-36kg","status":"publish","type":"product","link":"http:\/\/klubmamgdynia.pl\/index.php\/produkt\/fotelik-samochodowy-cybex-solution-b-fix-volcano-black-15-36kg\/","title":{"rendered":"Fotelik samochodowy Cybex Solution B-Fix Volcano Black 15-36kg"},"content":{"rendered":"<p>Cybex Solution B-Fix Volcano Black 15-36kg<\/p>\n<p>Cybex<br \/>\nSolution B-Fix jest fotelikiem samochodowym stworzonym w oparciu o najnowsze<br \/>\nstandardy. Prezentowany model jest przeznaczony dla ka\u017cdego maluszka o wadze od<br \/>\n15 do 36 kg, a wi\u0119c od ok. 3 do 12 roku \u017cycia, umo\u017ciwia swobodne podr\u00f3\u017cowanie w<br \/>\n\u015brodowisku, kt\u00f3re jak \u017cadne inne zadba o bezpiecze\u0144stwo Twojego dziecka.<br \/>\nSolution B-Fix jest wyj\u0105tkowo lekki, jego waga wynosi zaledwie 5 kg, dlatego<br \/>\nka\u017cdy bez problemu poradzi sobie z przenoszeniem fotelika. Monta\u017c odbywa si\u0119 za<br \/>\npomoc\u0105 pasa samochodowego, oraz &#8211; opcjonalnie &#8211; systemu ISOFIX poprzez<br \/>\nznajduj\u0105ce si\u0119 w foteliku zaczepy.                             <\/p>\n<p>Cechy<br \/>\ncharakterystyczneObszerne<br \/>\nsiedziskoFotelik<br \/>\njest wygodny zar\u00f3wno dla kruszynek, jak i wi\u0119kszych dzieci &#8211; posiada wygodne,<br \/>\nmi\u0119kkie siedzisko stworzone z wysokojako\u015bciowych tkanin. Siedzisko cechuje si\u0119<br \/>\nsporym rozmiarem, jego konstrukcja w kszta\u0142cie litery V sprawia, \u017ce maluch<br \/>\ncieszy\u0107 si\u0119 woln\u0105 przestrzeniach w okolicy ramion, dzi\u0119ki czemu nic nie<br \/>\nogranicza jego ruch\u00f3w. Doskona\u0142a<br \/>\nwentylacjaFotelik<br \/>\nzosta\u0142 stworzony po to, aby chroni\u0107 Twoje dziecko i zapewni\u0107 mu komfort<br \/>\nu\u017cytkowania niezale\u017cnie od okoliczno\u015bci. Solution B-Fix jest gotowy na nag\u0142e<br \/>\nzmiany pogody &#8211; posiada wentylowane siedzisko, dzi\u0119ki kt\u00f3re,u podr\u00f3\u017cowanie w<br \/>\ntowarzystwie s\u0142o\u0144ca nie b\u0119dzie uporczywe i pomo\u017ce unikn\u0105\u0107 problem przepocenia<br \/>\nczy przegrzania.                             <\/p>\n<p>Ro\u015bnie<br \/>\nz dzieckiemPrawd\u0105<br \/>\njest, \u017ce maluchy rosn\u0105 jak na dro\u017cd\u017cach &#8211; nawet, je\u015bli nie zawsze to<br \/>\ndostrzegamy. Fotelik Solution B-Fix jest przygotowany na takie okoliczno\u015bci, o<br \/>\nczym \u015bwiadczy 12-stopniowa regulacja zag\u0142\u00f3wka, dzi\u0119ki kt\u00f3rej bez problemu<br \/>\ndopasujemy fotelik do rosn\u0105cego brzd\u0105ca. Regulowane<br \/>\noparcieOparcie<br \/>\nfotelika jest regulowane, dzi\u0119ki czemu fotelik cieszy nie tylko<br \/>\nbezpiecze\u0144stwem, ale tak\u017ce komfortem. Regulacja oparcia oznacza optymalne<br \/>\ndopasowanie fotelika do kanapy samochodu. System L.S.P. L.S.P. to dodatkowa<br \/>\nochrona boczna &#8211; w przypadku zderzenia bocznego, panele te przyjmuj\u0105 na siebie<br \/>\nznaczn\u0105 cz\u0119\u015b\u0107 energii powsta\u0142ej podczas uderzenia, a nast\u0119pnie przekierowuje j\u0105<br \/>\nna skorup\u0119 fotelika, zwi\u0119kszaj\u0105c w ten spos\u00f3b bezpiecze\u0144stwo malucha o 25%.                             <\/p>\n<p>Zaczepy<br \/>\nISOFIX -\u0141atwo\u015b\u0107 monta\u017cuFotelik<br \/>\nposiada zaczepy Isofix, dzi\u0119ki kt\u00f3rym montuje si\u0119 go jeszcze szybciej i<br \/>\npro\u015bciej, ni\u017c zwykle, a co wi\u0119cej &#8211; tak zamontowany, wyr\u00f3\u017cnia si\u0119 wysok\u0105<br \/>\nstabilno\u015bci\u0105. Zaczepy Isofix to dodatkowa forma monta\u017cu, kt\u00f3rej musi<br \/>\ntowarzyszy\u0107 zapi\u0119cie 3-punktowym pasem samochodowym. Znajduj\u0105ce si\u0119 na foteliku<br \/>\nprowadnice pas\u00f3w u\u0142atwiaj\u0105 poprawne przeprowadzenie uprz\u0119\u017cy i pozwoli nam<br \/>\nunikn\u0105\u0107 b\u0142\u0119d\u00f3w monta\u017cowych. Specyfikacja\u00a0Waga 5 kgWymiary<br \/>\n39 x 52 x 64 cm cmMonta\u017c<br \/>\nPas samochodowyMonta\u017c<br \/>\nopcjonalny IsofixGrupa<br \/>\nwagowa 15-36 kg<\/p>\n<h2>Fotelik samochodowy Cybex Solution B-Fix Volcano Black 15-36kg Cybex<\/h2>\n<p>zagadki o wiosnie, sentencje o rodzinie, zabawki na roczek dla dziewczynki, zabawy dla 7 latki, bajka o smoku, znaki drogowe test, dobre \u017carty na prima aprilis, opis do zdj\u0119cia dziecka, prezent dla pi\u0119tnastolatka, sa\u0142atki dla dzieci, z\u0142ote my\u015bli cytaty o szkole i nauce, otto, iwo imi\u0119<\/p>\n<p>yyyyy<\/p>\n<p>&nbsp;<\/p>\n","protected":false},"excerpt":{"rendered":"<p>Cybex Solution B-Fix Volcano Black 15-36kg Cybex Solution B-Fix jest fotelikiem samochodowym stworzonym w oparciu o najnowsze standardy. Prezentowany model jest przeznaczony dla ka\u017cdego maluszka o wadze od 15 do 36 kg, a wi\u0119c od ok. 3 do 12 roku \u017cycia, umo\u017ciwia swobodne podr\u00f3\u017cowanie w \u015brodowisku, kt\u00f3re jak \u017cadne inne zadba o bezpiecze\u0144stwo Twojego dziecka. [&hellip;]<\/p>\n","protected":false},"featured_media":316,"comment_status":"closed","ping_status":"open","template":"","meta":[],"product_cat":[34,32],"product_tag":[831,844,808,584],"class_list":["post-315","product","type-product","status-publish","has-post-thumbnail","hentry","product_cat-cybex","product_cat-foteliki-samochodowe","product_tag-bruno","product_tag-co-kupic-na-roczek","product_tag-imie-mia","product_tag-liwia"],"_links":{"self":[{"href":"http:\/\/klubmamgdynia.pl\/index.php\/wp-json\/wp\/v2\/product\/315","targetHints":{"allow":["GET"]}}],"collection":[{"href":"http:\/\/klubmamgdynia.pl\/index.php\/wp-json\/wp\/v2\/product"}],"about":[{"href":"http:\/\/klubmamgdynia.pl\/index.php\/wp-json\/wp\/v2\/types\/product"}],"replies":[{"embeddable":true,"href":"http:\/\/klubmamgdynia.pl\/index.php\/wp-json\/wp\/v2\/comments?post=315"}],"wp:featuredmedia":[{"embeddable":true,"href":"http:\/\/klubmamgdynia.pl\/index.php\/wp-json\/wp\/v2\/media\/316"}],"wp:attachment":[{"href":"http:\/\/klubmamgdynia.pl\/index.php\/wp-json\/wp\/v2\/media?parent=315"}],"wp:term":[{"taxonomy":"product_cat","embeddable":true,"href":"http:\/\/klubmamgdynia.pl\/index.php\/wp-json\/wp\/v2\/product_cat?post=315"},{"taxonomy":"product_tag","embeddable":true,"href":"http:\/\/klubmamgdynia.pl\/index.php\/wp-json\/wp\/v2\/product_tag?post=315"}],"curies":[{"name":"wp","href":"https:\/\/api.w.org\/{rel}","templated":true}]}}