{"id":3152,"date":"2011-07-22T20:22:43","date_gmt":"2011-07-22T18:22:43","guid":{"rendered":"http:\/\/klubmamgdynia.pl\/index.php\/produkt\/pojemnik-kosz-worek-na-zabawki-lub-pranie-or36wz12\/"},"modified":"2026-04-06T16:11:12","modified_gmt":"2026-04-06T14:11:12","slug":"pojemnik-kosz-worek-na-zabawki-lub-pranie-or36wz12","status":"publish","type":"product","link":"http:\/\/klubmamgdynia.pl\/index.php\/produkt\/pojemnik-kosz-worek-na-zabawki-lub-pranie-or36wz12\/","title":{"rendered":"POJEMNIK KOSZ WOREK NA ZABAWKI LUB PRANIE OR36WZ12"},"content":{"rendered":"<p>Praktyczny dodatek do pokoju lub \u0142azienki.Worek, organizer na zabawki, pranie lub inne produkty.Po\u0142\u0105czenie stylu skandynawskiego z praktyczno\u015bci\u0105. Posiada praktyczne r\u0105czki do przenoszenia pojemnika z miejsca na miejsce. Sk\u0142ad:Brezent bawe\u0142niany &#8211; sztywny materia\u0142Wymiary:szeroko\u015b\u0107 40cm wysoko\u015b\u0107 50 cm<\/p>\n<h2>POJEMNIK KOSZ WOREK NA ZABAWKI LUB PRANIE OR36WZ12 Inny<\/h2>\n<p>co kupi\u0107 nastolatkowi, prezent na pierwsze urodziny, wiosenna kolorowanka, smieszne zagadki, mira imie, kuchcikowo przepisy dla dzieci, quiz o ro\u015blinach, imi\u0119 natan, test z lektury opowie\u015bci z narni lew czarownica i stara szafa, warszawa dla dzieci, szablony postacie do szopki do druku, quiz o bajkach, mia imi\u0119, peppa do druku, prezenty dla nastolatk\u00f3w do 50 z\u0142, ch\u0142opcy z placu broni &#8211; test z odpowiedziami<\/p>\n<p>yyyyy<\/p>\n<p>&nbsp;<\/p>\n","protected":false},"excerpt":{"rendered":"<p>Praktyczny dodatek do pokoju lub \u0142azienki.Worek, organizer na zabawki, pranie lub inne produkty.Po\u0142\u0105czenie stylu skandynawskiego z praktyczno\u015bci\u0105. Posiada praktyczne r\u0105czki do przenoszenia pojemnika z miejsca na miejsce. Sk\u0142ad:Brezent bawe\u0142niany &#8211; sztywny materia\u0142Wymiary:szeroko\u015b\u0107 40cm wysoko\u015b\u0107 50 cm POJEMNIK KOSZ WOREK NA ZABAWKI LUB PRANIE OR36WZ12 Inny co kupi\u0107 nastolatkowi, prezent na pierwsze urodziny, wiosenna kolorowanka, smieszne [&hellip;]<\/p>\n","protected":false},"featured_media":3153,"comment_status":"closed","ping_status":"open","template":"","meta":[],"product_cat":[169,990],"product_tag":[585,795,616,634],"class_list":["post-3152","product","type-product","status-publish","has-post-thumbnail","hentry","product_cat-inny","product_cat-skrzynie-i-pojemniki-na-zabawki","product_tag-kolorowanki-dla-chlopcow","product_tag-mini-zoo-warszawa","product_tag-test-mikolajek-25-pytan","product_tag-zagadki-wielkanocne-dla-dzieci"],"_links":{"self":[{"href":"http:\/\/klubmamgdynia.pl\/index.php\/wp-json\/wp\/v2\/product\/3152","targetHints":{"allow":["GET"]}}],"collection":[{"href":"http:\/\/klubmamgdynia.pl\/index.php\/wp-json\/wp\/v2\/product"}],"about":[{"href":"http:\/\/klubmamgdynia.pl\/index.php\/wp-json\/wp\/v2\/types\/product"}],"replies":[{"embeddable":true,"href":"http:\/\/klubmamgdynia.pl\/index.php\/wp-json\/wp\/v2\/comments?post=3152"}],"wp:featuredmedia":[{"embeddable":true,"href":"http:\/\/klubmamgdynia.pl\/index.php\/wp-json\/wp\/v2\/media\/3153"}],"wp:attachment":[{"href":"http:\/\/klubmamgdynia.pl\/index.php\/wp-json\/wp\/v2\/media?parent=3152"}],"wp:term":[{"taxonomy":"product_cat","embeddable":true,"href":"http:\/\/klubmamgdynia.pl\/index.php\/wp-json\/wp\/v2\/product_cat?post=3152"},{"taxonomy":"product_tag","embeddable":true,"href":"http:\/\/klubmamgdynia.pl\/index.php\/wp-json\/wp\/v2\/product_tag?post=3152"}],"curies":[{"name":"wp","href":"https:\/\/api.w.org\/{rel}","templated":true}]}}