{"id":3154,"date":"2013-01-08T19:09:19","date_gmt":"2013-01-08T18:09:19","guid":{"rendered":"http:\/\/klubmamgdynia.pl\/index.php\/produkt\/pojemnik-na-zabawki-kosz-worek-na-pranie-filcowy-35x35-cm-or83wz2\/"},"modified":"2026-04-26T17:32:43","modified_gmt":"2026-04-26T15:32:43","slug":"pojemnik-na-zabawki-kosz-worek-na-pranie-filcowy-35x35-cm-or83wz2","status":"publish","type":"product","link":"http:\/\/klubmamgdynia.pl\/index.php\/produkt\/pojemnik-na-zabawki-kosz-worek-na-pranie-filcowy-35x35-cm-or83wz2\/","title":{"rendered":"Pojemnik Na Zabawki Kosz Worek Na Pranie Filcowy 35X35 Cm Or83Wz2"},"content":{"rendered":"<p>Worek, organizer na zabawki, pranie lub inne produktyPraktyczny dodatek do pokoju lub \u0142azienki.Po\u0142\u0105czenie stylu skandynawskiego z praktyczno\u015bci\u0105.Posiada praktyczne r\u0105czki do przenoszenia pojemnika z miejsca na miejsce.Sk\u0142ad:FILC &#8211; sztywny materia\u0142Wymiary:szeroko\u015b\u0107 35 cmwysoko\u015b\u0107 35 cm<\/p>\n<h2>Pojemnik Na Zabawki Kosz Worek Na Pranie Filcowy 35X35 Cm Or83Wz2 <\/h2>\n<p>prezent dla nastolatk\u00f3w, test znaki drogowe, irma, zagadki logiczne i odpowiedzi, zagadki o psach, atrakcje dla dzieci krak\u00f3w, imi\u0119 kostek, test z lektury ania z zielonego wzg\u00f3rza klasa 6 z odpowiedziami, dzieci.pl<\/p>\n<p>yyyyy<\/p>\n<p>&nbsp;<\/p>\n","protected":false},"excerpt":{"rendered":"<p>Worek, organizer na zabawki, pranie lub inne produktyPraktyczny dodatek do pokoju lub \u0142azienki.Po\u0142\u0105czenie stylu skandynawskiego z praktyczno\u015bci\u0105.Posiada praktyczne r\u0105czki do przenoszenia pojemnika z miejsca na miejsce.Sk\u0142ad:FILC &#8211; sztywny materia\u0142Wymiary:szeroko\u015b\u0107 35 cmwysoko\u015b\u0107 35 cm Pojemnik Na Zabawki Kosz Worek Na Pranie Filcowy 35X35 Cm Or83Wz2 prezent dla nastolatk\u00f3w, test znaki drogowe, irma, zagadki logiczne i odpowiedzi, [&hellip;]<\/p>\n","protected":false},"featured_media":3155,"comment_status":"closed","ping_status":"open","template":"","meta":[],"product_cat":[990],"product_tag":[845,664,744,624,684,869],"class_list":["post-3154","product","type-product","status-publish","has-post-thumbnail","hentry","product_cat-skrzynie-i-pojemniki-na-zabawki","product_tag-ach-spij-kochanie-tekst","product_tag-atrakcje-dla-dzieci-trojmiasto","product_tag-kolorowanki-swiateczne-do-wydruku","product_tag-krotkie-zagadki","product_tag-prezent-dla-dziewczynki-na-roczek","product_tag-zagadki-na-logike"],"_links":{"self":[{"href":"http:\/\/klubmamgdynia.pl\/index.php\/wp-json\/wp\/v2\/product\/3154","targetHints":{"allow":["GET"]}}],"collection":[{"href":"http:\/\/klubmamgdynia.pl\/index.php\/wp-json\/wp\/v2\/product"}],"about":[{"href":"http:\/\/klubmamgdynia.pl\/index.php\/wp-json\/wp\/v2\/types\/product"}],"replies":[{"embeddable":true,"href":"http:\/\/klubmamgdynia.pl\/index.php\/wp-json\/wp\/v2\/comments?post=3154"}],"wp:featuredmedia":[{"embeddable":true,"href":"http:\/\/klubmamgdynia.pl\/index.php\/wp-json\/wp\/v2\/media\/3155"}],"wp:attachment":[{"href":"http:\/\/klubmamgdynia.pl\/index.php\/wp-json\/wp\/v2\/media?parent=3154"}],"wp:term":[{"taxonomy":"product_cat","embeddable":true,"href":"http:\/\/klubmamgdynia.pl\/index.php\/wp-json\/wp\/v2\/product_cat?post=3154"},{"taxonomy":"product_tag","embeddable":true,"href":"http:\/\/klubmamgdynia.pl\/index.php\/wp-json\/wp\/v2\/product_tag?post=3154"}],"curies":[{"name":"wp","href":"https:\/\/api.w.org\/{rel}","templated":true}]}}