{"id":3156,"date":"2025-01-09T07:14:07","date_gmt":"2025-01-09T06:14:07","guid":{"rendered":"http:\/\/klubmamgdynia.pl\/?post_type=product&#038;p=3156"},"modified":"2026-04-29T19:33:59","modified_gmt":"2026-04-29T17:33:59","slug":"storl-unchbox-pojemnik-duza-sniadaniowka-swinka-peppa","status":"publish","type":"product","link":"http:\/\/klubmamgdynia.pl\/index.php\/produkt\/storl-unchbox-pojemnik-duza-sniadaniowka-swinka-peppa\/","title":{"rendered":"Storl Unchbox Pojemnik Du\u017ca \u015aniadani\u00f3wka \u015awinka Peppa"},"content":{"rendered":"<p>Lunchbox pojemnik du\u017ca \u015bniadani\u00f3wka &#8211; \u015awinka Peppa<\/p>\n<h2>Storl Unchbox Pojemnik Du\u017ca \u015aniadani\u00f3wka \u015awinka Peppa Stor<\/h2>\n<p>aniela znaczenie imienia, krotkie zagadki, quiz o stolicach europy, cytaty o rodzinie, pokemon do druku, tr\u00f3jmiasto atrakcje dla dzieci, mandale do druku, film o \u015bwi\u0119tach dla dzieci, kuchcikowo przepisy dla dzieci, zings kolorowanka, quiz dzieci z bullerbyn<\/p>\n<p>yyyyy<\/p>\n<p>&nbsp;<\/p>\n","protected":false},"excerpt":{"rendered":"<p>Lunchbox pojemnik du\u017ca \u015bniadani\u00f3wka &#8211; \u015awinka Peppa Storl Unchbox Pojemnik Du\u017ca \u015aniadani\u00f3wka \u015awinka Peppa Stor aniela znaczenie imienia, krotkie zagadki, quiz o stolicach europy, cytaty o rodzinie, pokemon do druku, tr\u00f3jmiasto atrakcje dla dzieci, mandale do druku, film o \u015bwi\u0119tach dla dzieci, kuchcikowo przepisy dla dzieci, zings kolorowanka, quiz dzieci z bullerbyn yyyyy &nbsp;<\/p>\n","protected":false},"featured_media":3157,"comment_status":"closed","ping_status":"open","template":"","meta":[],"product_cat":[215,1015],"product_tag":[753,855,678,609],"class_list":["post-3156","product","type-product","status-publish","has-post-thumbnail","hentry","product_cat-naczynia-i-sztucce-dla-dzieci","product_cat-stor","product_tag-kamila","product_tag-nietypowe-imiona-zenskie","product_tag-prezent-na-roczek-dla-dziewczynki","product_tag-quiz-flagi-europy"],"_links":{"self":[{"href":"http:\/\/klubmamgdynia.pl\/index.php\/wp-json\/wp\/v2\/product\/3156","targetHints":{"allow":["GET"]}}],"collection":[{"href":"http:\/\/klubmamgdynia.pl\/index.php\/wp-json\/wp\/v2\/product"}],"about":[{"href":"http:\/\/klubmamgdynia.pl\/index.php\/wp-json\/wp\/v2\/types\/product"}],"replies":[{"embeddable":true,"href":"http:\/\/klubmamgdynia.pl\/index.php\/wp-json\/wp\/v2\/comments?post=3156"}],"wp:featuredmedia":[{"embeddable":true,"href":"http:\/\/klubmamgdynia.pl\/index.php\/wp-json\/wp\/v2\/media\/3157"}],"wp:attachment":[{"href":"http:\/\/klubmamgdynia.pl\/index.php\/wp-json\/wp\/v2\/media?parent=3156"}],"wp:term":[{"taxonomy":"product_cat","embeddable":true,"href":"http:\/\/klubmamgdynia.pl\/index.php\/wp-json\/wp\/v2\/product_cat?post=3156"},{"taxonomy":"product_tag","embeddable":true,"href":"http:\/\/klubmamgdynia.pl\/index.php\/wp-json\/wp\/v2\/product_tag?post=3156"}],"curies":[{"name":"wp","href":"https:\/\/api.w.org\/{rel}","templated":true}]}}