{"id":3158,"date":"2022-01-25T04:13:12","date_gmt":"2022-01-25T03:13:12","guid":{"rendered":"http:\/\/klubmamgdynia.pl\/index.php\/produkt\/laktator-elektryczny-lionelo-care-fidi\/"},"modified":"2026-05-01T00:52:34","modified_gmt":"2026-04-30T22:52:34","slug":"laktator-elektryczny-lionelo-care-fidi","status":"publish","type":"product","link":"http:\/\/klubmamgdynia.pl\/index.php\/produkt\/laktator-elektryczny-lionelo-care-fidi\/","title":{"rendered":"Laktator Elektryczny Lionelo Care Fidi"},"content":{"rendered":"<p>Laktator elektryczny LIONELO CARE FIDIBez dodatku Bisfenolu-A15 poziom\u00f3w ssania10 poziom\u00f3w masa\u017cuU\u017cyteczny w domu i w podr\u00f3\u017cy (zasilanie USB, sieciowe i bateria)Technologia Phase Expression (imitacja ssania niemowlaka)Wy\u015bwietlacz LED pokazuj\u0105cy poziom ssania, masa\u017cu, bateriiMo\u017cliwo\u015b\u0107 stosowania butelek Philips Avent i Lovi\u0141atwa i intuicyjna obs\u0142ugaBardzo cicha praca urz\u0105dzeniaBogaty zestaw akcesori\u00f3wMa\u0142e rozmiaryPakiet Lionelo AssistanceSZEROKI ZAKRES REGULACJIDwufazowy laktator elektryczny LIONELO CARE FIDI pozwala na bardzo skuteczne i dok\u0142adne odci\u0105ganie pokarmu bez \u017cadnego wysi\u0142ku. Ssanie odbywa si\u0119 a\u017c w 15 trybach \u2013 od delikatnego po mocne i g\u0142\u0119bokie daj\u0105c Ci mo\u017cliwo\u015b\u0107 dostosowania laktatora do Twoich indywidualnych potrzeb.Fidi zosta\u0142 wyposa\u017cony dodatkowo w funkcj\u0119 10-stopniowego masa\u017cu stymuluj\u0105cego pobieranie pokarmu.WY\u015aWIETLACZ LEDUrz\u0105dzenie posiada wska\u017anik LED pokazuj\u0105cy poziom ssania, masa\u017cu oraz baterii. Dzi\u0119ki niemu \u0142atwo i szybko sprawdzisz ustawienia laktatora, r\u00f3wnie\u017c gdy jest ciemno. Dodaj\u0105c do tego bardzo cich\u0105 prac\u0119, urz\u0105dzenie pozwala na swobodny odpoczynek w czasie odci\u0105gania pokarmu i gwarantuje spokojny sen Twojego dziecka. Kompatybilny z innymi akcesoriami do karmienia i przechowywania pokarmu.PE\u0141NA AUTOMATYZACJALionelo Care Fidi to w pe\u0142ni zautomatyzowane urz\u0105dzenie dla ka\u017cdej mamy! Dzi\u0119ki cichej pracy i intuicyjnym przyciskom s\u0142u\u017c\u0105cym do regulacji mo\u017cliwe jest szybkie i komfortowe odessanie mleka niemal\u017ce w ka\u017cdym miejscu i momencie. Laktator zapewnia indywidualne dostosowanie si\u0142y ssania do Twoich potrzeb.ANTYBAKTERYJNA NAK\u0141ADKALaktator posiada \u0142atw\u0105 do utrzymania w czysto\u015bci, szybko zdejmowan\u0105, masuj\u0105c\u0105 nak\u0142adk\u0119 wykonan\u0105 z antybakteryjnego i przyjaznego dla sk\u00f3ry materia\u0142u.TRZY SPOSOBY ZASILANIATrzy typy zasilania (USB, sieciowe i bateria) umo\u017cliwiaj\u0105 stosowanie laktatora Fidi w ka\u017cdym miejscu i o ka\u017cdej porze.SMOCZEKPo odci\u0105gni\u0119ciu mleka rodzic mo\u017ce na\u0142o\u017cy\u0107 na butelk\u0119 za\u0142\u0105czony w zestawie smoczek i od razu poda\u0107 dziecku posi\u0142ek.POJEMNIKI NA MLEKOLaktator posiada wiele element\u00f3w wzbogacaj\u0105cych zestaw, na kt\u00f3ry sk\u0142ada si\u0119 mi\u0119dzy innymi 2 pojemniki na mleko o pojemno\u015bci 180 ml i buteleczka 180 ml. Do laktatora Lionelo Fidi pasuj\u0105 r\u00f3wnie\u017c inne dost\u0119pne na rynku butelki jak Philips Avent czy Lovi.INTUICYJNA OBS\u0141UGASprz\u0119t jest intuicyjny w obs\u0142udze i bardzo \u0142atwy w monta\u017cu. Korzystanie z niego jest szybkie i proste, dzi\u0119ki czemu zaoszcz\u0119dzi czas ka\u017cdej mamie.KOMPAKTOWE ROZMIARYMa\u0142e rozmiary urz\u0105dzenia pozwol\u0105 na zabranie laktatora w dowolne miejsce. Lionelo Care Fidi z \u0142atwo\u015bci\u0105 zabierzesz ze sob\u0105 w ka\u017cd\u0105 podr\u00f3\u017c.DWA POJEMNIKI NA MLEKOW sk\u0142ad laktatora wchodz\u0105 dwa pojemniki o pojemno\u015bci 180 ml wykonane z tworzywa wolnego od BPA. Na pojemnikach znajduje si\u0119 podzia\u0142ka w mililitrach oraz specjalna powierzchnia pozwalaj\u0105ca nanie\u015b\u0107 informacj\u0119 z dat\u0105 i godzin\u0105 odci\u0105gni\u0119cia pokarmu, dzi\u0119ki czemu mamy pewno\u015b\u0107 co do \u015bwie\u017co\u015bci podawanego pokarmu.SPECYFIKACJA TECHNICZNATryby ssania: 15 poziom\u00f3wTryby masa\u017cu: 10 poziom\u00f3wWska\u017anik mocy ssania: TakWska\u017anik mocy masa\u017cu: TakWska\u017anik baterii: TakTechnologia ssania: Phase Expression (imitacja ssania dziecka)Wykonanie: Przyjemne dla sk\u00f3ry tworzywo sztuczneZasilanie: Sieciowe lub akumulatorowe<\/p>\n<h2>Laktator Elektryczny Lionelo Care Fidi Lionelo<\/h2>\n<p>postacie z bajek, star wars kolorowanka, zagadki dla 7 latka, litera y do druku, melania imi\u0119, kolorowanki andrzejki do wydruku, ko\u0142ysanki dla dzieci + tekst, szlaczki dla dzieci<\/p>\n<p>yyyyy<\/p>\n<p>&nbsp;<\/p>\n","protected":false},"excerpt":{"rendered":"<p>Laktator elektryczny LIONELO CARE FIDIBez dodatku Bisfenolu-A15 poziom\u00f3w ssania10 poziom\u00f3w masa\u017cuU\u017cyteczny w domu i w podr\u00f3\u017cy (zasilanie USB, sieciowe i bateria)Technologia Phase Expression (imitacja ssania niemowlaka)Wy\u015bwietlacz LED pokazuj\u0105cy poziom ssania, masa\u017cu, bateriiMo\u017cliwo\u015b\u0107 stosowania butelek Philips Avent i Lovi\u0141atwa i intuicyjna obs\u0142ugaBardzo cicha praca urz\u0105dzeniaBogaty zestaw akcesori\u00f3wMa\u0142e rozmiaryPakiet Lionelo AssistanceSZEROKI ZAKRES REGULACJIDwufazowy laktator elektryczny LIONELO CARE [&hellip;]<\/p>\n","protected":false},"featured_media":3159,"comment_status":"closed","ping_status":"open","template":"","meta":[],"product_cat":[1016,967],"product_tag":[832,795,591,757,708,713],"class_list":["post-3158","product","type-product","status-publish","has-post-thumbnail","hentry","product_cat-laktatory","product_cat-lionelo","product_tag-desery-dla-dzieci","product_tag-mini-zoo-warszawa","product_tag-quiz-o-minecraft","product_tag-test-z-lektury-ania-z-zielonego-wzgorza-klasa-6-z-odpowiedziami","product_tag-zabawy-ruchowe-dla-dzieci","product_tag-zagadki-logiczne-z-odpowiedziami"],"_links":{"self":[{"href":"http:\/\/klubmamgdynia.pl\/index.php\/wp-json\/wp\/v2\/product\/3158","targetHints":{"allow":["GET"]}}],"collection":[{"href":"http:\/\/klubmamgdynia.pl\/index.php\/wp-json\/wp\/v2\/product"}],"about":[{"href":"http:\/\/klubmamgdynia.pl\/index.php\/wp-json\/wp\/v2\/types\/product"}],"replies":[{"embeddable":true,"href":"http:\/\/klubmamgdynia.pl\/index.php\/wp-json\/wp\/v2\/comments?post=3158"}],"wp:featuredmedia":[{"embeddable":true,"href":"http:\/\/klubmamgdynia.pl\/index.php\/wp-json\/wp\/v2\/media\/3159"}],"wp:attachment":[{"href":"http:\/\/klubmamgdynia.pl\/index.php\/wp-json\/wp\/v2\/media?parent=3158"}],"wp:term":[{"taxonomy":"product_cat","embeddable":true,"href":"http:\/\/klubmamgdynia.pl\/index.php\/wp-json\/wp\/v2\/product_cat?post=3158"},{"taxonomy":"product_tag","embeddable":true,"href":"http:\/\/klubmamgdynia.pl\/index.php\/wp-json\/wp\/v2\/product_tag?post=3158"}],"curies":[{"name":"wp","href":"https:\/\/api.w.org\/{rel}","templated":true}]}}