{"id":3160,"date":"2024-07-09T06:04:48","date_gmt":"2024-07-09T04:04:48","guid":{"rendered":"http:\/\/klubmamgdynia.pl\/?post_type=product&#038;p=3160"},"modified":"2026-04-26T11:09:57","modified_gmt":"2026-04-26T09:09:57","slug":"lapsi-duzy-pojemnik-pudelko-na-kolkach-zolty-mat","status":"publish","type":"product","link":"http:\/\/klubmamgdynia.pl\/index.php\/produkt\/lapsi-duzy-pojemnik-pudelko-na-kolkach-zolty-mat\/","title":{"rendered":"Lapsi Du\u017cy Pojemnik Pude\u0142ko Na K\u00f3\u0142kach \u017b\u00f3\u0142ty Mat"},"content":{"rendered":"<p>Niezwyk\u0142e pude\u0142ko dla niezwyk\u0142ych odkrywc\u00f3w.Utrzymaj porz\u0105dek w domu dzi\u0119ki pojemnikowi na zabawki firmy LAPSI\u00ae. !\u017b\u00f3\u0142ty matowy pojemnik Lapsi to doskona\u0142y produkt do pokoju dziecka. Idealnie sprawdzi si\u0119 jako pude\u0142ko na klocki, ksi\u0105\u017cki i inne zabawki.du\u017ca pojemno\u015b\u0107, a\u017c 50 litr\u00f3w!bardzo wytrzyma\u0142e i stabilne, system sze\u015bciu k\u00f3\u0142.prosty, nowoczesny kszta\u0142t, pasuj\u0105cy do ka\u017cdego wn\u0119trza.mo\u017cna uk\u0142ada\u0107 jedno pude\u0142ko na drugim, system BOX to BOX.6 k\u00f3\u0142ek , pozwala dziecku samodzielnie przesuwa\u0107 pude\u0142ko.posiada klap\u0119 zamykana na 2 zatrzaski \/ klipsy.wyprodukowane z bezpiecznych dla dziecka materia\u0142\u00f3w, bez BPA.Kolor : Z\u00d3\u0141TY MATBezpieczny, a przy tym trwa\u0142y!Pude\u0142ko zosta\u0142o wyprodukowane z bezpiecznych i trwa\u0142ych materia\u0142\u00f3w.\u017badnego BPA! Pojemnik jest do\u015b\u0107 lekki, ale stabilny i wytrzyma\u0142y. Dzi\u0119ki zamocowaniu, a\u017c 6 k\u00f3\u0142ek, dziecko samodzielnie mo\u017ce przesuwa\u0107 pojemnik i mie\u0107 swobodny dost\u0119p do swoich skarb\u00f3w!Wyposa\u017cony w klap\u0119 z wygodnym zamkni\u0119ciem!Praktyczna i wytrzyma\u0142a pokrywa zamykana na 2 klipsy. Dzi\u0119ki zamykanej pokrywie, nawet podczas przenoszenia wszystkie nasze rzeczy s\u0105 bezpieczne.Bardzo du\u017ca pojemno\u015b\u0107! A\u017c 50 litr\u00f3w!Przy nast\u0119puj\u0105cych wymiarach d\u0142ugo\u015b\u0107 57 cm, szeroko\u015b\u0107 36 cm, wysoko\u015b\u0107 29 cm, wysoko\u015b\u0107 z pokryw\u0105 31,5 cm, uda\u0142o nam si\u0119 uzyska\u0107 spor\u0105 pojemno\u015b\u0107.Pude\u0142ko doskonale sprawdzi si\u0119 r\u00f3wnie\u017c jako pojemnik w spi\u017carni, garderobie, a nawet w gara\u017cu czy piwnicy. Mo\u017cemy w nim przechowywa\u0107 zabawki do piaskownicy, a tak\u017ce ubrania lub buty.Mo\u017cliwo\u015b\u0107 stawiania jednego na drugim!Przy pomocy odpowiedniej formy klapy oraz dna pude\u0142ka, uda\u0142o si\u0119 osi\u0105gn\u0105\u0107 efekt &#8222;wie\u017cy&#8221;, pude\u0142ka mo\u017cna magazynowa\u0107 jedno na drugim.Pasuj\u0105cy do ka\u017cdego wn\u0119trza!Du\u017cy wyb\u00f3r kolor\u00f3w pozwoli ka\u017cdemu wybra\u0107 sw\u00f3j TOPOWY model!Nasze pojemniki genialnie pasuj\u0105 do nowoczesnych wn\u0119trz jak i przytulnych pokoi naszych pociech.Prawdziwy pomocnik w przechowywaniu.Nasz pojemnik doskonale nadaje si\u0119 do porz\u0105dkowania rzeczy osobistych r\u00f3wnie\u017c w garderobie i gara\u017cu. Zastosowa\u0144 nie ma ko\u0144ca a mocna konstrukcja pozwala na naprawd\u0119 du\u017co.Uwaga! Na tej aukcji kupujesz produkty w kolorze opisanym powy\u017cej. Aby zakupi\u0107 produkt w innym kolorze, nale\u017cy doda\u0107 do koszyka produkt z innej aukcji.<\/p>\n<h2>Lapsi Du\u017cy Pojemnik Pude\u0142ko Na K\u00f3\u0142kach \u017b\u00f3\u0142ty Mat <\/h2>\n<p>podchwytliwe zagadki z odpowiedziami, wyprawka warszawiaka 2021, domki z rolek po papierze toaletowym, przys\u0142owia o rodzinie<\/p>\n<p>yyyyy<\/p>\n<p>&nbsp;<\/p>\n","protected":false},"excerpt":{"rendered":"<p>Niezwyk\u0142e pude\u0142ko dla niezwyk\u0142ych odkrywc\u00f3w.Utrzymaj porz\u0105dek w domu dzi\u0119ki pojemnikowi na zabawki firmy LAPSI\u00ae. !\u017b\u00f3\u0142ty matowy pojemnik Lapsi to doskona\u0142y produkt do pokoju dziecka. Idealnie sprawdzi si\u0119 jako pude\u0142ko na klocki, ksi\u0105\u017cki i inne zabawki.du\u017ca pojemno\u015b\u0107, a\u017c 50 litr\u00f3w!bardzo wytrzyma\u0142e i stabilne, system sze\u015bciu k\u00f3\u0142.prosty, nowoczesny kszta\u0142t, pasuj\u0105cy do ka\u017cdego wn\u0119trza.mo\u017cna uk\u0142ada\u0107 jedno pude\u0142ko na [&hellip;]<\/p>\n","protected":false},"featured_media":3161,"comment_status":"closed","ping_status":"open","template":"","meta":[],"product_cat":[990],"product_tag":[640,726,843,710],"class_list":["post-3160","product","type-product","status-publish","has-post-thumbnail","hentry","product_cat-skrzynie-i-pojemniki-na-zabawki","product_tag-prezent-dla-rocznej-dziewczynki","product_tag-quiz-zemsta","product_tag-smieszne-zagadki-dla-dzieci","product_tag-zagadki-dla-dzieci-10-12-lat"],"_links":{"self":[{"href":"http:\/\/klubmamgdynia.pl\/index.php\/wp-json\/wp\/v2\/product\/3160","targetHints":{"allow":["GET"]}}],"collection":[{"href":"http:\/\/klubmamgdynia.pl\/index.php\/wp-json\/wp\/v2\/product"}],"about":[{"href":"http:\/\/klubmamgdynia.pl\/index.php\/wp-json\/wp\/v2\/types\/product"}],"replies":[{"embeddable":true,"href":"http:\/\/klubmamgdynia.pl\/index.php\/wp-json\/wp\/v2\/comments?post=3160"}],"wp:featuredmedia":[{"embeddable":true,"href":"http:\/\/klubmamgdynia.pl\/index.php\/wp-json\/wp\/v2\/media\/3161"}],"wp:attachment":[{"href":"http:\/\/klubmamgdynia.pl\/index.php\/wp-json\/wp\/v2\/media?parent=3160"}],"wp:term":[{"taxonomy":"product_cat","embeddable":true,"href":"http:\/\/klubmamgdynia.pl\/index.php\/wp-json\/wp\/v2\/product_cat?post=3160"},{"taxonomy":"product_tag","embeddable":true,"href":"http:\/\/klubmamgdynia.pl\/index.php\/wp-json\/wp\/v2\/product_tag?post=3160"}],"curies":[{"name":"wp","href":"https:\/\/api.w.org\/{rel}","templated":true}]}}